{"id":1015,"date":"2015-11-11T15:24:24","date_gmt":"2015-11-11T14:24:24","guid":{"rendered":"https:\/\/www.verre-equipements.fr\/en\/?page_id=1015"},"modified":"2020-11-08T18:11:18","modified_gmt":"2020-11-08T17:11:18","slug":"reacteur-thermostate-double-enveloppe","status":"publish","type":"page","link":"https:\/\/www.verre-equipements.fr\/en\/reacteur-thermostate-double-enveloppe.html","title":{"rendered":"R\u00e9acteur thermostat\u00e9 double enveloppe"},"content":{"rendered":"<div  class='flex_column av-av_three_fifth-2a9015ff38129c418a3f2eafba3e9512 av_three_fifth  avia-builder-el-0  el_before_av_two_fifth  avia-builder-el-first  first flex_column_div  '     ><section  class='av_textblock_section av-av_textblock-0366cc7376be6c9e82a3e9cc8987b64f '   itemscope=\"itemscope\" itemtype=\"https:\/\/schema.org\/CreativeWork\" ><div class='avia_textblock'  itemprop=\"text\" ><h3><span style=\"color: #3366ff;\">R\u00e9acteur thermostat\u00e9 double enveloppe<\/span><\/h3>\n<p>Nos <strong class=\"d2b\">r\u00e9acteurs en verre<\/strong> sont con\u00e7us int\u00e9gralement dans notre <strong class=\"d2b\">atelier de verrerie<\/strong> avec toutes sortes de possibilit\u00e9.<\/p>\n<p>Ils peuvent \u00eatre de diff\u00e9rentes formes et tailles diff\u00e9rentes avec des capacit\u00e9s allant de 20 ml jusqu\u2019\u00e0 50 litres<\/p>\n<p>Les connectiques pour la circulation de fluide dans la double enveloppe du <strong class=\"d2b\">r\u00e9acteur verrerie<\/strong> peuvent \u00eatre adapt\u00e9s selon votre besoin.<\/p>\n<ul>\n<li style=\"list-style-type: none;\">\n<ul>\n<li>Avec ou sans vanne de fond : Fermenteur ou vidange du contenu<\/li>\n<\/ul>\n<\/li>\n<\/ul>\n<ul>\n<li style=\"list-style-type: none;\">\n<ul>\n<li>Type pointeau rond ou plat (r\u00e9tention z\u00e9ro) joint Kalrez (travail haute T\u00b0 et r\u00e9sistance chimique)<\/li>\n<\/ul>\n<\/li>\n<\/ul>\n<ul>\n<li style=\"list-style-type: none;\">\n<ul>\n<li>Simple enveloppe \/ double enveloppe avec connectique de circulation de fluide \/ triple enveloppe avec un concept adiabatique<\/li>\n<\/ul>\n<\/li>\n<\/ul>\n<ul>\n<li style=\"list-style-type: none;\">\n<ul>\n<li>Bride Laboratoire DN60 \/ DN100 \/ DN120 \/ DN150 et DN200 avec gorge (pour accueillir un joint) ou plat (utilisation de la graisse) et autre bride des standard du laboratoire ou meme industriel<\/li>\n<\/ul>\n<\/li>\n<\/ul>\n<ul>\n<li style=\"list-style-type: none;\">\n<ul>\n<li>Bride sp\u00e9cifique moul\u00e9 sur mesure.<\/li>\n<\/ul>\n<\/li>\n<\/ul>\n<ul>\n<li style=\"list-style-type: none;\">\n<ul>\n<li>Circulation dans le cas d\u2019une double enveloppe par le biais de diff\u00e9rentes connectiques : Torion \/ GL \/ Olives \/Raccords Industriel etc&#8230;<\/li>\n<\/ul>\n<\/li>\n<\/ul>\n<ul>\n<li style=\"list-style-type: none;\">\n<ul>\n<li>Triple enveloppe sous vide primaire ou secondaire allant jusqu\u2019\u00e0 10-7 pour un maintient optimum de la temp\u00e9rature d\u2019\u00e9change<\/li>\n<\/ul>\n<\/li>\n<\/ul>\n<ul>\n<li style=\"list-style-type: none;\">\n<ul>\n<li>Fond de cuve interne du r\u00e9acteur : Plat \/ GRC ou semi rond (type indus) \/ rond<\/li>\n<\/ul>\n<\/li>\n<\/ul>\n<ul>\n<li style=\"list-style-type: none;\">\n<ul>\n<li>Possibilit\u00e9 de r\u00e9aliser des <strong class=\"d2b\">r\u00e9acteurs de verrerie \u00e0 brides auto-centreurs<\/strong> qui permettent d&#8217;ajuster le joint interm\u00e9diaire des brides plus facilement et ainsi de centrer automatiquement\u00a0 l\u2019agitation g\u00e9n\u00e9ral du r\u00e9acteur.<\/li>\n<\/ul>\n<\/li>\n<\/ul>\n<p>(Attention, ces r\u00e9acteurs s\u2019adaptent seulement avec des couvercles qui sont eux aussi auto-centreurs)<\/p>\n<\/div><\/section><br \/>\n<div  class='avia-video av-av_video-f7c46eb1894c4d8e93767257760167b0 avia-video-16-9 av-no-preview-image avia-video-load-always av-lazyload-immediate av-lazyload-video-embed'  itemprop=\"video\" itemtype=\"https:\/\/schema.org\/VideoObject\"  data-original_url='https:\/\/youtu.be\/fZpdfDk2D-w'><script type='text\/html' class='av-video-tmpl'><div class='avia-iframe-wrap'><iframe loading=\"lazy\" width=\"1500\" height=\"844\" src=\"https:\/\/www.youtube.com\/embed\/fZpdfDk2D-w?feature=oembed&autoplay=0&loop=0&controls=1&mute=0\" frameborder=\"0\" allowfullscreen><\/iframe><\/div><\/script><div class='av-click-to-play-overlay'><div class=\"avia_playpause_icon\"><\/div><\/div><\/div><br \/>\n<div  class='hr av-av_hr-dcd2069817a0e3d34ae04cad8f3443c7 hr-default  avia-builder-el-3  el_after_av_video  el_before_av_textblock '><span class='hr-inner '><span class=\"hr-inner-style\"><\/span><\/span><\/div><br \/>\n<section  class='av_textblock_section av-av_textblock-0366cc7376be6c9e82a3e9cc8987b64f '   itemscope=\"itemscope\" itemtype=\"https:\/\/schema.org\/CreativeWork\" ><div class='avia_textblock'  itemprop=\"text\" ><p><span style=\"color: #3366ff;\"><a style=\"color: #3366ff;\" href=\"https:\/\/www.verre-equipements.fr\/en\/demande-de-devis.html\">Nous contacter<\/a><\/span><\/p>\n<\/div><\/section><\/p><\/div><div  class='flex_column av-av_two_fifth-b51168870d26eac9084c0e2dc495efe0 av_two_fifth  avia-builder-el-5  el_after_av_three_fifth  avia-builder-el-last  flex_column_div  '     ><div id='av-masonry-1' class='av-masonry av-av_masonry_gallery-e3371321f14da5bfa6f0aa850661fe05 noHover av-flex-size av-1px-gap av-hover-overlay-active av-masonry-animation-active av-masonry-col-2 av-caption-always av-caption-style- av-masonry-gallery ' data-post_id=\"1015\"><div class=\"av-masonry-container isotope av-js-disabled\"><div class='av-masonry-entry isotope-item av-masonry-item-no-image '><\/div><a href=\"https:\/\/www.verre-equipements.fr\/en\/wp-content\/uploads\/sites\/2\/2016\/12\/reacteur-double-enveloppe-bride-svl-verre-equipements-borosilicate-816.jpg\"  aria-label=\"image R\u00e9acteur double enveloppe bride SVL\"  id='av-masonry-1-item-1332' data-av-masonry-item='1332' class='av-masonry-entry isotope-item post-1332 attachment type-attachment status-inherit hentry  av-masonry-item-with-image' title=\"\" alt=\"R\u00e9acteur double enveloppe bride SVL\"    itemprop=\"thumbnailUrl\" ><div class='av-inner-masonry-sizer'><\/div><figure class='av-inner-masonry main_color'><div class=\"av-masonry-outerimage-container\"><div class='av-masonry-image-container'  ><img decoding=\"async\" width=\"288\" height=\"425\" fetchpriority=\"high\" class=\"wp-image-1332 avia-img-lazy-loading-not-1332\"  src=\"https:\/\/www.verre-equipements.fr\/en\/wp-content\/uploads\/sites\/2\/2016\/12\/reacteur-double-enveloppe-bride-svl-verre-equipements-borosilicate-816.jpg\" title=\"\" alt=\"R\u00e9acteur double enveloppe bride SVL\" srcset=\"https:\/\/www.verre-equipements.fr\/en\/wp-content\/uploads\/sites\/2\/2016\/12\/reacteur-double-enveloppe-bride-svl-verre-equipements-borosilicate-816.jpg 288w, https:\/\/www.verre-equipements.fr\/en\/wp-content\/uploads\/sites\/2\/2016\/12\/reacteur-double-enveloppe-bride-svl-verre-equipements-borosilicate-816-203x300.jpg 203w\" sizes=\"(max-width: 288px) 100vw, 288px\" \/><\/div><\/div><\/figure><\/a><!--end av-masonry entry--><a href=\"https:\/\/www.verre-equipements.fr\/en\/wp-content\/uploads\/sites\/2\/2019\/12\/IMG_1117-562x1030.jpg\"  aria-label=\"image IMG_1117\"  id='av-masonry-1-item-1977' data-av-masonry-item='1977' class='av-masonry-entry isotope-item post-1977 attachment type-attachment status-inherit hentry  av-masonry-item-with-image' title=\"IMG_1117\" alt=\"\"    itemprop=\"thumbnailUrl\" ><div class='av-inner-masonry-sizer'><\/div><figure class='av-inner-masonry main_color'><div class=\"av-masonry-outerimage-container\"><div class='av-masonry-image-container'  ><img decoding=\"async\" width=\"385\" height=\"705\" fetchpriority=\"high\" class=\"wp-image-1977 avia-img-lazy-loading-not-1977\"  src=\"https:\/\/www.verre-equipements.fr\/en\/wp-content\/uploads\/sites\/2\/2019\/12\/IMG_1117-385x705.jpg\" title=\"IMG_1117\" alt=\"\" srcset=\"https:\/\/www.verre-equipements.fr\/en\/wp-content\/uploads\/sites\/2\/2019\/12\/IMG_1117-385x705.jpg 385w, https:\/\/www.verre-equipements.fr\/en\/wp-content\/uploads\/sites\/2\/2019\/12\/IMG_1117-164x300.jpg 164w, https:\/\/www.verre-equipements.fr\/en\/wp-content\/uploads\/sites\/2\/2019\/12\/IMG_1117-562x1030.jpg 562w, https:\/\/www.verre-equipements.fr\/en\/wp-content\/uploads\/sites\/2\/2019\/12\/IMG_1117-450x824.jpg 450w, https:\/\/www.verre-equipements.fr\/en\/wp-content\/uploads\/sites\/2\/2019\/12\/IMG_1117.jpg 750w\" sizes=\"(max-width: 385px) 100vw, 385px\" \/><\/div><\/div><\/figure><\/a><!--end av-masonry entry--><a href=\"https:\/\/www.verre-equipements.fr\/en\/wp-content\/uploads\/sites\/2\/2019\/12\/IMG_1116-699x1030.jpg\"  aria-label=\"image IMG_1116\"  id='av-masonry-1-item-1976' data-av-masonry-item='1976' class='av-masonry-entry isotope-item post-1976 attachment type-attachment status-inherit hentry  av-masonry-item-with-image' title=\"IMG_1116\" alt=\"\"    itemprop=\"thumbnailUrl\" ><div class='av-inner-masonry-sizer'><\/div><figure class='av-inner-masonry main_color'><div class=\"av-masonry-outerimage-container\"><div class='av-masonry-image-container'  ><img decoding=\"async\" width=\"478\" height=\"705\" fetchpriority=\"high\" class=\"wp-image-1976 avia-img-lazy-loading-not-1976\"  src=\"https:\/\/www.verre-equipements.fr\/en\/wp-content\/uploads\/sites\/2\/2019\/12\/IMG_1116-478x705.jpg\" title=\"IMG_1116\" alt=\"\" srcset=\"https:\/\/www.verre-equipements.fr\/en\/wp-content\/uploads\/sites\/2\/2019\/12\/IMG_1116-478x705.jpg 478w, https:\/\/www.verre-equipements.fr\/en\/wp-content\/uploads\/sites\/2\/2019\/12\/IMG_1116-204x300.jpg 204w, https:\/\/www.verre-equipements.fr\/en\/wp-content\/uploads\/sites\/2\/2019\/12\/IMG_1116-699x1030.jpg 699w, https:\/\/www.verre-equipements.fr\/en\/wp-content\/uploads\/sites\/2\/2019\/12\/IMG_1116-450x663.jpg 450w, https:\/\/www.verre-equipements.fr\/en\/wp-content\/uploads\/sites\/2\/2019\/12\/IMG_1116.jpg 749w\" sizes=\"(max-width: 478px) 100vw, 478px\" \/><\/div><\/div><\/figure><\/a><!--end av-masonry entry--><a href=\"https:\/\/www.verre-equipements.fr\/en\/wp-content\/uploads\/sites\/2\/2019\/07\/contre-pale-teflon-reacteur-verre-equipements.jpg\"  aria-label=\"image contre pale teflon reacteur verre equipements\"  id='av-masonry-1-item-1659' data-av-masonry-item='1659' class='av-masonry-entry isotope-item post-1659 attachment type-attachment status-inherit hentry  av-masonry-item-with-image' title=\"contre pale teflon reacteur verre equipements\" alt=\"contre pale teflon reacteur verre equipements\"    itemprop=\"thumbnailUrl\" ><div class='av-inner-masonry-sizer'><\/div><figure class='av-inner-masonry main_color'><div class=\"av-masonry-outerimage-container\"><div class='av-masonry-image-container'  ><img decoding=\"async\" width=\"437\" height=\"558\" fetchpriority=\"high\" class=\"wp-image-1659 avia-img-lazy-loading-not-1659\"  src=\"https:\/\/www.verre-equipements.fr\/en\/wp-content\/uploads\/sites\/2\/2019\/07\/contre-pale-teflon-reacteur-verre-equipements.jpg\" title=\"contre pale teflon reacteur verre equipements\" alt=\"contre pale teflon reacteur verre equipements\" srcset=\"https:\/\/www.verre-equipements.fr\/en\/wp-content\/uploads\/sites\/2\/2019\/07\/contre-pale-teflon-reacteur-verre-equipements.jpg 437w, https:\/\/www.verre-equipements.fr\/en\/wp-content\/uploads\/sites\/2\/2019\/07\/contre-pale-teflon-reacteur-verre-equipements-235x300.jpg 235w\" sizes=\"(max-width: 437px) 100vw, 437px\" \/><\/div><\/div><\/figure><\/a><!--end av-masonry entry--><a href=\"https:\/\/www.verre-equipements.fr\/en\/wp-content\/uploads\/sites\/2\/2016\/02\/Racteur-thermostat\u00e9-double-enveloppe-circulation-torion-borosilicate-verre-equipements.jpg\"  aria-label=\"image Racteur thermostat\u00e9 double enveloppe circulation torion borosilicate verre equipements\"  id='av-masonry-1-item-1165' data-av-masonry-item='1165' class='av-masonry-entry isotope-item post-1165 attachment type-attachment status-inherit hentry  av-masonry-item-with-image' title=\"Racteur thermostat\u00e9 double enveloppe circulation torion borosilicate verre equipements\" alt=\"R\u00e9acteur verre thermostat\u00e9 double enveloppe\"    itemprop=\"thumbnailUrl\" ><div class='av-inner-masonry-sizer'><\/div><figure class='av-inner-masonry main_color'><div class=\"av-masonry-outerimage-container\"><div class='av-masonry-image-container'  ><img decoding=\"async\" width=\"525\" height=\"384\" fetchpriority=\"high\" class=\"wp-image-1165 avia-img-lazy-loading-not-1165\"  src=\"https:\/\/www.verre-equipements.fr\/en\/wp-content\/uploads\/sites\/2\/2016\/02\/Racteur-thermostat\u00e9-double-enveloppe-circulation-torion-borosilicate-verre-equipements.jpg\" title=\"Racteur thermostat\u00e9 double enveloppe circulation torion borosilicate verre equipements\" alt=\"R\u00e9acteur verre thermostat\u00e9 double enveloppe\" srcset=\"https:\/\/www.verre-equipements.fr\/en\/wp-content\/uploads\/sites\/2\/2016\/02\/Racteur-thermostat\u00e9-double-enveloppe-circulation-torion-borosilicate-verre-equipements.jpg 525w, https:\/\/www.verre-equipements.fr\/en\/wp-content\/uploads\/sites\/2\/2016\/02\/Racteur-thermostat\u00e9-double-enveloppe-circulation-torion-borosilicate-verre-equipements-300x219.jpg 300w, https:\/\/www.verre-equipements.fr\/en\/wp-content\/uploads\/sites\/2\/2016\/02\/Racteur-thermostat\u00e9-double-enveloppe-circulation-torion-borosilicate-verre-equipements-450x329.jpg 450w\" sizes=\"(max-width: 525px) 100vw, 525px\" \/><\/div><\/div><\/figure><\/a><!--end av-masonry entry--><a href=\"https:\/\/www.verre-equipements.fr\/en\/wp-content\/uploads\/sites\/2\/2016\/02\/12733516_1027796807283576_6786486468412148297_n.jpg\"  aria-label=\"image 12733516_1027796807283576_6786486468412148297_n\"  id='av-masonry-1-item-1139' data-av-masonry-item='1139' class='av-masonry-entry isotope-item post-1139 attachment type-attachment status-inherit hentry  av-masonry-item-with-image' title=\"12733516_1027796807283576_6786486468412148297_n\" alt=\"reacteur thermostat\u00e9 montage complet verre equipements\"    itemprop=\"thumbnailUrl\" ><div class='av-inner-masonry-sizer'><\/div><figure class='av-inner-masonry main_color'><div class=\"av-masonry-outerimage-container\"><div class='av-masonry-image-container'  ><img decoding=\"async\" width=\"380\" height=\"705\" fetchpriority=\"high\" class=\"wp-image-1139 avia-img-lazy-loading-not-1139\"  src=\"https:\/\/www.verre-equipements.fr\/en\/wp-content\/uploads\/sites\/2\/2016\/02\/12733516_1027796807283576_6786486468412148297_n-380x705.jpg\" title=\"12733516_1027796807283576_6786486468412148297_n\" alt=\"reacteur thermostat\u00e9 montage complet verre equipements\" srcset=\"https:\/\/www.verre-equipements.fr\/en\/wp-content\/uploads\/sites\/2\/2016\/02\/12733516_1027796807283576_6786486468412148297_n-380x705.jpg 380w, https:\/\/www.verre-equipements.fr\/en\/wp-content\/uploads\/sites\/2\/2016\/02\/12733516_1027796807283576_6786486468412148297_n-162x300.jpg 162w, https:\/\/www.verre-equipements.fr\/en\/wp-content\/uploads\/sites\/2\/2016\/02\/12733516_1027796807283576_6786486468412148297_n-450x834.jpg 450w, https:\/\/www.verre-equipements.fr\/en\/wp-content\/uploads\/sites\/2\/2016\/02\/12733516_1027796807283576_6786486468412148297_n.jpg 518w\" sizes=\"(max-width: 380px) 100vw, 380px\" \/><\/div><\/div><\/figure><\/a><!--end av-masonry entry--><a href=\"https:\/\/www.verre-equipements.fr\/en\/wp-content\/uploads\/sites\/2\/2015\/05\/reacteur-50ml-double-enveloppe-thermostat\u00e9-contre-pale-gradu\u00e9-borosilicate.jpg\"  aria-label=\"image reacteur 50ml double enveloppe thermostat\u00e9 contre pale gradu\u00e9 borosilicate\"  id='av-masonry-1-item-878' data-av-masonry-item='878' class='av-masonry-entry isotope-item post-878 attachment type-attachment status-inherit hentry  av-masonry-item-with-image' title=\"reacteur 50ml double enveloppe thermostat\u00e9 contre pale gradu\u00e9 borosilicate\" alt=\"\"    itemprop=\"thumbnailUrl\" ><div class='av-inner-masonry-sizer'><\/div><figure class='av-inner-masonry main_color'><div class=\"av-masonry-outerimage-container\"><div class='av-masonry-image-container'  ><img decoding=\"async\" width=\"336\" height=\"500\" fetchpriority=\"high\" class=\"wp-image-878 avia-img-lazy-loading-not-878\"  src=\"https:\/\/www.verre-equipements.fr\/en\/wp-content\/uploads\/sites\/2\/2015\/05\/reacteur-50ml-double-enveloppe-thermostat\u00e9-contre-pale-gradu\u00e9-borosilicate.jpg\" title=\"reacteur 50ml double enveloppe thermostat\u00e9 contre pale gradu\u00e9 borosilicate\" alt=\"\" srcset=\"https:\/\/www.verre-equipements.fr\/en\/wp-content\/uploads\/sites\/2\/2015\/05\/reacteur-50ml-double-enveloppe-thermostat\u00e9-contre-pale-gradu\u00e9-borosilicate.jpg 336w, https:\/\/www.verre-equipements.fr\/en\/wp-content\/uploads\/sites\/2\/2015\/05\/reacteur-50ml-double-enveloppe-thermostat\u00e9-contre-pale-gradu\u00e9-borosilicate-202x300.jpg 202w\" sizes=\"(max-width: 336px) 100vw, 336px\" \/><\/div><\/div><\/figure><\/a><!--end av-masonry entry--><a href=\"https:\/\/www.verre-equipements.fr\/en\/wp-content\/uploads\/sites\/2\/2015\/05\/reacteur-double-enveloppe-thermostat\u00e9-borosilicate-kalrez.jpg\"  aria-label=\"image reacteur double enveloppe thermostat\u00e9 borosilicate kalrez\"  id='av-masonry-1-item-877' data-av-masonry-item='877' class='av-masonry-entry isotope-item post-877 attachment type-attachment status-inherit hentry  av-masonry-item-with-image' title=\"reacteur double enveloppe thermostat\u00e9 borosilicate kalrez\" alt=\"\"    itemprop=\"thumbnailUrl\" ><div class='av-inner-masonry-sizer'><\/div><figure class='av-inner-masonry main_color'><div class=\"av-masonry-outerimage-container\"><div class='av-masonry-image-container'  ><img decoding=\"async\" width=\"336\" height=\"500\" fetchpriority=\"high\" class=\"wp-image-877 avia-img-lazy-loading-not-877\"  src=\"https:\/\/www.verre-equipements.fr\/en\/wp-content\/uploads\/sites\/2\/2015\/05\/reacteur-double-enveloppe-thermostat\u00e9-borosilicate-kalrez.jpg\" title=\"reacteur double enveloppe thermostat\u00e9 borosilicate kalrez\" alt=\"\" srcset=\"https:\/\/www.verre-equipements.fr\/en\/wp-content\/uploads\/sites\/2\/2015\/05\/reacteur-double-enveloppe-thermostat\u00e9-borosilicate-kalrez.jpg 336w, https:\/\/www.verre-equipements.fr\/en\/wp-content\/uploads\/sites\/2\/2015\/05\/reacteur-double-enveloppe-thermostat\u00e9-borosilicate-kalrez-202x300.jpg 202w\" sizes=\"(max-width: 336px) 100vw, 336px\" \/><\/div><\/div><\/figure><\/a><!--end av-masonry entry--><\/div><\/div><\/div><\/p>\n","protected":false},"excerpt":{"rendered":"","protected":false},"author":1,"featured_media":0,"parent":0,"menu_order":0,"comment_status":"closed","ping_status":"closed","template":"","meta":{"footnotes":""},"class_list":["post-1015","page","type-page","status-publish","hentry"],"yoast_head":"<!-- This site is optimized with the Yoast SEO plugin v17.8 - https:\/\/yoast.com\/wordpress\/plugins\/seo\/ -->\n<title>R\u00e9acteur thermostat\u00e9 double enveloppe, fabricant r\u00e9acteur verrerie<\/title>\n<meta name=\"description\" content=\"Verre Equipements fabrique des r\u00e9acteurs thermostat\u00e9s sur mesure en double enveloppe. Contactez-nous pour en savoir plus et demander votre devis.\" \/>\n<meta name=\"robots\" content=\"noindex, follow\" \/>\n<meta property=\"og:locale\" content=\"en_GB\" \/>\n<meta property=\"og:type\" content=\"article\" \/>\n<meta property=\"og:title\" content=\"R\u00e9acteur thermostat\u00e9 double enveloppe, fabricant r\u00e9acteur verrerie\" \/>\n<meta property=\"og:description\" content=\"Verre Equipements fabrique des r\u00e9acteurs thermostat\u00e9s sur mesure en double enveloppe. Contactez-nous pour en savoir plus et demander votre devis.\" \/>\n<meta property=\"og:url\" content=\"https:\/\/www.verre-equipements.fr\/en\/reacteur-thermostate-double-enveloppe.html\" \/>\n<meta property=\"og:site_name\" content=\"Verre Equipement Anglais\" \/>\n<meta property=\"article:modified_time\" content=\"2020-11-08T17:11:18+00:00\" \/>\n<meta name=\"twitter:card\" content=\"summary_large_image\" \/>\n<meta name=\"twitter:label1\" content=\"Estimated reading time\" \/>\n\t<meta name=\"twitter:data1\" content=\"2 minutes\" \/>\n<script type=\"application\/ld+json\" class=\"yoast-schema-graph\">{\"@context\":\"https:\/\/schema.org\",\"@graph\":[{\"@type\":\"WebSite\",\"@id\":\"https:\/\/www.verre-equipements.fr\/en\/#website\",\"url\":\"https:\/\/www.verre-equipements.fr\/en\/\",\"name\":\"Verre Equipement Anglais\",\"description\":\"Fabrication verrerie laboratoire et industrie\",\"potentialAction\":[{\"@type\":\"SearchAction\",\"target\":{\"@type\":\"EntryPoint\",\"urlTemplate\":\"https:\/\/www.verre-equipements.fr\/en\/?s={search_term_string}\"},\"query-input\":\"required name=search_term_string\"}],\"inLanguage\":\"en-GB\"},{\"@type\":\"WebPage\",\"@id\":\"https:\/\/www.verre-equipements.fr\/en\/reacteur-thermostate-double-enveloppe.html#webpage\",\"url\":\"https:\/\/www.verre-equipements.fr\/en\/reacteur-thermostate-double-enveloppe.html\",\"name\":\"R\\u00e9acteur thermostat\\u00e9 double enveloppe, fabricant r\\u00e9acteur verrerie\",\"isPartOf\":{\"@id\":\"https:\/\/www.verre-equipements.fr\/en\/#website\"},\"datePublished\":\"2015-11-11T14:24:24+00:00\",\"dateModified\":\"2020-11-08T17:11:18+00:00\",\"description\":\"Verre Equipements fabrique des r\\u00e9acteurs thermostat\\u00e9s sur mesure en double enveloppe. Contactez-nous pour en savoir plus et demander votre devis.\",\"breadcrumb\":{\"@id\":\"https:\/\/www.verre-equipements.fr\/en\/reacteur-thermostate-double-enveloppe.html#breadcrumb\"},\"inLanguage\":\"en-GB\",\"potentialAction\":[{\"@type\":\"ReadAction\",\"target\":[\"https:\/\/www.verre-equipements.fr\/en\/reacteur-thermostate-double-enveloppe.html\"]}]},{\"@type\":\"BreadcrumbList\",\"@id\":\"https:\/\/www.verre-equipements.fr\/en\/reacteur-thermostate-double-enveloppe.html#breadcrumb\",\"itemListElement\":[{\"@type\":\"ListItem\",\"position\":1,\"name\":\"Accueil\",\"item\":\"https:\/\/www.verre-equipements.fr\/en\/\"},{\"@type\":\"ListItem\",\"position\":2,\"name\":\"R\\u00e9acteur thermostat\\u00e9 double enveloppe\"}]}]}<\/script>\n<!-- \/ Yoast SEO plugin. -->","yoast_head_json":{"title":"R\u00e9acteur thermostat\u00e9 double enveloppe, fabricant r\u00e9acteur verrerie","description":"Verre Equipements fabrique des r\u00e9acteurs thermostat\u00e9s sur mesure en double enveloppe. Contactez-nous pour en savoir plus et demander votre devis.","robots":{"index":"noindex","follow":"follow"},"og_locale":"en_GB","og_type":"article","og_title":"R\u00e9acteur thermostat\u00e9 double enveloppe, fabricant r\u00e9acteur verrerie","og_description":"Verre Equipements fabrique des r\u00e9acteurs thermostat\u00e9s sur mesure en double enveloppe. Contactez-nous pour en savoir plus et demander votre devis.","og_url":"https:\/\/www.verre-equipements.fr\/en\/reacteur-thermostate-double-enveloppe.html","og_site_name":"Verre Equipement Anglais","article_modified_time":"2020-11-08T17:11:18+00:00","twitter_card":"summary_large_image","twitter_misc":{"Estimated reading time":"2 minutes"},"schema":{"@context":"https:\/\/schema.org","@graph":[{"@type":"WebSite","@id":"https:\/\/www.verre-equipements.fr\/en\/#website","url":"https:\/\/www.verre-equipements.fr\/en\/","name":"Verre Equipement Anglais","description":"Fabrication verrerie laboratoire et industrie","potentialAction":[{"@type":"SearchAction","target":{"@type":"EntryPoint","urlTemplate":"https:\/\/www.verre-equipements.fr\/en\/?s={search_term_string}"},"query-input":"required name=search_term_string"}],"inLanguage":"en-GB"},{"@type":"WebPage","@id":"https:\/\/www.verre-equipements.fr\/en\/reacteur-thermostate-double-enveloppe.html#webpage","url":"https:\/\/www.verre-equipements.fr\/en\/reacteur-thermostate-double-enveloppe.html","name":"R\u00e9acteur thermostat\u00e9 double enveloppe, fabricant r\u00e9acteur verrerie","isPartOf":{"@id":"https:\/\/www.verre-equipements.fr\/en\/#website"},"datePublished":"2015-11-11T14:24:24+00:00","dateModified":"2020-11-08T17:11:18+00:00","description":"Verre Equipements fabrique des r\u00e9acteurs thermostat\u00e9s sur mesure en double enveloppe. Contactez-nous pour en savoir plus et demander votre devis.","breadcrumb":{"@id":"https:\/\/www.verre-equipements.fr\/en\/reacteur-thermostate-double-enveloppe.html#breadcrumb"},"inLanguage":"en-GB","potentialAction":[{"@type":"ReadAction","target":["https:\/\/www.verre-equipements.fr\/en\/reacteur-thermostate-double-enveloppe.html"]}]},{"@type":"BreadcrumbList","@id":"https:\/\/www.verre-equipements.fr\/en\/reacteur-thermostate-double-enveloppe.html#breadcrumb","itemListElement":[{"@type":"ListItem","position":1,"name":"Accueil","item":"https:\/\/www.verre-equipements.fr\/en\/"},{"@type":"ListItem","position":2,"name":"R\u00e9acteur thermostat\u00e9 double enveloppe"}]}]}},"_links":{"self":[{"href":"https:\/\/www.verre-equipements.fr\/en\/wp-json\/wp\/v2\/pages\/1015","targetHints":{"allow":["GET"]}}],"collection":[{"href":"https:\/\/www.verre-equipements.fr\/en\/wp-json\/wp\/v2\/pages"}],"about":[{"href":"https:\/\/www.verre-equipements.fr\/en\/wp-json\/wp\/v2\/types\/page"}],"author":[{"embeddable":true,"href":"https:\/\/www.verre-equipements.fr\/en\/wp-json\/wp\/v2\/users\/1"}],"replies":[{"embeddable":true,"href":"https:\/\/www.verre-equipements.fr\/en\/wp-json\/wp\/v2\/comments?post=1015"}],"version-history":[{"count":10,"href":"https:\/\/www.verre-equipements.fr\/en\/wp-json\/wp\/v2\/pages\/1015\/revisions"}],"predecessor-version":[{"id":1663,"href":"https:\/\/www.verre-equipements.fr\/en\/wp-json\/wp\/v2\/pages\/1015\/revisions\/1663"}],"wp:attachment":[{"href":"https:\/\/www.verre-equipements.fr\/en\/wp-json\/wp\/v2\/media?parent=1015"}],"curies":[{"name":"wp","href":"https:\/\/api.w.org\/{rel}","templated":true}]}}