{"id":1169,"date":"2016-03-18T16:06:24","date_gmt":"2016-03-18T15:06:24","guid":{"rendered":"https:\/\/www.verre-equipements.fr\/en\/?page_id=1169"},"modified":"2020-11-08T18:09:48","modified_gmt":"2020-11-08T17:09:48","slug":"tete-de-colonne","status":"publish","type":"page","link":"https:\/\/www.verre-equipements.fr\/en\/tete-de-colonne.html","title":{"rendered":"T\u00eate de Colonne"},"content":{"rendered":"<div  class='flex_column av-av_one_half-2a9015ff38129c418a3f2eafba3e9512 av_one_half  avia-builder-el-0  el_before_av_one_half  avia-builder-el-first  first flex_column_div  '     ><p><div  class='hr av-av_hr-dcd2069817a0e3d34ae04cad8f3443c7 hr-default  avia-builder-el-1  el_before_av_textblock  avia-builder-el-first '><span class='hr-inner '><span class=\"hr-inner-style\"><\/span><\/span><\/div><br \/>\n<section  class='av_textblock_section av-av_textblock-0366cc7376be6c9e82a3e9cc8987b64f '   itemscope=\"itemscope\" itemtype=\"https:\/\/schema.org\/CreativeWork\" ><div class='avia_textblock'  itemprop=\"text\" ><p>T\u00eate de colonne<\/p>\n<\/div><\/section><br \/>\n<div  class='hr av-av_hr-dcd2069817a0e3d34ae04cad8f3443c7 hr-default  avia-builder-el-3  el_after_av_textblock  el_before_av_textblock '><span class='hr-inner '><span class=\"hr-inner-style\"><\/span><\/span><\/div><br \/>\n<section  class='av_textblock_section av-av_textblock-0366cc7376be6c9e82a3e9cc8987b64f '   itemscope=\"itemscope\" itemtype=\"https:\/\/schema.org\/CreativeWork\" ><div class='avia_textblock'  itemprop=\"text\" ><p><a href=\"https:\/\/www.verre-equipements.fr\/en\/demande-de-devis.html\"><span style=\"color: #3366ff;\">Nous contacter<\/span><\/a><\/p>\n<\/div><\/section><\/p><\/div><div  class='flex_column av-av_one_half-b51168870d26eac9084c0e2dc495efe0 av_one_half  avia-builder-el-5  el_after_av_one_half  avia-builder-el-last  flex_column_div  '     ><style type=\"text\/css\" data-created_by=\"avia_inline_auto\" id=\"style-css-av-av_image-99830cfa766a30a9e17dd3878c2214e2\">\n.avia-image-container.av-av_image-99830cfa766a30a9e17dd3878c2214e2 img.avia_image{\nbox-shadow:none;\n}\n.avia-image-container.av-av_image-99830cfa766a30a9e17dd3878c2214e2 .av-image-caption-overlay-center{\ncolor:#ffffff;\n}\n<\/style>\n<div  class='avia-image-container av-av_image-99830cfa766a30a9e17dd3878c2214e2 av-styling- avia-align-center  avia-builder-el-6  avia-builder-el-no-sibling '   itemprop=\"image\" itemscope=\"itemscope\" itemtype=\"https:\/\/schema.org\/ImageObject\" ><div class=\"avia-image-container-inner\"><div class=\"avia-image-overlay-wrap\"><img fetchpriority=\"high\" class='wp-image-1170 avia-img-lazy-loading-not-1170 avia_image ' src='https:\/\/www.verre-equipements.fr\/en\/wp-content\/uploads\/sites\/2\/2016\/03\/tete-de-colone-supraline-clapet-borosilicate-verre-equipements.jpg' alt='T\u00eate de colonne verre' title='tete-de-colone-supraline-clapet-borosilicate-verre-equipements'  height=\"389\" width=\"581\"  itemprop=\"thumbnailUrl\"  \/><\/div><\/div><\/div><\/div><\/p>\n","protected":false},"excerpt":{"rendered":"","protected":false},"author":1,"featured_media":0,"parent":0,"menu_order":0,"comment_status":"closed","ping_status":"closed","template":"","meta":{"footnotes":""},"class_list":["post-1169","page","type-page","status-publish","hentry"],"yoast_head":"<!-- This site is optimized with the Yoast SEO plugin v17.8 - https:\/\/yoast.com\/wordpress\/plugins\/seo\/ -->\n<title>Fabricant t\u00eate de colonne verre<\/title>\n<meta name=\"description\" content=\"Verre Equipements vous propose la t\u00eate de colonne : consultez-nous pour la fabrication de t\u00eates de colonne personnalis\u00e9es.\" \/>\n<meta name=\"robots\" content=\"noindex, follow\" \/>\n<meta property=\"og:locale\" content=\"en_GB\" \/>\n<meta property=\"og:type\" content=\"article\" \/>\n<meta property=\"og:title\" content=\"Fabricant t\u00eate de colonne verre\" \/>\n<meta property=\"og:description\" content=\"Verre Equipements vous propose la t\u00eate de colonne : consultez-nous pour la fabrication de t\u00eates de colonne personnalis\u00e9es.\" \/>\n<meta property=\"og:url\" content=\"https:\/\/www.verre-equipements.fr\/en\/tete-de-colonne.html\" \/>\n<meta property=\"og:site_name\" content=\"Verre Equipement Anglais\" \/>\n<meta property=\"article:modified_time\" content=\"2020-11-08T17:09:48+00:00\" \/>\n<meta name=\"twitter:card\" content=\"summary_large_image\" \/>\n<meta name=\"twitter:label1\" content=\"Estimated reading time\" \/>\n\t<meta name=\"twitter:data1\" content=\"1 minute\" \/>\n<script type=\"application\/ld+json\" class=\"yoast-schema-graph\">{\"@context\":\"https:\/\/schema.org\",\"@graph\":[{\"@type\":\"WebSite\",\"@id\":\"https:\/\/www.verre-equipements.fr\/en\/#website\",\"url\":\"https:\/\/www.verre-equipements.fr\/en\/\",\"name\":\"Verre Equipement Anglais\",\"description\":\"Fabrication verrerie laboratoire et industrie\",\"potentialAction\":[{\"@type\":\"SearchAction\",\"target\":{\"@type\":\"EntryPoint\",\"urlTemplate\":\"https:\/\/www.verre-equipements.fr\/en\/?s={search_term_string}\"},\"query-input\":\"required name=search_term_string\"}],\"inLanguage\":\"en-GB\"},{\"@type\":\"WebPage\",\"@id\":\"https:\/\/www.verre-equipements.fr\/en\/tete-de-colonne.html#webpage\",\"url\":\"https:\/\/www.verre-equipements.fr\/en\/tete-de-colonne.html\",\"name\":\"Fabricant t\\u00eate de colonne verre\",\"isPartOf\":{\"@id\":\"https:\/\/www.verre-equipements.fr\/en\/#website\"},\"datePublished\":\"2016-03-18T15:06:24+00:00\",\"dateModified\":\"2020-11-08T17:09:48+00:00\",\"description\":\"Verre Equipements vous propose la t\\u00eate de colonne : consultez-nous pour la fabrication de t\\u00eates de colonne personnalis\\u00e9es.\",\"breadcrumb\":{\"@id\":\"https:\/\/www.verre-equipements.fr\/en\/tete-de-colonne.html#breadcrumb\"},\"inLanguage\":\"en-GB\",\"potentialAction\":[{\"@type\":\"ReadAction\",\"target\":[\"https:\/\/www.verre-equipements.fr\/en\/tete-de-colonne.html\"]}]},{\"@type\":\"BreadcrumbList\",\"@id\":\"https:\/\/www.verre-equipements.fr\/en\/tete-de-colonne.html#breadcrumb\",\"itemListElement\":[{\"@type\":\"ListItem\",\"position\":1,\"name\":\"Accueil\",\"item\":\"https:\/\/www.verre-equipements.fr\/en\/\"},{\"@type\":\"ListItem\",\"position\":2,\"name\":\"T\\u00eate de Colonne\"}]}]}<\/script>\n<!-- \/ Yoast SEO plugin. -->","yoast_head_json":{"title":"Fabricant t\u00eate de colonne verre","description":"Verre Equipements vous propose la t\u00eate de colonne : consultez-nous pour la fabrication de t\u00eates de colonne personnalis\u00e9es.","robots":{"index":"noindex","follow":"follow"},"og_locale":"en_GB","og_type":"article","og_title":"Fabricant t\u00eate de colonne verre","og_description":"Verre Equipements vous propose la t\u00eate de colonne : consultez-nous pour la fabrication de t\u00eates de colonne personnalis\u00e9es.","og_url":"https:\/\/www.verre-equipements.fr\/en\/tete-de-colonne.html","og_site_name":"Verre Equipement Anglais","article_modified_time":"2020-11-08T17:09:48+00:00","twitter_card":"summary_large_image","twitter_misc":{"Estimated reading time":"1 minute"},"schema":{"@context":"https:\/\/schema.org","@graph":[{"@type":"WebSite","@id":"https:\/\/www.verre-equipements.fr\/en\/#website","url":"https:\/\/www.verre-equipements.fr\/en\/","name":"Verre Equipement Anglais","description":"Fabrication verrerie laboratoire et industrie","potentialAction":[{"@type":"SearchAction","target":{"@type":"EntryPoint","urlTemplate":"https:\/\/www.verre-equipements.fr\/en\/?s={search_term_string}"},"query-input":"required name=search_term_string"}],"inLanguage":"en-GB"},{"@type":"WebPage","@id":"https:\/\/www.verre-equipements.fr\/en\/tete-de-colonne.html#webpage","url":"https:\/\/www.verre-equipements.fr\/en\/tete-de-colonne.html","name":"Fabricant t\u00eate de colonne verre","isPartOf":{"@id":"https:\/\/www.verre-equipements.fr\/en\/#website"},"datePublished":"2016-03-18T15:06:24+00:00","dateModified":"2020-11-08T17:09:48+00:00","description":"Verre Equipements vous propose la t\u00eate de colonne : consultez-nous pour la fabrication de t\u00eates de colonne personnalis\u00e9es.","breadcrumb":{"@id":"https:\/\/www.verre-equipements.fr\/en\/tete-de-colonne.html#breadcrumb"},"inLanguage":"en-GB","potentialAction":[{"@type":"ReadAction","target":["https:\/\/www.verre-equipements.fr\/en\/tete-de-colonne.html"]}]},{"@type":"BreadcrumbList","@id":"https:\/\/www.verre-equipements.fr\/en\/tete-de-colonne.html#breadcrumb","itemListElement":[{"@type":"ListItem","position":1,"name":"Accueil","item":"https:\/\/www.verre-equipements.fr\/en\/"},{"@type":"ListItem","position":2,"name":"T\u00eate de Colonne"}]}]}},"_links":{"self":[{"href":"https:\/\/www.verre-equipements.fr\/en\/wp-json\/wp\/v2\/pages\/1169","targetHints":{"allow":["GET"]}}],"collection":[{"href":"https:\/\/www.verre-equipements.fr\/en\/wp-json\/wp\/v2\/pages"}],"about":[{"href":"https:\/\/www.verre-equipements.fr\/en\/wp-json\/wp\/v2\/types\/page"}],"author":[{"embeddable":true,"href":"https:\/\/www.verre-equipements.fr\/en\/wp-json\/wp\/v2\/users\/1"}],"replies":[{"embeddable":true,"href":"https:\/\/www.verre-equipements.fr\/en\/wp-json\/wp\/v2\/comments?post=1169"}],"version-history":[{"count":3,"href":"https:\/\/www.verre-equipements.fr\/en\/wp-json\/wp\/v2\/pages\/1169\/revisions"}],"predecessor-version":[{"id":1376,"href":"https:\/\/www.verre-equipements.fr\/en\/wp-json\/wp\/v2\/pages\/1169\/revisions\/1376"}],"wp:attachment":[{"href":"https:\/\/www.verre-equipements.fr\/en\/wp-json\/wp\/v2\/media?parent=1169"}],"curies":[{"name":"wp","href":"https:\/\/api.w.org\/{rel}","templated":true}]}}