{"id":1173,"date":"2016-03-21T17:25:10","date_gmt":"2016-03-21T16:25:10","guid":{"rendered":"https:\/\/www.verre-equipements.fr\/en\/?page_id=1173"},"modified":"2020-11-08T18:09:39","modified_gmt":"2020-11-08T17:09:39","slug":"film-racleur","status":"publish","type":"page","link":"https:\/\/www.verre-equipements.fr\/en\/film-racleur.html","title":{"rendered":"Film racleur ou \u00e9vaporateur rotatif"},"content":{"rendered":"<div  class='flex_column av-av_one_half-2a9015ff38129c418a3f2eafba3e9512 av_one_half  avia-builder-el-0  el_before_av_one_half  avia-builder-el-first  first flex_column_div  '     ><section  class='av_textblock_section av-av_textblock-0366cc7376be6c9e82a3e9cc8987b64f '   itemscope=\"itemscope\" itemtype=\"https:\/\/schema.org\/CreativeWork\" ><div class='avia_textblock'  itemprop=\"text\" ><h2>Film Racleur ou \u00e9vaporateur rotatif<\/h2>\n<\/div><\/section><br \/>\n<div  class='hr av-av_hr-dcd2069817a0e3d34ae04cad8f3443c7 hr-default  avia-builder-el-2  el_after_av_textblock  el_before_av_textblock '><span class='hr-inner '><span class=\"hr-inner-style\"><\/span><\/span><\/div><br \/>\n<section  class='av_textblock_section av-av_textblock-0366cc7376be6c9e82a3e9cc8987b64f '   itemscope=\"itemscope\" itemtype=\"https:\/\/schema.org\/CreativeWork\" ><div class='avia_textblock'  itemprop=\"text\" ><h3>Le <strong>Film racleur<\/strong> ou <strong>Evaporateur rotatif Thin Film<\/strong> ou <strong>Evaporateur rotatif Short Path<\/strong><\/h3>\n<p>Pour la s\u00e9paration de produits fragiles, ces dispositifs permettent des distillations \u00e0 la fois sous pression r\u00e9duite et avec des dur\u00e9es d\u2019exposition \u00e0 la chaleur les plus r\u00e9duites possibles.<\/p>\n<p>Les produits \u00e0 s\u00e9parer seront introduits par le haut de l\u2019<strong>\u00e9vaporateur<\/strong>, parfois par une ampoule thermostat\u00e9e afin de les pr\u00e9chauffer et de les maintenir \u00e0 une viscosit\u00e9 adapt\u00e9e.<\/p>\n<p>La double enveloppe principale est chauff\u00e9e par fluide caloporteur \u00e0 une temp\u00e9rature pouvant atteindre 250\u00b0C.<\/p>\n<p>Un palier d\u2019agitation \u00e0 grande \u00e9tanch\u00e9it\u00e9, souvent magn\u00e9tique permet de mettre en rotation rapide les galets rotatifs qui viennent plaquer la pr\u00e9paration \u00e0 distiller sur la paroi chauffante : Le fameux \u00ab thin film \u00bb : la couche mince de pr\u00e9paration qui va pouvoir s\u2019\u00e9vaporer tr\u00e8s rapidement.<\/p>\n<p>Une pompe \u00e0 vide, souvent pr\u00e9c\u00e9d\u00e9e d\u2019un pi\u00e8ge froid compl\u00e8te le dispositif.<\/p>\n<p>Il y a deux types principaux d\u2019<strong>\u00e9vaporateurs rotatifs en verre<\/strong> :<\/p>\n<ul>\n<li><strong>L\u2019\u00e9vaporateur THIN FILM<\/strong> (\u00e0 couche mince)<br \/>\nLa condensation des distillats les plus volatils se fait au moyen d\u2019un condenseur externe, plac\u00e9 entre l\u2019<strong>\u00e9vaporateur<\/strong> et le pi\u00e8ge froid. Tandis que les r\u00e9sidus les plus lourds sont r\u00e9cup\u00e9r\u00e9s \u00e0 la base de l\u2019\u00e9vaporateur.<\/li>\n<li>L\u2019<strong>\u00e9vaporateur SHORT PATH<\/strong> (court s\u00e9jour ou chemin) appel\u00e9 aussi \u00e9vaporateur mol\u00e9culaire<br \/>\nCet \u00e9vaporateur comporte en son centre un doigt r\u00e9frig\u00e9r\u00e9 qui assure un temps et une distance minimale entre les zones d\u2019\u00e9vaporation et de condensation.<br \/>\nIl est privil\u00e9gi\u00e9 pour sa capacit\u00e9 \u00e0 pr\u00e9server les produits susceptibles de se d\u00e9grader avec la chaleur<br \/>\nLes distillats sont r\u00e9cup\u00e9r\u00e9s s\u00e9par\u00e9ment \u00e0 la base de l\u2019<strong>\u00e9vaporateur rotatif ou film racleur<\/strong>.<\/li>\n<\/ul>\n<\/div><\/section><br \/>\n<div  class='hr av-av_hr-dcd2069817a0e3d34ae04cad8f3443c7 hr-default  avia-builder-el-4  el_after_av_textblock  el_before_av_textblock '><span class='hr-inner '><span class=\"hr-inner-style\"><\/span><\/span><\/div><br \/>\n<section  class='av_textblock_section av-av_textblock-0366cc7376be6c9e82a3e9cc8987b64f '   itemscope=\"itemscope\" itemtype=\"https:\/\/schema.org\/CreativeWork\" ><div class='avia_textblock'  itemprop=\"text\" ><p><span style=\"color: #3366ff;\"><a style=\"color: #3366ff;\" href=\"https:\/\/www.verre-equipements.fr\/en\/demande-de-devis.html\">Nous contacter<\/a><\/span><\/p>\n<\/div><\/section><\/p><\/div><div  class='flex_column av-av_one_half-b51168870d26eac9084c0e2dc495efe0 av_one_half  avia-builder-el-6  el_after_av_one_half  avia-builder-el-last  flex_column_div  '     ><p>\n<style type=\"text\/css\" data-created_by=\"avia_inline_auto\" id=\"style-css-av-av_image-10144a6fcbd29d9b8df48d20286c95c5\">\n.avia-image-container.av-av_image-10144a6fcbd29d9b8df48d20286c95c5 img.avia_image{\nbox-shadow:none;\n}\n.avia-image-container.av-av_image-10144a6fcbd29d9b8df48d20286c95c5 .av-image-caption-overlay-center{\ncolor:#ffffff;\n}\n<\/style>\n<div  class='avia-image-container av-av_image-10144a6fcbd29d9b8df48d20286c95c5 av-styling- avia-align-center  avia-builder-el-7  el_before_av_image  avia-builder-el-first '   itemprop=\"image\" itemscope=\"itemscope\" itemtype=\"https:\/\/schema.org\/ImageObject\" ><div class=\"avia-image-container-inner\"><div class=\"avia-image-overlay-wrap\"><img fetchpriority=\"high\" class='wp-image-1177 avia-img-lazy-loading-not-1177 avia_image ' src='https:\/\/www.verre-equipements.fr\/en\/wp-content\/uploads\/sites\/2\/2016\/03\/Film-racleur-borosilicate-verre-equipements.jpg' alt='Film racleur borosilicate, \u00e9vaporateur rotatif en verre' title='Film racleur borosilicate verre equipements'  height=\"389\" width=\"581\"  itemprop=\"thumbnailUrl\"  \/><\/div><\/div><\/div><br \/>\n\n<style type=\"text\/css\" data-created_by=\"avia_inline_auto\" id=\"style-css-av-av_image-39c0ebe7f1e848db97468657466aa54b\">\n.avia-image-container.av-av_image-39c0ebe7f1e848db97468657466aa54b img.avia_image{\nbox-shadow:none;\n}\n.avia-image-container.av-av_image-39c0ebe7f1e848db97468657466aa54b .av-image-caption-overlay-center{\ncolor:#ffffff;\n}\n<\/style>\n<div  class='avia-image-container av-av_image-39c0ebe7f1e848db97468657466aa54b av-styling- avia-align-center  avia-builder-el-8  el_after_av_image  avia-builder-el-last '   itemprop=\"image\" itemscope=\"itemscope\" itemtype=\"https:\/\/schema.org\/ImageObject\" ><div class=\"avia-image-container-inner\"><div class=\"avia-image-overlay-wrap\"><img fetchpriority=\"high\" class='wp-image-1176 avia-img-lazy-loading-not-1176 avia_image ' src='https:\/\/www.verre-equipements.fr\/en\/wp-content\/uploads\/sites\/2\/2016\/03\/tete-de-film-racleur-rodaviss-borosilicate-verre-equipements.jpg' alt='Evaporateur rotatif verre' title=''  height=\"346\" width=\"725\"  itemprop=\"thumbnailUrl\"  \/><\/div><\/div><\/div><\/p><\/div><\/p>\n","protected":false},"excerpt":{"rendered":"","protected":false},"author":1,"featured_media":0,"parent":0,"menu_order":0,"comment_status":"closed","ping_status":"closed","template":"","meta":{"footnotes":""},"class_list":["post-1173","page","type-page","status-publish","hentry"],"yoast_head":"<!-- This site is optimized with the Yoast SEO plugin v17.8 - https:\/\/yoast.com\/wordpress\/plugins\/seo\/ -->\n<title>Film racleur, \u00e9vaporateur rotatif en verre, \u00e9vaporateur thin film, short path<\/title>\n<meta name=\"description\" content=\"Verre Equipements vous propose le film racleur ou \u00e9vaporateur rotatif en verre. Contactez-nous pour obtenir un devis et les sp\u00e9cifications d\u00e9taill\u00e9es.\" \/>\n<meta name=\"robots\" content=\"noindex, follow\" \/>\n<meta property=\"og:locale\" content=\"en_GB\" \/>\n<meta property=\"og:type\" content=\"article\" \/>\n<meta property=\"og:title\" content=\"Film racleur, \u00e9vaporateur rotatif en verre, \u00e9vaporateur thin film, short path\" \/>\n<meta property=\"og:description\" content=\"Verre Equipements vous propose le film racleur ou \u00e9vaporateur rotatif en verre. Contactez-nous pour obtenir un devis et les sp\u00e9cifications d\u00e9taill\u00e9es.\" \/>\n<meta property=\"og:url\" content=\"https:\/\/www.verre-equipements.fr\/en\/film-racleur.html\" \/>\n<meta property=\"og:site_name\" content=\"Verre Equipement Anglais\" \/>\n<meta property=\"article:modified_time\" content=\"2020-11-08T17:09:39+00:00\" \/>\n<meta name=\"twitter:card\" content=\"summary_large_image\" \/>\n<meta name=\"twitter:label1\" content=\"Estimated reading time\" \/>\n\t<meta name=\"twitter:data1\" content=\"3 minutes\" \/>\n<script type=\"application\/ld+json\" class=\"yoast-schema-graph\">{\"@context\":\"https:\/\/schema.org\",\"@graph\":[{\"@type\":\"WebSite\",\"@id\":\"https:\/\/www.verre-equipements.fr\/en\/#website\",\"url\":\"https:\/\/www.verre-equipements.fr\/en\/\",\"name\":\"Verre Equipement Anglais\",\"description\":\"Fabrication verrerie laboratoire et industrie\",\"potentialAction\":[{\"@type\":\"SearchAction\",\"target\":{\"@type\":\"EntryPoint\",\"urlTemplate\":\"https:\/\/www.verre-equipements.fr\/en\/?s={search_term_string}\"},\"query-input\":\"required name=search_term_string\"}],\"inLanguage\":\"en-GB\"},{\"@type\":\"WebPage\",\"@id\":\"https:\/\/www.verre-equipements.fr\/en\/film-racleur.html#webpage\",\"url\":\"https:\/\/www.verre-equipements.fr\/en\/film-racleur.html\",\"name\":\"Film racleur, \\u00e9vaporateur rotatif en verre, \\u00e9vaporateur thin film, short path\",\"isPartOf\":{\"@id\":\"https:\/\/www.verre-equipements.fr\/en\/#website\"},\"datePublished\":\"2016-03-21T16:25:10+00:00\",\"dateModified\":\"2020-11-08T17:09:39+00:00\",\"description\":\"Verre Equipements vous propose le film racleur ou \\u00e9vaporateur rotatif en verre. Contactez-nous pour obtenir un devis et les sp\\u00e9cifications d\\u00e9taill\\u00e9es.\",\"breadcrumb\":{\"@id\":\"https:\/\/www.verre-equipements.fr\/en\/film-racleur.html#breadcrumb\"},\"inLanguage\":\"en-GB\",\"potentialAction\":[{\"@type\":\"ReadAction\",\"target\":[\"https:\/\/www.verre-equipements.fr\/en\/film-racleur.html\"]}]},{\"@type\":\"BreadcrumbList\",\"@id\":\"https:\/\/www.verre-equipements.fr\/en\/film-racleur.html#breadcrumb\",\"itemListElement\":[{\"@type\":\"ListItem\",\"position\":1,\"name\":\"Accueil\",\"item\":\"https:\/\/www.verre-equipements.fr\/en\/\"},{\"@type\":\"ListItem\",\"position\":2,\"name\":\"Film racleur ou \\u00e9vaporateur rotatif\"}]}]}<\/script>\n<!-- \/ Yoast SEO plugin. -->","yoast_head_json":{"title":"Film racleur, \u00e9vaporateur rotatif en verre, \u00e9vaporateur thin film, short path","description":"Verre Equipements vous propose le film racleur ou \u00e9vaporateur rotatif en verre. Contactez-nous pour obtenir un devis et les sp\u00e9cifications d\u00e9taill\u00e9es.","robots":{"index":"noindex","follow":"follow"},"og_locale":"en_GB","og_type":"article","og_title":"Film racleur, \u00e9vaporateur rotatif en verre, \u00e9vaporateur thin film, short path","og_description":"Verre Equipements vous propose le film racleur ou \u00e9vaporateur rotatif en verre. Contactez-nous pour obtenir un devis et les sp\u00e9cifications d\u00e9taill\u00e9es.","og_url":"https:\/\/www.verre-equipements.fr\/en\/film-racleur.html","og_site_name":"Verre Equipement Anglais","article_modified_time":"2020-11-08T17:09:39+00:00","twitter_card":"summary_large_image","twitter_misc":{"Estimated reading time":"3 minutes"},"schema":{"@context":"https:\/\/schema.org","@graph":[{"@type":"WebSite","@id":"https:\/\/www.verre-equipements.fr\/en\/#website","url":"https:\/\/www.verre-equipements.fr\/en\/","name":"Verre Equipement Anglais","description":"Fabrication verrerie laboratoire et industrie","potentialAction":[{"@type":"SearchAction","target":{"@type":"EntryPoint","urlTemplate":"https:\/\/www.verre-equipements.fr\/en\/?s={search_term_string}"},"query-input":"required name=search_term_string"}],"inLanguage":"en-GB"},{"@type":"WebPage","@id":"https:\/\/www.verre-equipements.fr\/en\/film-racleur.html#webpage","url":"https:\/\/www.verre-equipements.fr\/en\/film-racleur.html","name":"Film racleur, \u00e9vaporateur rotatif en verre, \u00e9vaporateur thin film, short path","isPartOf":{"@id":"https:\/\/www.verre-equipements.fr\/en\/#website"},"datePublished":"2016-03-21T16:25:10+00:00","dateModified":"2020-11-08T17:09:39+00:00","description":"Verre Equipements vous propose le film racleur ou \u00e9vaporateur rotatif en verre. Contactez-nous pour obtenir un devis et les sp\u00e9cifications d\u00e9taill\u00e9es.","breadcrumb":{"@id":"https:\/\/www.verre-equipements.fr\/en\/film-racleur.html#breadcrumb"},"inLanguage":"en-GB","potentialAction":[{"@type":"ReadAction","target":["https:\/\/www.verre-equipements.fr\/en\/film-racleur.html"]}]},{"@type":"BreadcrumbList","@id":"https:\/\/www.verre-equipements.fr\/en\/film-racleur.html#breadcrumb","itemListElement":[{"@type":"ListItem","position":1,"name":"Accueil","item":"https:\/\/www.verre-equipements.fr\/en\/"},{"@type":"ListItem","position":2,"name":"Film racleur ou \u00e9vaporateur rotatif"}]}]}},"_links":{"self":[{"href":"https:\/\/www.verre-equipements.fr\/en\/wp-json\/wp\/v2\/pages\/1173","targetHints":{"allow":["GET"]}}],"collection":[{"href":"https:\/\/www.verre-equipements.fr\/en\/wp-json\/wp\/v2\/pages"}],"about":[{"href":"https:\/\/www.verre-equipements.fr\/en\/wp-json\/wp\/v2\/types\/page"}],"author":[{"embeddable":true,"href":"https:\/\/www.verre-equipements.fr\/en\/wp-json\/wp\/v2\/users\/1"}],"replies":[{"embeddable":true,"href":"https:\/\/www.verre-equipements.fr\/en\/wp-json\/wp\/v2\/comments?post=1173"}],"version-history":[{"count":8,"href":"https:\/\/www.verre-equipements.fr\/en\/wp-json\/wp\/v2\/pages\/1173\/revisions"}],"predecessor-version":[{"id":1181,"href":"https:\/\/www.verre-equipements.fr\/en\/wp-json\/wp\/v2\/pages\/1173\/revisions\/1181"}],"wp:attachment":[{"href":"https:\/\/www.verre-equipements.fr\/en\/wp-json\/wp\/v2\/media?parent=1173"}],"curies":[{"name":"wp","href":"https:\/\/api.w.org\/{rel}","templated":true}]}}