{"id":1223,"date":"2016-05-23T16:55:50","date_gmt":"2016-05-23T15:55:50","guid":{"rendered":"https:\/\/www.verre-equipements.fr\/en\/?page_id=1223"},"modified":"2020-11-08T16:14:23","modified_gmt":"2020-11-08T15:14:23","slug":"clapet-anti-retour","status":"publish","type":"page","link":"https:\/\/www.verre-equipements.fr\/en\/clapet-anti-retour.html","title":{"rendered":"Clapet anti-retour"},"content":{"rendered":"<div  class='flex_column av-av_one_half-2a9015ff38129c418a3f2eafba3e9512 av_one_half  avia-builder-el-0  el_before_av_one_half  avia-builder-el-first  first flex_column_div  '     ><p><div  class='hr av-av_hr-dcd2069817a0e3d34ae04cad8f3443c7 hr-default  avia-builder-el-1  el_before_av_textblock  avia-builder-el-first '><span class='hr-inner '><span class=\"hr-inner-style\"><\/span><\/span><\/div><br \/>\n<section  class='av_textblock_section av-av_textblock-0366cc7376be6c9e82a3e9cc8987b64f '   itemscope=\"itemscope\" itemtype=\"https:\/\/schema.org\/CreativeWork\" ><div class='avia_textblock'  itemprop=\"text\" ><p>Le <strong>clapet anti-retour<\/strong> est un syst\u00e8me en <strong>verre<\/strong> est destin\u00e9e \u00e0 emp\u00eacher les liquides et les gaz de repartir en sens inverse<\/p>\n<p>Le <strong>clapet<\/strong> est constitu\u00e9 d\u2019un si\u00e8ge ainsi qu\u2019une partie amovible, qui assurera l\u2019\u00e9tanch\u00e9it\u00e9 au fonctionnement du clapet. Il peu t\u00eatre en verre ou en c\u00e9ramique (bille).<\/p>\n<p>Lors du passage de gaz ou de liquide, le clapet s&#8217;ouvre est ce bloque sur une pointe vigreux ou un ressort d&#8217;absorption de choc et lorsque le compos\u00e9e veut repartir en sens inverse, il se repose sur le si\u00e8ge et fait obstruction.<\/p>\n<p>Certains <strong>clapets anti-retour<\/strong> sont doubles mais nous ne sommes pas sur une efficacit\u00e9 de 100%<\/p>\n<p>On peut trouver des clapets sur des bulleurs, des circuits d\u2019alimentation,\u2026<\/p>\n<\/div><\/section><br \/>\n<div  class='hr av-av_hr-dcd2069817a0e3d34ae04cad8f3443c7 hr-default  avia-builder-el-3  el_after_av_textblock  el_before_av_textblock '><span class='hr-inner '><span class=\"hr-inner-style\"><\/span><\/span><\/div><br \/>\n<section  class='av_textblock_section av-av_textblock-0366cc7376be6c9e82a3e9cc8987b64f '   itemscope=\"itemscope\" itemtype=\"https:\/\/schema.org\/CreativeWork\" ><div class='avia_textblock'  itemprop=\"text\" ><p><span style=\"color: #3366ff;\"><a style=\"color: #3366ff;\" href=\"https:\/\/www.verre-equipements.fr\/en\/demande-de-devis.html\">Nous contacter<\/a><\/span><\/p>\n<\/div><\/section><\/p><\/div><div  class='flex_column av-av_one_half-b51168870d26eac9084c0e2dc495efe0 av_one_half  avia-builder-el-5  el_after_av_one_half  avia-builder-el-last  flex_column_div  '     ><\/div><\/p>\n","protected":false},"excerpt":{"rendered":"","protected":false},"author":1,"featured_media":0,"parent":0,"menu_order":0,"comment_status":"closed","ping_status":"closed","template":"","meta":{"footnotes":""},"class_list":["post-1223","page","type-page","status-publish","hentry"],"yoast_head":"<!-- This site is optimized with the Yoast SEO plugin v17.8 - https:\/\/yoast.com\/wordpress\/plugins\/seo\/ -->\n<title>Fabricant clapet anti-retour, clapet en verre, \u00e9quipements labo<\/title>\n<meta name=\"description\" content=\"Verre Equipements fabrique des clapets anti-retour pour vos applications industrielles et de recherche. Contactez-nous pour un devis.\" \/>\n<meta name=\"robots\" content=\"noindex, follow\" \/>\n<meta property=\"og:locale\" content=\"en_GB\" \/>\n<meta property=\"og:type\" content=\"article\" \/>\n<meta property=\"og:title\" content=\"Fabricant clapet anti-retour, clapet en verre, \u00e9quipements labo\" \/>\n<meta property=\"og:description\" content=\"Verre Equipements fabrique des clapets anti-retour pour vos applications industrielles et de recherche. Contactez-nous pour un devis.\" \/>\n<meta property=\"og:url\" content=\"https:\/\/www.verre-equipements.fr\/en\/clapet-anti-retour.html\" \/>\n<meta property=\"og:site_name\" content=\"Verre Equipement Anglais\" \/>\n<meta property=\"article:modified_time\" content=\"2020-11-08T15:14:23+00:00\" \/>\n<meta name=\"twitter:card\" content=\"summary_large_image\" \/>\n<meta name=\"twitter:label1\" content=\"Estimated reading time\" \/>\n\t<meta name=\"twitter:data1\" content=\"1 minute\" \/>\n<script type=\"application\/ld+json\" class=\"yoast-schema-graph\">{\"@context\":\"https:\/\/schema.org\",\"@graph\":[{\"@type\":\"WebSite\",\"@id\":\"https:\/\/www.verre-equipements.fr\/en\/#website\",\"url\":\"https:\/\/www.verre-equipements.fr\/en\/\",\"name\":\"Verre Equipement Anglais\",\"description\":\"Fabrication verrerie laboratoire et industrie\",\"potentialAction\":[{\"@type\":\"SearchAction\",\"target\":{\"@type\":\"EntryPoint\",\"urlTemplate\":\"https:\/\/www.verre-equipements.fr\/en\/?s={search_term_string}\"},\"query-input\":\"required name=search_term_string\"}],\"inLanguage\":\"en-GB\"},{\"@type\":\"WebPage\",\"@id\":\"https:\/\/www.verre-equipements.fr\/en\/clapet-anti-retour.html#webpage\",\"url\":\"https:\/\/www.verre-equipements.fr\/en\/clapet-anti-retour.html\",\"name\":\"Fabricant clapet anti-retour, clapet en verre, \\u00e9quipements labo\",\"isPartOf\":{\"@id\":\"https:\/\/www.verre-equipements.fr\/en\/#website\"},\"datePublished\":\"2016-05-23T15:55:50+00:00\",\"dateModified\":\"2020-11-08T15:14:23+00:00\",\"description\":\"Verre Equipements fabrique des clapets anti-retour pour vos applications industrielles et de recherche. Contactez-nous pour un devis.\",\"breadcrumb\":{\"@id\":\"https:\/\/www.verre-equipements.fr\/en\/clapet-anti-retour.html#breadcrumb\"},\"inLanguage\":\"en-GB\",\"potentialAction\":[{\"@type\":\"ReadAction\",\"target\":[\"https:\/\/www.verre-equipements.fr\/en\/clapet-anti-retour.html\"]}]},{\"@type\":\"BreadcrumbList\",\"@id\":\"https:\/\/www.verre-equipements.fr\/en\/clapet-anti-retour.html#breadcrumb\",\"itemListElement\":[{\"@type\":\"ListItem\",\"position\":1,\"name\":\"Accueil\",\"item\":\"https:\/\/www.verre-equipements.fr\/en\/\"},{\"@type\":\"ListItem\",\"position\":2,\"name\":\"Clapet anti-retour\"}]}]}<\/script>\n<!-- \/ Yoast SEO plugin. -->","yoast_head_json":{"title":"Fabricant clapet anti-retour, clapet en verre, \u00e9quipements labo","description":"Verre Equipements fabrique des clapets anti-retour pour vos applications industrielles et de recherche. Contactez-nous pour un devis.","robots":{"index":"noindex","follow":"follow"},"og_locale":"en_GB","og_type":"article","og_title":"Fabricant clapet anti-retour, clapet en verre, \u00e9quipements labo","og_description":"Verre Equipements fabrique des clapets anti-retour pour vos applications industrielles et de recherche. Contactez-nous pour un devis.","og_url":"https:\/\/www.verre-equipements.fr\/en\/clapet-anti-retour.html","og_site_name":"Verre Equipement Anglais","article_modified_time":"2020-11-08T15:14:23+00:00","twitter_card":"summary_large_image","twitter_misc":{"Estimated reading time":"1 minute"},"schema":{"@context":"https:\/\/schema.org","@graph":[{"@type":"WebSite","@id":"https:\/\/www.verre-equipements.fr\/en\/#website","url":"https:\/\/www.verre-equipements.fr\/en\/","name":"Verre Equipement Anglais","description":"Fabrication verrerie laboratoire et industrie","potentialAction":[{"@type":"SearchAction","target":{"@type":"EntryPoint","urlTemplate":"https:\/\/www.verre-equipements.fr\/en\/?s={search_term_string}"},"query-input":"required name=search_term_string"}],"inLanguage":"en-GB"},{"@type":"WebPage","@id":"https:\/\/www.verre-equipements.fr\/en\/clapet-anti-retour.html#webpage","url":"https:\/\/www.verre-equipements.fr\/en\/clapet-anti-retour.html","name":"Fabricant clapet anti-retour, clapet en verre, \u00e9quipements labo","isPartOf":{"@id":"https:\/\/www.verre-equipements.fr\/en\/#website"},"datePublished":"2016-05-23T15:55:50+00:00","dateModified":"2020-11-08T15:14:23+00:00","description":"Verre Equipements fabrique des clapets anti-retour pour vos applications industrielles et de recherche. Contactez-nous pour un devis.","breadcrumb":{"@id":"https:\/\/www.verre-equipements.fr\/en\/clapet-anti-retour.html#breadcrumb"},"inLanguage":"en-GB","potentialAction":[{"@type":"ReadAction","target":["https:\/\/www.verre-equipements.fr\/en\/clapet-anti-retour.html"]}]},{"@type":"BreadcrumbList","@id":"https:\/\/www.verre-equipements.fr\/en\/clapet-anti-retour.html#breadcrumb","itemListElement":[{"@type":"ListItem","position":1,"name":"Accueil","item":"https:\/\/www.verre-equipements.fr\/en\/"},{"@type":"ListItem","position":2,"name":"Clapet anti-retour"}]}]}},"_links":{"self":[{"href":"https:\/\/www.verre-equipements.fr\/en\/wp-json\/wp\/v2\/pages\/1223","targetHints":{"allow":["GET"]}}],"collection":[{"href":"https:\/\/www.verre-equipements.fr\/en\/wp-json\/wp\/v2\/pages"}],"about":[{"href":"https:\/\/www.verre-equipements.fr\/en\/wp-json\/wp\/v2\/types\/page"}],"author":[{"embeddable":true,"href":"https:\/\/www.verre-equipements.fr\/en\/wp-json\/wp\/v2\/users\/1"}],"replies":[{"embeddable":true,"href":"https:\/\/www.verre-equipements.fr\/en\/wp-json\/wp\/v2\/comments?post=1223"}],"version-history":[{"count":3,"href":"https:\/\/www.verre-equipements.fr\/en\/wp-json\/wp\/v2\/pages\/1223\/revisions"}],"predecessor-version":[{"id":2219,"href":"https:\/\/www.verre-equipements.fr\/en\/wp-json\/wp\/v2\/pages\/1223\/revisions\/2219"}],"wp:attachment":[{"href":"https:\/\/www.verre-equipements.fr\/en\/wp-json\/wp\/v2\/media?parent=1223"}],"curies":[{"name":"wp","href":"https:\/\/api.w.org\/{rel}","templated":true}]}}