{"id":1452,"date":"2017-09-29T13:08:13","date_gmt":"2017-09-29T12:08:13","guid":{"rendered":"https:\/\/www.verre-equipements.fr\/en\/?page_id=1452"},"modified":"2020-11-08T18:06:43","modified_gmt":"2020-11-08T17:06:43","slug":"extracteur-de-likens-nickerson","status":"publish","type":"page","link":"https:\/\/www.verre-equipements.fr\/en\/extracteur-de-likens-nickerson.html","title":{"rendered":"Extracteur de Likens Nickerson"},"content":{"rendered":"<div  class='flex_column av-av_one_half-2a9015ff38129c418a3f2eafba3e9512 av_one_half  avia-builder-el-0  el_before_av_one_half  avia-builder-el-first  first flex_column_div  '     ><section  class='av_textblock_section av-av_textblock-0366cc7376be6c9e82a3e9cc8987b64f '   itemscope=\"itemscope\" itemtype=\"https:\/\/schema.org\/CreativeWork\" ><div class='avia_textblock'  itemprop=\"text\" ><h1>Appareil de Likens Nickerson<\/h1>\n<\/div><\/section><br \/>\n<div  class='hr av-av_hr-dcd2069817a0e3d34ae04cad8f3443c7 hr-default  avia-builder-el-2  el_after_av_textblock  el_before_av_textblock '><span class='hr-inner '><span class=\"hr-inner-style\"><\/span><\/span><\/div><br \/>\n<section  class='av_textblock_section av-av_textblock-0366cc7376be6c9e82a3e9cc8987b64f '   itemscope=\"itemscope\" itemtype=\"https:\/\/schema.org\/CreativeWork\" ><div class='avia_textblock'  itemprop=\"text\" ><p>Extracteur de Likens Nickerson<\/p>\n<p>L&#8217;appareil de Likens Nickerson permet l&#8217; extraction de Compos\u00e9s Organiques<br \/>\nVolatils par entrainement \u00e0 la vapeur.<br \/>\nLes COV dilu\u00e9s dans l&#8217;eau dans un premier ballon sont entrain\u00e9s par la<br \/>\nvapeur. Un second ballon contenant un solvant organique non miscible \u00e0 l&#8217;eau<br \/>\nest chauff\u00e9 conjointement.<br \/>\nPeu \u00e0 peu les COV migrent de la vapeur d&#8217;eau vers le solvant. Le doigt de<br \/>\ngant r\u00e9frig\u00e9r\u00e9 condense toutes les vapeurs.<br \/>\nLa non miscibilit\u00e9 et la diff\u00e9rence de densit\u00e9 conduit peu \u00e0 peu les COV<br \/>\ndans le second ballon.<\/p>\n<\/div><\/section><br \/>\n<div  class='hr av-av_hr-dcd2069817a0e3d34ae04cad8f3443c7 hr-default  avia-builder-el-4  el_after_av_textblock  el_before_av_textblock '><span class='hr-inner '><span class=\"hr-inner-style\"><\/span><\/span><\/div><br \/>\n<section  class='av_textblock_section av-av_textblock-0366cc7376be6c9e82a3e9cc8987b64f '   itemscope=\"itemscope\" itemtype=\"https:\/\/schema.org\/CreativeWork\" ><div class='avia_textblock'  itemprop=\"text\" ><p><span style=\"color: #3366ff;\"><a style=\"color: #3366ff;\" href=\"https:\/\/www.verre-equipements.fr\/en\/demande-de-devis.html\">Plus de renseignements<\/a><\/span><\/p>\n<\/div><\/section><\/p><\/div>\n<div  class='flex_column av-av_one_half-b51168870d26eac9084c0e2dc495efe0 av_one_half  avia-builder-el-6  el_after_av_one_half  avia-builder-el-last  flex_column_div  '     ><style type=\"text\/css\" data-created_by=\"avia_inline_auto\" id=\"style-css-av-av_image-74cf79835a10bb4690e7af697a50bb10\">\n.avia-image-container.av-av_image-74cf79835a10bb4690e7af697a50bb10 img.avia_image{\nbox-shadow:none;\n}\n.avia-image-container.av-av_image-74cf79835a10bb4690e7af697a50bb10 .av-image-caption-overlay-center{\ncolor:#ffffff;\n}\n<\/style>\n<div  class='avia-image-container av-av_image-74cf79835a10bb4690e7af697a50bb10 av-styling- avia_animated_image av-animated-when-visible-95 right-to-left avia-align-center  avia-builder-el-7  avia-builder-el-no-sibling '   itemprop=\"image\" itemscope=\"itemscope\" itemtype=\"https:\/\/schema.org\/ImageObject\" ><div class=\"avia-image-container-inner\"><div class=\"avia-image-overlay-wrap\"><img fetchpriority=\"high\" class='wp-image-1453 avia-img-lazy-loading-not-1453 avia_image ' src='https:\/\/www.verre-equipements.fr\/en\/wp-content\/uploads\/sites\/2\/2017\/09\/appareil-likens-nickerson-Verre-Equipements.jpg' alt='Extracteur Likens Nickerson, fabricant extracteur en verre' title='appareil likens nickerson Verre Equipements'  height=\"443\" width=\"291\"  itemprop=\"thumbnailUrl\"  \/><\/div><\/div><\/div><\/div>\n","protected":false},"excerpt":{"rendered":"","protected":false},"author":1,"featured_media":0,"parent":0,"menu_order":0,"comment_status":"closed","ping_status":"closed","template":"","meta":{"footnotes":""},"class_list":["post-1452","page","type-page","status-publish","hentry"],"yoast_head":"<!-- This site is optimized with the Yoast SEO plugin v17.8 - https:\/\/yoast.com\/wordpress\/plugins\/seo\/ -->\n<title>Extracteur Likens Nickerson, fabricant extracteur compos\u00e9 organique verre<\/title>\n<meta name=\"description\" content=\"Verre Equipements produit des extracteurs en verre de type Likens Nickerson. Consultez-nous pour en savoir plus et obtenir un devis sur mesure.\" \/>\n<meta name=\"robots\" content=\"noindex, follow\" \/>\n<meta property=\"og:locale\" content=\"en_GB\" \/>\n<meta property=\"og:type\" content=\"article\" \/>\n<meta property=\"og:title\" content=\"Extracteur Likens Nickerson, fabricant extracteur compos\u00e9 organique verre\" \/>\n<meta property=\"og:description\" content=\"Verre Equipements produit des extracteurs en verre de type Likens Nickerson. Consultez-nous pour en savoir plus et obtenir un devis sur mesure.\" \/>\n<meta property=\"og:url\" content=\"https:\/\/www.verre-equipements.fr\/en\/extracteur-de-likens-nickerson.html\" \/>\n<meta property=\"og:site_name\" content=\"Verre Equipement Anglais\" \/>\n<meta property=\"article:modified_time\" content=\"2020-11-08T17:06:43+00:00\" \/>\n<meta name=\"twitter:card\" content=\"summary_large_image\" \/>\n<meta name=\"twitter:label1\" content=\"Estimated reading time\" \/>\n\t<meta name=\"twitter:data1\" content=\"1 minute\" \/>\n<script type=\"application\/ld+json\" class=\"yoast-schema-graph\">{\"@context\":\"https:\/\/schema.org\",\"@graph\":[{\"@type\":\"WebSite\",\"@id\":\"https:\/\/www.verre-equipements.fr\/en\/#website\",\"url\":\"https:\/\/www.verre-equipements.fr\/en\/\",\"name\":\"Verre Equipement Anglais\",\"description\":\"Fabrication verrerie laboratoire et industrie\",\"potentialAction\":[{\"@type\":\"SearchAction\",\"target\":{\"@type\":\"EntryPoint\",\"urlTemplate\":\"https:\/\/www.verre-equipements.fr\/en\/?s={search_term_string}\"},\"query-input\":\"required name=search_term_string\"}],\"inLanguage\":\"en-GB\"},{\"@type\":\"WebPage\",\"@id\":\"https:\/\/www.verre-equipements.fr\/en\/extracteur-de-likens-nickerson.html#webpage\",\"url\":\"https:\/\/www.verre-equipements.fr\/en\/extracteur-de-likens-nickerson.html\",\"name\":\"Extracteur Likens Nickerson, fabricant extracteur compos\\u00e9 organique verre\",\"isPartOf\":{\"@id\":\"https:\/\/www.verre-equipements.fr\/en\/#website\"},\"datePublished\":\"2017-09-29T12:08:13+00:00\",\"dateModified\":\"2020-11-08T17:06:43+00:00\",\"description\":\"Verre Equipements produit des extracteurs en verre de type Likens Nickerson. Consultez-nous pour en savoir plus et obtenir un devis sur mesure.\",\"breadcrumb\":{\"@id\":\"https:\/\/www.verre-equipements.fr\/en\/extracteur-de-likens-nickerson.html#breadcrumb\"},\"inLanguage\":\"en-GB\",\"potentialAction\":[{\"@type\":\"ReadAction\",\"target\":[\"https:\/\/www.verre-equipements.fr\/en\/extracteur-de-likens-nickerson.html\"]}]},{\"@type\":\"BreadcrumbList\",\"@id\":\"https:\/\/www.verre-equipements.fr\/en\/extracteur-de-likens-nickerson.html#breadcrumb\",\"itemListElement\":[{\"@type\":\"ListItem\",\"position\":1,\"name\":\"Accueil\",\"item\":\"https:\/\/www.verre-equipements.fr\/en\/\"},{\"@type\":\"ListItem\",\"position\":2,\"name\":\"Extracteur de Likens Nickerson\"}]}]}<\/script>\n<!-- \/ Yoast SEO plugin. -->","yoast_head_json":{"title":"Extracteur Likens Nickerson, fabricant extracteur compos\u00e9 organique verre","description":"Verre Equipements produit des extracteurs en verre de type Likens Nickerson. Consultez-nous pour en savoir plus et obtenir un devis sur mesure.","robots":{"index":"noindex","follow":"follow"},"og_locale":"en_GB","og_type":"article","og_title":"Extracteur Likens Nickerson, fabricant extracteur compos\u00e9 organique verre","og_description":"Verre Equipements produit des extracteurs en verre de type Likens Nickerson. Consultez-nous pour en savoir plus et obtenir un devis sur mesure.","og_url":"https:\/\/www.verre-equipements.fr\/en\/extracteur-de-likens-nickerson.html","og_site_name":"Verre Equipement Anglais","article_modified_time":"2020-11-08T17:06:43+00:00","twitter_card":"summary_large_image","twitter_misc":{"Estimated reading time":"1 minute"},"schema":{"@context":"https:\/\/schema.org","@graph":[{"@type":"WebSite","@id":"https:\/\/www.verre-equipements.fr\/en\/#website","url":"https:\/\/www.verre-equipements.fr\/en\/","name":"Verre Equipement Anglais","description":"Fabrication verrerie laboratoire et industrie","potentialAction":[{"@type":"SearchAction","target":{"@type":"EntryPoint","urlTemplate":"https:\/\/www.verre-equipements.fr\/en\/?s={search_term_string}"},"query-input":"required name=search_term_string"}],"inLanguage":"en-GB"},{"@type":"WebPage","@id":"https:\/\/www.verre-equipements.fr\/en\/extracteur-de-likens-nickerson.html#webpage","url":"https:\/\/www.verre-equipements.fr\/en\/extracteur-de-likens-nickerson.html","name":"Extracteur Likens Nickerson, fabricant extracteur compos\u00e9 organique verre","isPartOf":{"@id":"https:\/\/www.verre-equipements.fr\/en\/#website"},"datePublished":"2017-09-29T12:08:13+00:00","dateModified":"2020-11-08T17:06:43+00:00","description":"Verre Equipements produit des extracteurs en verre de type Likens Nickerson. Consultez-nous pour en savoir plus et obtenir un devis sur mesure.","breadcrumb":{"@id":"https:\/\/www.verre-equipements.fr\/en\/extracteur-de-likens-nickerson.html#breadcrumb"},"inLanguage":"en-GB","potentialAction":[{"@type":"ReadAction","target":["https:\/\/www.verre-equipements.fr\/en\/extracteur-de-likens-nickerson.html"]}]},{"@type":"BreadcrumbList","@id":"https:\/\/www.verre-equipements.fr\/en\/extracteur-de-likens-nickerson.html#breadcrumb","itemListElement":[{"@type":"ListItem","position":1,"name":"Accueil","item":"https:\/\/www.verre-equipements.fr\/en\/"},{"@type":"ListItem","position":2,"name":"Extracteur de Likens Nickerson"}]}]}},"_links":{"self":[{"href":"https:\/\/www.verre-equipements.fr\/en\/wp-json\/wp\/v2\/pages\/1452","targetHints":{"allow":["GET"]}}],"collection":[{"href":"https:\/\/www.verre-equipements.fr\/en\/wp-json\/wp\/v2\/pages"}],"about":[{"href":"https:\/\/www.verre-equipements.fr\/en\/wp-json\/wp\/v2\/types\/page"}],"author":[{"embeddable":true,"href":"https:\/\/www.verre-equipements.fr\/en\/wp-json\/wp\/v2\/users\/1"}],"replies":[{"embeddable":true,"href":"https:\/\/www.verre-equipements.fr\/en\/wp-json\/wp\/v2\/comments?post=1452"}],"version-history":[{"count":4,"href":"https:\/\/www.verre-equipements.fr\/en\/wp-json\/wp\/v2\/pages\/1452\/revisions"}],"predecessor-version":[{"id":2211,"href":"https:\/\/www.verre-equipements.fr\/en\/wp-json\/wp\/v2\/pages\/1452\/revisions\/2211"}],"wp:attachment":[{"href":"https:\/\/www.verre-equipements.fr\/en\/wp-json\/wp\/v2\/media?parent=1452"}],"curies":[{"name":"wp","href":"https:\/\/api.w.org\/{rel}","templated":true}]}}