{"id":1629,"date":"2019-05-31T15:10:22","date_gmt":"2019-05-31T14:10:22","guid":{"rendered":"https:\/\/www.verre-equipements.fr\/en\/?page_id=1629"},"modified":"2020-11-08T16:11:36","modified_gmt":"2020-11-08T15:11:36","slug":"boitier-timer-2","status":"publish","type":"page","link":"https:\/\/www.verre-equipements.fr\/en\/boitier-timer-2.html","title":{"rendered":"Boitier Timer"},"content":{"rendered":"<section  class='av_textblock_section av-av_textblock-0366cc7376be6c9e82a3e9cc8987b64f '   itemscope=\"itemscope\" itemtype=\"https:\/\/schema.org\/CreativeWork\" ><div class='avia_textblock'  itemprop=\"text\" ><h2><strong>Boitier Timer et Bobine sol\u00e9no\u00efde pour distillation<br \/>\n<\/strong><\/h2>\n<p>Le\u00a0<strong>Boitier Timer<\/strong>\u00a0et sa\u00a0<strong>bobine <span style=\"color: #3366ff;\"><a style=\"color: #3366ff;\" href=\"https:\/\/fr.wikipedia.org\/wiki\/Sol%C3%A9no%C3%AFde\">sol\u00e9no\u00efde<\/a><\/span><\/strong> est une solution optimale pour le\u00a0<strong>pilotage\u00a0<\/strong>d\u2019une\u00a0<strong>distillation par cycles programm\u00e9s de reflux et extractions.<\/strong><\/p>\n<p>Il vous offre une pr\u00e9cision de contr\u00f4le sur vos ouvertures et fermetures de clapet pour vos diff\u00e9rentes manipulation en cours.<\/p>\n<p>La <strong>bobine sol\u00e9no\u00efde \u00a0230V 50Hz<\/strong>\u00a0est fabriqu\u00e9e avec un al\u00e9sage acceptant des supports de clapets de diam\u00e8tre inf\u00e9rieur ou \u00e9gal \u00e0 18 mm.<\/p>\n<p>Le branchement s&#8217;effectue avec un c\u00e2ble de connexion d\u2019une longueur de deux m\u00e8tres avec prise norme CE.<br \/>\nLe\u00a0<strong>Boitier Timer de pilotage<\/strong>\u00a0230V 50Hz est \u00e9quip\u00e9 d\u2019une prise femelle pour le raccordement de la bobine avec un cordon d\u2019alimentation sur secteur.<br \/>\nLe\u00a0<strong>pilotage des dur\u00e9es d\u2019extractions et de reflux<\/strong>\u00a0sont contr\u00f4l\u00e9es par un \u00e9cran tactile simple et intuitif.<\/p>\n<p>R\u00e9glage d&#8217;action par Heures, Minutes et Secondes.<\/p>\n<p>Toute les indications sont affich\u00e9es sur le boitier pour les diff\u00e9rentes phases en cours.<\/p>\n<p><img loading=\"lazy\" decoding=\"async\" class=\"wp-image-1630 aligncenter\" src=\"https:\/\/www.verre-equipements.fr\/en\/wp-content\/uploads\/sites\/2\/2019\/05\/bobine-timer-VE.jpg\" alt=\"Bobine timer boitier de contr\u00f4le, sol\u00e9no\u00efde pour distillation\" width=\"578\" height=\"483\" srcset=\"https:\/\/www.verre-equipements.fr\/en\/wp-content\/uploads\/sites\/2\/2019\/05\/bobine-timer-VE.jpg 630w, https:\/\/www.verre-equipements.fr\/en\/wp-content\/uploads\/sites\/2\/2019\/05\/bobine-timer-VE-300x251.jpg 300w, https:\/\/www.verre-equipements.fr\/en\/wp-content\/uploads\/sites\/2\/2019\/05\/bobine-timer-VE-450x376.jpg 450w\" sizes=\"auto, (max-width: 578px) 100vw, 578px\" \/><\/p>\n<\/div><\/section>\n<div  class='hr av-av_hr-dcd2069817a0e3d34ae04cad8f3443c7 hr-default  avia-builder-el-1  el_after_av_textblock  el_before_av_textblock '><span class='hr-inner '><span class=\"hr-inner-style\"><\/span><\/span><\/div>\n<section  class='av_textblock_section av-av_textblock-0366cc7376be6c9e82a3e9cc8987b64f '   itemscope=\"itemscope\" itemtype=\"https:\/\/schema.org\/CreativeWork\" ><div class='avia_textblock'  itemprop=\"text\" ><p><a href=\"https:\/\/www.verre-equipements.fr\/en\/demande-de-devis.html\"><span style=\"color: #3366ff;\">Nous Contacter<\/span><\/a><\/p>\n<\/div><\/section>\n","protected":false},"excerpt":{"rendered":"","protected":false},"author":1,"featured_media":0,"parent":0,"menu_order":0,"comment_status":"closed","ping_status":"closed","template":"","meta":{"footnotes":""},"class_list":["post-1629","page","type-page","status-publish","hentry"],"yoast_head":"<!-- This site is optimized with the Yoast SEO plugin v17.8 - https:\/\/yoast.com\/wordpress\/plugins\/seo\/ -->\n<title>Bobine timer, boitier de programmation de distillation<\/title>\n<meta name=\"description\" content=\"Verre Equipements vous propose la bobine timer pour contr\u00f4ler la programmation de distillation. N&#039;hesitez pas \u00e0 consultez la fiche produit et contactez-nous\" \/>\n<meta name=\"robots\" content=\"noindex, follow\" \/>\n<meta property=\"og:locale\" content=\"en_GB\" \/>\n<meta property=\"og:type\" content=\"article\" \/>\n<meta property=\"og:title\" content=\"Bobine timer, boitier de programmation de distillation\" \/>\n<meta property=\"og:description\" content=\"Verre Equipements vous propose la bobine timer pour contr\u00f4ler la programmation de distillation. N&#039;hesitez pas \u00e0 consultez la fiche produit et contactez-nous\" \/>\n<meta property=\"og:url\" content=\"https:\/\/www.verre-equipements.fr\/boitier-timer-2.html\" \/>\n<meta property=\"og:site_name\" content=\"Verre Equipement Anglais\" \/>\n<meta property=\"article:modified_time\" content=\"2020-11-08T15:11:36+00:00\" \/>\n<meta property=\"og:image\" content=\"https:\/\/www.verre-equipements.fr\/en\/wp-content\/uploads\/sites\/2\/2019\/05\/bobine-timer-VE.jpg\" \/>\n<meta name=\"twitter:card\" content=\"summary_large_image\" \/>\n<meta name=\"twitter:label1\" content=\"Estimated reading time\" \/>\n\t<meta name=\"twitter:data1\" content=\"1 minute\" \/>\n<script type=\"application\/ld+json\" class=\"yoast-schema-graph\">{\"@context\":\"https:\/\/schema.org\",\"@graph\":[{\"@type\":\"WebSite\",\"@id\":\"https:\/\/www.verre-equipements.fr\/en\/#website\",\"url\":\"https:\/\/www.verre-equipements.fr\/en\/\",\"name\":\"Verre Equipement Anglais\",\"description\":\"Fabrication verrerie laboratoire et industrie\",\"potentialAction\":[{\"@type\":\"SearchAction\",\"target\":{\"@type\":\"EntryPoint\",\"urlTemplate\":\"https:\/\/www.verre-equipements.fr\/en\/?s={search_term_string}\"},\"query-input\":\"required name=search_term_string\"}],\"inLanguage\":\"en-GB\"},{\"@type\":\"ImageObject\",\"@id\":\"https:\/\/www.verre-equipements.fr\/boitier-timer-2.html#primaryimage\",\"inLanguage\":\"en-GB\",\"url\":\"https:\/\/www.verre-equipements.fr\/en\/wp-content\/uploads\/sites\/2\/2019\/05\/bobine-timer-VE.jpg\",\"contentUrl\":\"https:\/\/www.verre-equipements.fr\/en\/wp-content\/uploads\/sites\/2\/2019\/05\/bobine-timer-VE.jpg\",\"width\":630,\"height\":527,\"caption\":\"Bobine timer boitier de controle solenoide verre equipements\"},{\"@type\":\"WebPage\",\"@id\":\"https:\/\/www.verre-equipements.fr\/boitier-timer-2.html#webpage\",\"url\":\"https:\/\/www.verre-equipements.fr\/boitier-timer-2.html\",\"name\":\"Bobine timer, boitier de programmation de distillation\",\"isPartOf\":{\"@id\":\"https:\/\/www.verre-equipements.fr\/en\/#website\"},\"primaryImageOfPage\":{\"@id\":\"https:\/\/www.verre-equipements.fr\/boitier-timer-2.html#primaryimage\"},\"datePublished\":\"2019-05-31T14:10:22+00:00\",\"dateModified\":\"2020-11-08T15:11:36+00:00\",\"description\":\"Verre Equipements vous propose la bobine timer pour contr\\u00f4ler la programmation de distillation. N'hesitez pas \\u00e0 consultez la fiche produit et contactez-nous\",\"breadcrumb\":{\"@id\":\"https:\/\/www.verre-equipements.fr\/boitier-timer-2.html#breadcrumb\"},\"inLanguage\":\"en-GB\",\"potentialAction\":[{\"@type\":\"ReadAction\",\"target\":[\"https:\/\/www.verre-equipements.fr\/boitier-timer-2.html\"]}]},{\"@type\":\"BreadcrumbList\",\"@id\":\"https:\/\/www.verre-equipements.fr\/boitier-timer-2.html#breadcrumb\",\"itemListElement\":[{\"@type\":\"ListItem\",\"position\":1,\"name\":\"Accueil\",\"item\":\"https:\/\/www.verre-equipements.fr\/en\/\"},{\"@type\":\"ListItem\",\"position\":2,\"name\":\"Boitier Timer\"}]}]}<\/script>\n<!-- \/ Yoast SEO plugin. -->","yoast_head_json":{"title":"Bobine timer, boitier de programmation de distillation","description":"Verre Equipements vous propose la bobine timer pour contr\u00f4ler la programmation de distillation. N'hesitez pas \u00e0 consultez la fiche produit et contactez-nous","robots":{"index":"noindex","follow":"follow"},"og_locale":"en_GB","og_type":"article","og_title":"Bobine timer, boitier de programmation de distillation","og_description":"Verre Equipements vous propose la bobine timer pour contr\u00f4ler la programmation de distillation. N'hesitez pas \u00e0 consultez la fiche produit et contactez-nous","og_url":"https:\/\/www.verre-equipements.fr\/boitier-timer-2.html","og_site_name":"Verre Equipement Anglais","article_modified_time":"2020-11-08T15:11:36+00:00","og_image":[{"url":"https:\/\/www.verre-equipements.fr\/en\/wp-content\/uploads\/sites\/2\/2019\/05\/bobine-timer-VE.jpg"}],"twitter_card":"summary_large_image","twitter_misc":{"Estimated reading time":"1 minute"},"schema":{"@context":"https:\/\/schema.org","@graph":[{"@type":"WebSite","@id":"https:\/\/www.verre-equipements.fr\/en\/#website","url":"https:\/\/www.verre-equipements.fr\/en\/","name":"Verre Equipement Anglais","description":"Fabrication verrerie laboratoire et industrie","potentialAction":[{"@type":"SearchAction","target":{"@type":"EntryPoint","urlTemplate":"https:\/\/www.verre-equipements.fr\/en\/?s={search_term_string}"},"query-input":"required name=search_term_string"}],"inLanguage":"en-GB"},{"@type":"ImageObject","@id":"https:\/\/www.verre-equipements.fr\/boitier-timer-2.html#primaryimage","inLanguage":"en-GB","url":"https:\/\/www.verre-equipements.fr\/en\/wp-content\/uploads\/sites\/2\/2019\/05\/bobine-timer-VE.jpg","contentUrl":"https:\/\/www.verre-equipements.fr\/en\/wp-content\/uploads\/sites\/2\/2019\/05\/bobine-timer-VE.jpg","width":630,"height":527,"caption":"Bobine timer boitier de controle solenoide verre equipements"},{"@type":"WebPage","@id":"https:\/\/www.verre-equipements.fr\/boitier-timer-2.html#webpage","url":"https:\/\/www.verre-equipements.fr\/boitier-timer-2.html","name":"Bobine timer, boitier de programmation de distillation","isPartOf":{"@id":"https:\/\/www.verre-equipements.fr\/en\/#website"},"primaryImageOfPage":{"@id":"https:\/\/www.verre-equipements.fr\/boitier-timer-2.html#primaryimage"},"datePublished":"2019-05-31T14:10:22+00:00","dateModified":"2020-11-08T15:11:36+00:00","description":"Verre Equipements vous propose la bobine timer pour contr\u00f4ler la programmation de distillation. N'hesitez pas \u00e0 consultez la fiche produit et contactez-nous","breadcrumb":{"@id":"https:\/\/www.verre-equipements.fr\/boitier-timer-2.html#breadcrumb"},"inLanguage":"en-GB","potentialAction":[{"@type":"ReadAction","target":["https:\/\/www.verre-equipements.fr\/boitier-timer-2.html"]}]},{"@type":"BreadcrumbList","@id":"https:\/\/www.verre-equipements.fr\/boitier-timer-2.html#breadcrumb","itemListElement":[{"@type":"ListItem","position":1,"name":"Accueil","item":"https:\/\/www.verre-equipements.fr\/en\/"},{"@type":"ListItem","position":2,"name":"Boitier Timer"}]}]}},"_links":{"self":[{"href":"https:\/\/www.verre-equipements.fr\/en\/wp-json\/wp\/v2\/pages\/1629","targetHints":{"allow":["GET"]}}],"collection":[{"href":"https:\/\/www.verre-equipements.fr\/en\/wp-json\/wp\/v2\/pages"}],"about":[{"href":"https:\/\/www.verre-equipements.fr\/en\/wp-json\/wp\/v2\/types\/page"}],"author":[{"embeddable":true,"href":"https:\/\/www.verre-equipements.fr\/en\/wp-json\/wp\/v2\/users\/1"}],"replies":[{"embeddable":true,"href":"https:\/\/www.verre-equipements.fr\/en\/wp-json\/wp\/v2\/comments?post=1629"}],"version-history":[{"count":12,"href":"https:\/\/www.verre-equipements.fr\/en\/wp-json\/wp\/v2\/pages\/1629\/revisions"}],"predecessor-version":[{"id":2199,"href":"https:\/\/www.verre-equipements.fr\/en\/wp-json\/wp\/v2\/pages\/1629\/revisions\/2199"}],"wp:attachment":[{"href":"https:\/\/www.verre-equipements.fr\/en\/wp-json\/wp\/v2\/media?parent=1629"}],"curies":[{"name":"wp","href":"https:\/\/api.w.org\/{rel}","templated":true}]}}