{"id":1680,"date":"2019-09-03T16:10:35","date_gmt":"2019-09-03T15:10:35","guid":{"rendered":"https:\/\/www.verre-equipements.fr\/en\/?page_id=1680"},"modified":"2020-11-08T18:05:45","modified_gmt":"2020-11-08T17:05:45","slug":"produits-chimiques","status":"publish","type":"page","link":"https:\/\/www.verre-equipements.fr\/en\/produits-chimiques.html","title":{"rendered":"Produits Chimiques"},"content":{"rendered":"\n<style type=\"text\/css\" data-created_by=\"avia_inline_auto\" id=\"style-css-av-av_textblock-4be7e3e0d88a6602c45b69434efeb1b1\">\n#top .av_textblock_section.av-av_textblock-4be7e3e0d88a6602c45b69434efeb1b1 .avia_textblock{\nfont-size:13px;\n}\n<\/style>\n<section  class='av_textblock_section av-av_textblock-4be7e3e0d88a6602c45b69434efeb1b1 '   itemscope=\"itemscope\" itemtype=\"https:\/\/schema.org\/CreativeWork\" ><div class='avia_textblock'  itemprop=\"text\" ><h2><strong>Produits Chimiques\u00a0:<\/strong><\/h2>\n<p>Pour r\u00e9pondre aux besoins de l\u2019industrie et des laboratoires, nous vous proposons une large <strong>gamme de produits chimiques<\/strong>.<\/p>\n<ul>\n<li>Solutions titr\u00e9es,<\/li>\n<li>\u00e9talons<\/li>\n<li>\u2026<\/li>\n<\/ul>\n<p>de diff\u00e9rentes marques.<\/p>\n<p>Vous avez un besoin en <strong class=\"d2b\">produit chimique<\/strong>\u00a0?<\/p>\n<p><a href=\"https:\/\/www.verre-equipements.fr\/en\/demande-de-devis.html\">N\u2019h\u00e9sitez pas \u00e0 nous faire votre demande<\/a> avec le nom du produit, le num\u00e9ro CAS, la marque ou encore une r\u00e9f\u00e9rence\u2026.<\/p>\n<p>Nous pourrons \u00e9galement vous fournir les fiches de s\u00e9curit\u00e9s ainsi que les certificats d\u2019analyses n\u00e9cessaires si besoin.<\/p>\n<p><a href=\"https:\/\/www.verre-equipements.fr\/en\/demande-de-devis.html\"><span style=\"color: #3366ff;\">Contactez nous<\/span><\/a><\/p>\n<\/div><\/section>\n\n<style type=\"text\/css\" data-created_by=\"avia_inline_auto\" id=\"style-css-av-av_image-d78a9a508e612c05008c8f8bb63b156b\">\n.avia-image-container.av-av_image-d78a9a508e612c05008c8f8bb63b156b img.avia_image{\nbox-shadow:none;\n}\n.avia-image-container.av-av_image-d78a9a508e612c05008c8f8bb63b156b .av-image-caption-overlay-center{\ncolor:#ffffff;\n}\n<\/style>\n<div  class='avia-image-container av-av_image-d78a9a508e612c05008c8f8bb63b156b av-styling- av-hover-grow avia_animated_image av-animated-when-visible-95 pop-up avia-align-center  avia-builder-el-1  el_after_av_textblock  avia-builder-el-last '   itemprop=\"image\" itemscope=\"itemscope\" itemtype=\"https:\/\/schema.org\/ImageObject\" ><div class=\"avia-image-container-inner\"><div class=\"avia-image-overlay-wrap\"><img fetchpriority=\"high\" class='wp-image-1909 avia-img-lazy-loading-not-1909 avia_image ' src='https:\/\/www.verre-equipements.fr\/en\/wp-content\/uploads\/sites\/2\/2019\/10\/fournisseur-produit-chimique-laboratoire-industrie.jpg' alt='fournisseur de produits chimiques pour laboratoires et industrie' title=''  height=\"409\" width=\"878\"  itemprop=\"thumbnailUrl\"  \/><\/div><\/div><\/div>\n","protected":false},"excerpt":{"rendered":"","protected":false},"author":1,"featured_media":0,"parent":0,"menu_order":0,"comment_status":"closed","ping_status":"closed","template":"","meta":{"footnotes":""},"class_list":["post-1680","page","type-page","status-publish","hentry"],"yoast_head":"<!-- This site is optimized with the Yoast SEO plugin v17.8 - https:\/\/yoast.com\/wordpress\/plugins\/seo\/ -->\n<title>Produits Chimiques pour laboratoires et industries, fournisseur produit chimique<\/title>\n<meta name=\"description\" content=\"Pour r\u00e9pondre aux besoins de l\u2019industrie et des laboratoires, nous vous proposons une large gamme de produits chimiques, solutions, ....\" \/>\n<meta name=\"robots\" content=\"noindex, follow\" \/>\n<meta property=\"og:locale\" content=\"en_GB\" \/>\n<meta property=\"og:type\" content=\"article\" \/>\n<meta property=\"og:title\" content=\"Produits Chimiques pour laboratoires et industries, fournisseur produit chimique\" \/>\n<meta property=\"og:description\" content=\"Pour r\u00e9pondre aux besoins de l\u2019industrie et des laboratoires, nous vous proposons une large gamme de produits chimiques, solutions, ....\" \/>\n<meta property=\"og:url\" content=\"https:\/\/www.verre-equipements.fr\/produits-chimiques.html\" \/>\n<meta property=\"og:site_name\" content=\"Verre Equipement Anglais\" \/>\n<meta property=\"article:modified_time\" content=\"2020-11-08T17:05:45+00:00\" \/>\n<meta name=\"twitter:card\" content=\"summary_large_image\" \/>\n<meta name=\"twitter:label1\" content=\"Estimated reading time\" \/>\n\t<meta name=\"twitter:data1\" content=\"1 minute\" \/>\n<script type=\"application\/ld+json\" class=\"yoast-schema-graph\">{\"@context\":\"https:\/\/schema.org\",\"@graph\":[{\"@type\":\"WebSite\",\"@id\":\"https:\/\/www.verre-equipements.fr\/en\/#website\",\"url\":\"https:\/\/www.verre-equipements.fr\/en\/\",\"name\":\"Verre Equipement Anglais\",\"description\":\"Fabrication verrerie laboratoire et industrie\",\"potentialAction\":[{\"@type\":\"SearchAction\",\"target\":{\"@type\":\"EntryPoint\",\"urlTemplate\":\"https:\/\/www.verre-equipements.fr\/en\/?s={search_term_string}\"},\"query-input\":\"required name=search_term_string\"}],\"inLanguage\":\"en-GB\"},{\"@type\":\"WebPage\",\"@id\":\"https:\/\/www.verre-equipements.fr\/produits-chimiques.html#webpage\",\"url\":\"https:\/\/www.verre-equipements.fr\/produits-chimiques.html\",\"name\":\"Produits Chimiques pour laboratoires et industries, fournisseur produit chimique\",\"isPartOf\":{\"@id\":\"https:\/\/www.verre-equipements.fr\/en\/#website\"},\"datePublished\":\"2019-09-03T15:10:35+00:00\",\"dateModified\":\"2020-11-08T17:05:45+00:00\",\"description\":\"Pour r\\u00e9pondre aux besoins de l\\u2019industrie et des laboratoires, nous vous proposons une large gamme de produits chimiques, solutions, ....\",\"breadcrumb\":{\"@id\":\"https:\/\/www.verre-equipements.fr\/produits-chimiques.html#breadcrumb\"},\"inLanguage\":\"en-GB\",\"potentialAction\":[{\"@type\":\"ReadAction\",\"target\":[\"https:\/\/www.verre-equipements.fr\/produits-chimiques.html\"]}]},{\"@type\":\"BreadcrumbList\",\"@id\":\"https:\/\/www.verre-equipements.fr\/produits-chimiques.html#breadcrumb\",\"itemListElement\":[{\"@type\":\"ListItem\",\"position\":1,\"name\":\"Accueil\",\"item\":\"https:\/\/www.verre-equipements.fr\/en\/\"},{\"@type\":\"ListItem\",\"position\":2,\"name\":\"Produits Chimiques\"}]}]}<\/script>\n<!-- \/ Yoast SEO plugin. -->","yoast_head_json":{"title":"Produits Chimiques pour laboratoires et industries, fournisseur produit chimique","description":"Pour r\u00e9pondre aux besoins de l\u2019industrie et des laboratoires, nous vous proposons une large gamme de produits chimiques, solutions, ....","robots":{"index":"noindex","follow":"follow"},"og_locale":"en_GB","og_type":"article","og_title":"Produits Chimiques pour laboratoires et industries, fournisseur produit chimique","og_description":"Pour r\u00e9pondre aux besoins de l\u2019industrie et des laboratoires, nous vous proposons une large gamme de produits chimiques, solutions, ....","og_url":"https:\/\/www.verre-equipements.fr\/produits-chimiques.html","og_site_name":"Verre Equipement Anglais","article_modified_time":"2020-11-08T17:05:45+00:00","twitter_card":"summary_large_image","twitter_misc":{"Estimated reading time":"1 minute"},"schema":{"@context":"https:\/\/schema.org","@graph":[{"@type":"WebSite","@id":"https:\/\/www.verre-equipements.fr\/en\/#website","url":"https:\/\/www.verre-equipements.fr\/en\/","name":"Verre Equipement Anglais","description":"Fabrication verrerie laboratoire et industrie","potentialAction":[{"@type":"SearchAction","target":{"@type":"EntryPoint","urlTemplate":"https:\/\/www.verre-equipements.fr\/en\/?s={search_term_string}"},"query-input":"required name=search_term_string"}],"inLanguage":"en-GB"},{"@type":"WebPage","@id":"https:\/\/www.verre-equipements.fr\/produits-chimiques.html#webpage","url":"https:\/\/www.verre-equipements.fr\/produits-chimiques.html","name":"Produits Chimiques pour laboratoires et industries, fournisseur produit chimique","isPartOf":{"@id":"https:\/\/www.verre-equipements.fr\/en\/#website"},"datePublished":"2019-09-03T15:10:35+00:00","dateModified":"2020-11-08T17:05:45+00:00","description":"Pour r\u00e9pondre aux besoins de l\u2019industrie et des laboratoires, nous vous proposons une large gamme de produits chimiques, solutions, ....","breadcrumb":{"@id":"https:\/\/www.verre-equipements.fr\/produits-chimiques.html#breadcrumb"},"inLanguage":"en-GB","potentialAction":[{"@type":"ReadAction","target":["https:\/\/www.verre-equipements.fr\/produits-chimiques.html"]}]},{"@type":"BreadcrumbList","@id":"https:\/\/www.verre-equipements.fr\/produits-chimiques.html#breadcrumb","itemListElement":[{"@type":"ListItem","position":1,"name":"Accueil","item":"https:\/\/www.verre-equipements.fr\/en\/"},{"@type":"ListItem","position":2,"name":"Produits Chimiques"}]}]}},"_links":{"self":[{"href":"https:\/\/www.verre-equipements.fr\/en\/wp-json\/wp\/v2\/pages\/1680","targetHints":{"allow":["GET"]}}],"collection":[{"href":"https:\/\/www.verre-equipements.fr\/en\/wp-json\/wp\/v2\/pages"}],"about":[{"href":"https:\/\/www.verre-equipements.fr\/en\/wp-json\/wp\/v2\/types\/page"}],"author":[{"embeddable":true,"href":"https:\/\/www.verre-equipements.fr\/en\/wp-json\/wp\/v2\/users\/1"}],"replies":[{"embeddable":true,"href":"https:\/\/www.verre-equipements.fr\/en\/wp-json\/wp\/v2\/comments?post=1680"}],"version-history":[{"count":10,"href":"https:\/\/www.verre-equipements.fr\/en\/wp-json\/wp\/v2\/pages\/1680\/revisions"}],"predecessor-version":[{"id":2197,"href":"https:\/\/www.verre-equipements.fr\/en\/wp-json\/wp\/v2\/pages\/1680\/revisions\/2197"}],"wp:attachment":[{"href":"https:\/\/www.verre-equipements.fr\/en\/wp-json\/wp\/v2\/media?parent=1680"}],"curies":[{"name":"wp","href":"https:\/\/api.w.org\/{rel}","templated":true}]}}