{"id":1708,"date":"2019-09-12T16:00:07","date_gmt":"2019-09-12T15:00:07","guid":{"rendered":"https:\/\/www.verre-equipements.fr\/en\/?page_id=1708"},"modified":"2020-11-08T18:05:22","modified_gmt":"2020-11-08T17:05:22","slug":"regeneration-de-cartouches","status":"publish","type":"page","link":"https:\/\/www.verre-equipements.fr\/en\/regeneration-de-cartouches.html","title":{"rendered":"R\u00e9g\u00e9n\u00e9ration de cartouches"},"content":{"rendered":"<section  class='av_textblock_section av-av_textblock-0366cc7376be6c9e82a3e9cc8987b64f '   itemscope=\"itemscope\" itemtype=\"https:\/\/schema.org\/CreativeWork\" ><div class='avia_textblock'  itemprop=\"text\" ><h2><strong>R\u00e9g\u00e9n\u00e9ration de cartouche d&#8217;eau d\u00e9min\u00e9ralis\u00e9e<\/strong><\/h2>\n<p>La soci\u00e9t\u00e9 Verre \u00c9quipements r\u00e9alise la <strong class=\"d2b\">r\u00e9g\u00e9n\u00e9ration de vos cartouches d\u2019eau d\u00e9min\u00e9ralis\u00e9e<\/strong> de 1 \u00e0 50L de la marque ASD.<\/p>\n<p>Nous distribuons \u00e9galement des cartouches de rechange neuves compl\u00e8tes de type DISTIPLUS , DS , ASD \u2026<\/p>\n<p>Nous commercialisons les <strong class=\"d2b\">cartouches de filtration<\/strong> pour syst\u00e8me de production d\u2019<strong class=\"d2b\">eau d\u00e9min\u00e9ralis\u00e9e<\/strong> ainsi que leurs accessoires :<\/p>\n<ul>\n<li>Fourniture de\u00a0joints,<\/li>\n<li>raccords,<\/li>\n<li>vis,<\/li>\n<li>soupapes,<\/li>\n<li>fixation,<\/li>\n<li>r\u00e9sistivim\u00e8tre,<\/li>\n<li>manom\u00e8tre,<\/li>\n<li>couvercle qui vont avec.<a href=\"https:\/\/www.verre-equipements.fr\/en\/demande-de-devis.html\"><span style=\"color: #3366ff;\">Nous contacter<\/span><\/a><img loading=\"lazy\" decoding=\"async\" class=\"alignnone size-full wp-image-1709\" src=\"https:\/\/www.verre-equipements.fr\/en\/wp-content\/uploads\/sites\/2\/2019\/09\/cartouches.jpg\" alt=\"r\u00e9g\u00e9n\u00e9ration de cartouches d'eau d\u00e9min\u00e9ralis\u00e9e\" width=\"939\" height=\"524\" srcset=\"https:\/\/www.verre-equipements.fr\/en\/wp-content\/uploads\/sites\/2\/2019\/09\/cartouches.jpg 939w, https:\/\/www.verre-equipements.fr\/en\/wp-content\/uploads\/sites\/2\/2019\/09\/cartouches-300x167.jpg 300w, https:\/\/www.verre-equipements.fr\/en\/wp-content\/uploads\/sites\/2\/2019\/09\/cartouches-768x429.jpg 768w, https:\/\/www.verre-equipements.fr\/en\/wp-content\/uploads\/sites\/2\/2019\/09\/cartouches-705x393.jpg 705w, https:\/\/www.verre-equipements.fr\/en\/wp-content\/uploads\/sites\/2\/2019\/09\/cartouches-450x251.jpg 450w\" sizes=\"auto, (max-width: 939px) 100vw, 939px\" \/><br \/>\n<\/div><\/section><\/li>\n<\/ul>\n","protected":false},"excerpt":{"rendered":"","protected":false},"author":1,"featured_media":0,"parent":0,"menu_order":0,"comment_status":"closed","ping_status":"closed","template":"","meta":{"footnotes":""},"class_list":["post-1708","page","type-page","status-publish","hentry"],"yoast_head":"<!-- This site is optimized with the Yoast SEO plugin v17.8 - https:\/\/yoast.com\/wordpress\/plugins\/seo\/ -->\n<title>R\u00e9g\u00e9n\u00e9ration de cartouche eau d\u00e9min\u00e9ralis\u00e9e, accessoire cartouche d&#039;eau<\/title>\n<meta name=\"description\" content=\"La soci\u00e9t\u00e9 Verre Equipements r\u00e9pond \u00e0 vos besoins en r\u00e9alisant la r\u00e9g\u00e9n\u00e9ration de vos cartouches d\u2019eau d\u00e9min\u00e9ralis\u00e9 de 0 \u00e0 50L. Contactez-nous !\" \/>\n<meta name=\"robots\" content=\"noindex, follow\" \/>\n<meta property=\"og:locale\" content=\"en_GB\" \/>\n<meta property=\"og:type\" content=\"article\" \/>\n<meta property=\"og:title\" content=\"R\u00e9g\u00e9n\u00e9ration de cartouche eau d\u00e9min\u00e9ralis\u00e9e, accessoire cartouche d&#039;eau\" \/>\n<meta property=\"og:description\" content=\"La soci\u00e9t\u00e9 Verre Equipements r\u00e9pond \u00e0 vos besoins en r\u00e9alisant la r\u00e9g\u00e9n\u00e9ration de vos cartouches d\u2019eau d\u00e9min\u00e9ralis\u00e9 de 0 \u00e0 50L. Contactez-nous !\" \/>\n<meta property=\"og:url\" content=\"https:\/\/www.verre-equipements.fr\/regeneration-de-cartouches.html\" \/>\n<meta property=\"og:site_name\" content=\"Verre Equipement Anglais\" \/>\n<meta property=\"article:modified_time\" content=\"2020-11-08T17:05:22+00:00\" \/>\n<meta property=\"og:image\" content=\"https:\/\/www.verre-equipements.fr\/en\/wp-content\/uploads\/sites\/2\/2019\/09\/cartouches.jpg\" \/>\n<meta name=\"twitter:card\" content=\"summary_large_image\" \/>\n<meta name=\"twitter:label1\" content=\"Estimated reading time\" \/>\n\t<meta name=\"twitter:data1\" content=\"1 minute\" \/>\n<script type=\"application\/ld+json\" class=\"yoast-schema-graph\">{\"@context\":\"https:\/\/schema.org\",\"@graph\":[{\"@type\":\"WebSite\",\"@id\":\"https:\/\/www.verre-equipements.fr\/en\/#website\",\"url\":\"https:\/\/www.verre-equipements.fr\/en\/\",\"name\":\"Verre Equipement Anglais\",\"description\":\"Fabrication verrerie laboratoire et industrie\",\"potentialAction\":[{\"@type\":\"SearchAction\",\"target\":{\"@type\":\"EntryPoint\",\"urlTemplate\":\"https:\/\/www.verre-equipements.fr\/en\/?s={search_term_string}\"},\"query-input\":\"required name=search_term_string\"}],\"inLanguage\":\"en-GB\"},{\"@type\":\"ImageObject\",\"@id\":\"https:\/\/www.verre-equipements.fr\/regeneration-de-cartouches.html#primaryimage\",\"inLanguage\":\"en-GB\",\"url\":\"https:\/\/www.verre-equipements.fr\/en\/wp-content\/uploads\/sites\/2\/2019\/09\/cartouches.jpg\",\"contentUrl\":\"https:\/\/www.verre-equipements.fr\/en\/wp-content\/uploads\/sites\/2\/2019\/09\/cartouches.jpg\",\"width\":939,\"height\":524,\"caption\":\"r\\u00e9g\\u00e9n\\u00e9ration de cartouches\"},{\"@type\":\"WebPage\",\"@id\":\"https:\/\/www.verre-equipements.fr\/regeneration-de-cartouches.html#webpage\",\"url\":\"https:\/\/www.verre-equipements.fr\/regeneration-de-cartouches.html\",\"name\":\"R\\u00e9g\\u00e9n\\u00e9ration de cartouche eau d\\u00e9min\\u00e9ralis\\u00e9e, accessoire cartouche d'eau\",\"isPartOf\":{\"@id\":\"https:\/\/www.verre-equipements.fr\/en\/#website\"},\"primaryImageOfPage\":{\"@id\":\"https:\/\/www.verre-equipements.fr\/regeneration-de-cartouches.html#primaryimage\"},\"datePublished\":\"2019-09-12T15:00:07+00:00\",\"dateModified\":\"2020-11-08T17:05:22+00:00\",\"description\":\"La soci\\u00e9t\\u00e9 Verre Equipements r\\u00e9pond \\u00e0 vos besoins en r\\u00e9alisant la r\\u00e9g\\u00e9n\\u00e9ration de vos cartouches d\\u2019eau d\\u00e9min\\u00e9ralis\\u00e9 de 0 \\u00e0 50L. Contactez-nous !\",\"breadcrumb\":{\"@id\":\"https:\/\/www.verre-equipements.fr\/regeneration-de-cartouches.html#breadcrumb\"},\"inLanguage\":\"en-GB\",\"potentialAction\":[{\"@type\":\"ReadAction\",\"target\":[\"https:\/\/www.verre-equipements.fr\/regeneration-de-cartouches.html\"]}]},{\"@type\":\"BreadcrumbList\",\"@id\":\"https:\/\/www.verre-equipements.fr\/regeneration-de-cartouches.html#breadcrumb\",\"itemListElement\":[{\"@type\":\"ListItem\",\"position\":1,\"name\":\"Accueil\",\"item\":\"https:\/\/www.verre-equipements.fr\/en\/\"},{\"@type\":\"ListItem\",\"position\":2,\"name\":\"R\\u00e9g\\u00e9n\\u00e9ration de cartouches\"}]}]}<\/script>\n<!-- \/ Yoast SEO plugin. -->","yoast_head_json":{"title":"R\u00e9g\u00e9n\u00e9ration de cartouche eau d\u00e9min\u00e9ralis\u00e9e, accessoire cartouche d'eau","description":"La soci\u00e9t\u00e9 Verre Equipements r\u00e9pond \u00e0 vos besoins en r\u00e9alisant la r\u00e9g\u00e9n\u00e9ration de vos cartouches d\u2019eau d\u00e9min\u00e9ralis\u00e9 de 0 \u00e0 50L. Contactez-nous !","robots":{"index":"noindex","follow":"follow"},"og_locale":"en_GB","og_type":"article","og_title":"R\u00e9g\u00e9n\u00e9ration de cartouche eau d\u00e9min\u00e9ralis\u00e9e, accessoire cartouche d'eau","og_description":"La soci\u00e9t\u00e9 Verre Equipements r\u00e9pond \u00e0 vos besoins en r\u00e9alisant la r\u00e9g\u00e9n\u00e9ration de vos cartouches d\u2019eau d\u00e9min\u00e9ralis\u00e9 de 0 \u00e0 50L. Contactez-nous !","og_url":"https:\/\/www.verre-equipements.fr\/regeneration-de-cartouches.html","og_site_name":"Verre Equipement Anglais","article_modified_time":"2020-11-08T17:05:22+00:00","og_image":[{"url":"https:\/\/www.verre-equipements.fr\/en\/wp-content\/uploads\/sites\/2\/2019\/09\/cartouches.jpg"}],"twitter_card":"summary_large_image","twitter_misc":{"Estimated reading time":"1 minute"},"schema":{"@context":"https:\/\/schema.org","@graph":[{"@type":"WebSite","@id":"https:\/\/www.verre-equipements.fr\/en\/#website","url":"https:\/\/www.verre-equipements.fr\/en\/","name":"Verre Equipement Anglais","description":"Fabrication verrerie laboratoire et industrie","potentialAction":[{"@type":"SearchAction","target":{"@type":"EntryPoint","urlTemplate":"https:\/\/www.verre-equipements.fr\/en\/?s={search_term_string}"},"query-input":"required name=search_term_string"}],"inLanguage":"en-GB"},{"@type":"ImageObject","@id":"https:\/\/www.verre-equipements.fr\/regeneration-de-cartouches.html#primaryimage","inLanguage":"en-GB","url":"https:\/\/www.verre-equipements.fr\/en\/wp-content\/uploads\/sites\/2\/2019\/09\/cartouches.jpg","contentUrl":"https:\/\/www.verre-equipements.fr\/en\/wp-content\/uploads\/sites\/2\/2019\/09\/cartouches.jpg","width":939,"height":524,"caption":"r\u00e9g\u00e9n\u00e9ration de cartouches"},{"@type":"WebPage","@id":"https:\/\/www.verre-equipements.fr\/regeneration-de-cartouches.html#webpage","url":"https:\/\/www.verre-equipements.fr\/regeneration-de-cartouches.html","name":"R\u00e9g\u00e9n\u00e9ration de cartouche eau d\u00e9min\u00e9ralis\u00e9e, accessoire cartouche d'eau","isPartOf":{"@id":"https:\/\/www.verre-equipements.fr\/en\/#website"},"primaryImageOfPage":{"@id":"https:\/\/www.verre-equipements.fr\/regeneration-de-cartouches.html#primaryimage"},"datePublished":"2019-09-12T15:00:07+00:00","dateModified":"2020-11-08T17:05:22+00:00","description":"La soci\u00e9t\u00e9 Verre Equipements r\u00e9pond \u00e0 vos besoins en r\u00e9alisant la r\u00e9g\u00e9n\u00e9ration de vos cartouches d\u2019eau d\u00e9min\u00e9ralis\u00e9 de 0 \u00e0 50L. Contactez-nous !","breadcrumb":{"@id":"https:\/\/www.verre-equipements.fr\/regeneration-de-cartouches.html#breadcrumb"},"inLanguage":"en-GB","potentialAction":[{"@type":"ReadAction","target":["https:\/\/www.verre-equipements.fr\/regeneration-de-cartouches.html"]}]},{"@type":"BreadcrumbList","@id":"https:\/\/www.verre-equipements.fr\/regeneration-de-cartouches.html#breadcrumb","itemListElement":[{"@type":"ListItem","position":1,"name":"Accueil","item":"https:\/\/www.verre-equipements.fr\/en\/"},{"@type":"ListItem","position":2,"name":"R\u00e9g\u00e9n\u00e9ration de cartouches"}]}]}},"_links":{"self":[{"href":"https:\/\/www.verre-equipements.fr\/en\/wp-json\/wp\/v2\/pages\/1708","targetHints":{"allow":["GET"]}}],"collection":[{"href":"https:\/\/www.verre-equipements.fr\/en\/wp-json\/wp\/v2\/pages"}],"about":[{"href":"https:\/\/www.verre-equipements.fr\/en\/wp-json\/wp\/v2\/types\/page"}],"author":[{"embeddable":true,"href":"https:\/\/www.verre-equipements.fr\/en\/wp-json\/wp\/v2\/users\/1"}],"replies":[{"embeddable":true,"href":"https:\/\/www.verre-equipements.fr\/en\/wp-json\/wp\/v2\/comments?post=1708"}],"version-history":[{"count":8,"href":"https:\/\/www.verre-equipements.fr\/en\/wp-json\/wp\/v2\/pages\/1708\/revisions"}],"predecessor-version":[{"id":2198,"href":"https:\/\/www.verre-equipements.fr\/en\/wp-json\/wp\/v2\/pages\/1708\/revisions\/2198"}],"wp:attachment":[{"href":"https:\/\/www.verre-equipements.fr\/en\/wp-json\/wp\/v2\/media?parent=1708"}],"curies":[{"name":"wp","href":"https:\/\/api.w.org\/{rel}","templated":true}]}}