{"id":209,"date":"2015-06-01T08:07:56","date_gmt":"2015-06-01T07:07:56","guid":{"rendered":"https:\/\/www.verre-equipements.fr\/en\/?page_id=209"},"modified":"2020-11-08T16:10:54","modified_gmt":"2020-11-08T15:10:54","slug":"atelier-conception","status":"publish","type":"page","link":"https:\/\/www.verre-equipements.fr\/en\/atelier-conception.html","title":{"rendered":"Atelier \/ Conception"},"content":{"rendered":"<div class='clear'><\/div><div id='sub_menu1'  class='av-submenu-container av-av_submenu-8a357e7163f436d60f516e16c31d184a alternate_color  avia-builder-el-0  el_before_av_two_third  avia-builder-el-first  av-sticky-submenu container_wrap sidebar_right' style='z-index:301' ><div class='container av-menu-mobile-disabled av-submenu-pos-center'><ul id='av-custom-submenu-1' class='av-subnav-menu' role='menu'>\n<li class='menu-item av-av_submenu_item-36da182de61f40b172d93f2b7ec80422 menu-item-top-level menu-item-top-level-1' role='menuitem'><a href='#conception'  ><span class='avia-bullet'><\/span><span class='avia-menu-text'>Conception DAO<\/span><\/a><\/li>\n<li class='menu-item av-av_submenu_item-c1bb224a82030bbbde43e4202919e445 menu-item-top-level menu-item-top-level-2' role='menuitem'><a href='#pyrex'  ><span class='avia-bullet'><\/span><span class='avia-menu-text'>Atelier Pyrex<\/span><\/a><\/li>\n<li class='menu-item av-av_submenu_item-e0a3ff2184424d2f306dd915e90b5499 menu-item-top-level menu-item-top-level-3' role='menuitem'><a href='#quartz'  ><span class='avia-bullet'><\/span><span class='avia-menu-text'>Atelier QUARTZ<\/span><\/a><\/li>\n<li class='menu-item av-av_submenu_item-83c9b92db0fe29f7fb3808d7cb71d8d0 menu-item-top-level menu-item-top-level-4' role='menuitem'><a href='#Soufflage'  ><span class='avia-bullet'><\/span><span class='avia-menu-text'>Soufflage de verre Laboratoire<\/span><\/a><\/li>\n<\/ul><\/div><\/div><div class='sticky_placeholder'><\/div><div id='after_submenu_1'  class='main_color av_default_container_wrap container_wrap sidebar_right'  ><div class='container av-section-cont-open' ><div class='template-page content  av-content-small alpha units'><div class='post-entry post-entry-type-page post-entry-209'><div class='entry-content-wrapper clearfix'>\n<div  class='flex_column av-av_two_third-2a9015ff38129c418a3f2eafba3e9512 av_two_third  avia-builder-el-1  el_after_av_submenu  el_before_av_one_third  avia-builder-el-first  first flex_column_div  '     ><section  class='av_textblock_section av-av_textblock-0366cc7376be6c9e82a3e9cc8987b64f '   itemscope=\"itemscope\" itemtype=\"https:\/\/schema.org\/CreativeWork\" ><div class='avia_textblock'  itemprop=\"text\" ><p>Verre Equipements \u00a0dispose d&#8217;un bureau d&#8217;\u00e9tude \u00e9quip\u00e9 d&#8217;un logiciel C.A.O. associ\u00e9 \u00e0 une base de donn\u00e9es sp\u00e9cifique \u00e0 la verrerie de laboratoire.<\/p>\n<p>Notre bureau d&#8217;\u00e9tudes\u00a0 produit des plans \u00e0 l&#8217;\u00e9chelle pour \u00eatre valid\u00e9s afin de r\u00e9aliser nos fabrications.<\/p>\n<p>Tous les plans sont index\u00e9s informatiquement et archiv\u00e9s, ce qui nous permet de reproduire les pi\u00e8ces \u00e0 l&#8217;identique.<\/p>\n<\/div><\/section><\/div>\n<div  class='flex_column av-av_one_third-b51168870d26eac9084c0e2dc495efe0 av_one_third  avia-builder-el-3  el_after_av_two_third  el_before_av_layerslider  avia-builder-el-last  flex_column_div  '     ><div  class='avia-slideshow av-av_slideshow-30ec2c78be7dde6957a2c155176e7385 avia-slideshow-medium av_slideshow avia-fade-slider  avia-builder-el-4  avia-builder-el-no-sibling  av-slideshow-ui av-control-hidden av-no-slider-navigation av-hide-nav-arrows av-slideshow-autoplay av-loop-endless av-loop-manual-endless av-default-height-applied avia-slideshow-1' data-slideshow-options=\"{&quot;animation&quot;:&quot;fade&quot;,&quot;autoplay&quot;:true,&quot;loop_autoplay&quot;:&quot;endless&quot;,&quot;interval&quot;:2,&quot;loop_manual&quot;:&quot;manual-endless&quot;,&quot;autoplay_stopper&quot;:false,&quot;noNavigation&quot;:true,&quot;bg_slider&quot;:false,&quot;keep_padding&quot;:false,&quot;hoverpause&quot;:false,&quot;show_slide_delay&quot;:0}\"  itemprop=\"image\" itemscope=\"itemscope\" itemtype=\"https:\/\/schema.org\/ImageObject\" ><ul class='avia-slideshow-inner ' style='padding-bottom: 57%;'><li  class='avia-slideshow-slide av-av_slideshow-30ec2c78be7dde6957a2c155176e7385__0  slide-1 slide-odd'><div data-rel='slideshow-1' class='avia-slide-wrap '   ><img fetchpriority=\"high\" class=\"wp-image-560 avia-img-lazy-loading-not-560\"  src='https:\/\/www.verre-equipements.fr\/en\/wp-content\/uploads\/sites\/2\/2015\/06\/1-300x171.jpg' width='300' height='171' title='1' alt=''  itemprop=\"thumbnailUrl\"   \/><\/div><\/li><li  class='avia-slideshow-slide av-av_slideshow-30ec2c78be7dde6957a2c155176e7385__1  slide-2 slide-even'><div data-rel='slideshow-1' class='avia-slide-wrap '   ><img fetchpriority=\"high\" class=\"wp-image-561 avia-img-lazy-loading-not-561\"  src='https:\/\/www.verre-equipements.fr\/en\/wp-content\/uploads\/sites\/2\/2015\/06\/2-300x171.jpg' width='300' height='171' title='2' alt=''  itemprop=\"thumbnailUrl\"   \/><\/div><\/li><li  class='avia-slideshow-slide av-av_slideshow-30ec2c78be7dde6957a2c155176e7385__2  slide-3 slide-odd'><div data-rel='slideshow-1' class='avia-slide-wrap '   ><img fetchpriority=\"high\" class=\"wp-image-562 avia-img-lazy-loading-not-562\"  src='https:\/\/www.verre-equipements.fr\/en\/wp-content\/uploads\/sites\/2\/2015\/06\/3-300x171.jpg' width='300' height='171' title='3' alt=''  itemprop=\"thumbnailUrl\"   \/><\/div><\/li><\/ul><div class='avia-slideshow-arrows avia-slideshow-controls' ><a href='#prev' class='prev-slide  avia-svg-icon avia-font-svg_entypo-fontello' data-av_svg_icon='left-open-big' data-av_iconset='svg_entypo-fontello' tabindex='-1' title=\"Previous\"><svg version=\"1.1\" xmlns=\"http:\/\/www.w3.org\/2000\/svg\" width=\"15\" height=\"32\" viewBox=\"0 0 15 32\" preserveAspectRatio=\"xMidYMid meet\" aria-labelledby='av-svg-title-1' aria-describedby='av-svg-desc-1' role=\"graphics-symbol\" aria-hidden=\"true\">\n<title id='av-svg-title-1'>Previous<\/title>\n<desc id='av-svg-desc-1'>Previous<\/desc>\n<path d=\"M14.464 27.84q0.832 0.832 0 1.536-0.832 0.832-1.536 0l-12.544-12.608q-0.768-0.768 0-1.6l12.544-12.608q0.704-0.832 1.536 0 0.832 0.704 0 1.536l-11.456 11.904z\"><\/path>\n<\/svg><span class='avia_hidden_link_text'>Previous<\/span><\/a><a href='#next' class='next-slide  avia-svg-icon avia-font-svg_entypo-fontello' data-av_svg_icon='right-open-big' data-av_iconset='svg_entypo-fontello' tabindex='-1' title=\"Next\"><svg version=\"1.1\" xmlns=\"http:\/\/www.w3.org\/2000\/svg\" width=\"15\" height=\"32\" viewBox=\"0 0 15 32\" preserveAspectRatio=\"xMidYMid meet\" aria-labelledby='av-svg-title-2' aria-describedby='av-svg-desc-2' role=\"graphics-symbol\" aria-hidden=\"true\">\n<title id='av-svg-title-2'>Next<\/title>\n<desc id='av-svg-desc-2'>Next<\/desc>\n<path d=\"M0.416 27.84l11.456-11.84-11.456-11.904q-0.832-0.832 0-1.536 0.832-0.832 1.536 0l12.544 12.608q0.768 0.832 0 1.6l-12.544 12.608q-0.704 0.832-1.536 0-0.832-0.704 0-1.536z\"><\/path>\n<\/svg><span class='avia_hidden_link_text'>Next<\/span><\/a><\/div><\/div><\/div>\n<\/div><\/div><\/div><!-- close content main div --><\/div><\/div><div id='layer_slider_1'  class='avia-layerslider main_color avia-shadow  avia-builder-el-5  el_after_av_one_third  el_before_av_one_third  slider-not-first container_wrap sidebar_right'  style='height: 327px;'  ><\/div><div id='after_layer_slider_1'  class='main_color av_default_container_wrap container_wrap sidebar_right'  ><div class='container av-section-cont-open' ><div class='template-page content  av-content-small alpha units'><div class='post-entry post-entry-type-page post-entry-209'><div class='entry-content-wrapper clearfix'>\n<div  class='flex_column av-av_one_third-2a9015ff38129c418a3f2eafba3e9512 av_one_third  avia-builder-el-6  el_after_av_layerslider  el_before_av_one_third  avia-builder-el-first  first flex_column_div  '     ><section  class='av_textblock_section av-av_textblock-0366cc7376be6c9e82a3e9cc8987b64f '   itemscope=\"itemscope\" itemtype=\"https:\/\/schema.org\/CreativeWork\" ><div class='avia_textblock'  itemprop=\"text\" ><p><a name=\"pyrex\"><\/a><\/p>\n<h3>Atelier Borosilicate<\/h3>\n<p>Notre atelier est sp\u00e9cialis\u00e9 dans la fabrication et r\u00e9paration de pi\u00e8ce en verre borosilicate dans les domaines scientifiques et industrielles. (pharmaceutique, chimique\u2026)<\/p>\n<p>A chaque fabrication de pi\u00e8ce neuve est attribu\u00e9 un num\u00e9ro de plan afin d\u2019assurer la reproductibilit\u00e9 de la pi\u00e8ce sur simple demande du client. (\u00e0 ce jour plus de 15000 plans)<\/p>\n<p>Un stock important de mati\u00e8res premi\u00e8res est d\u00e9di\u00e9 \u00e0 la fabrication afin de r\u00e9pondre rapidement \u00e0 nos clients<\/p>\n<p>Contr\u00f4le de nos pi\u00e8ces avec <a href=\"https:\/\/www.verre-equipements.fr\/en\/polariscope.html\">polariscope<\/a><\/p>\n<p><strong>\u00a0<\/strong><\/p>\n<\/div><\/section><\/div>\n<div  class='flex_column av-av_one_third-b51168870d26eac9084c0e2dc495efe0 av_one_third  avia-builder-el-8  el_after_av_one_third  el_before_av_one_third  flex_column_div  '     ><section  class='av_textblock_section av-av_textblock-0366cc7376be6c9e82a3e9cc8987b64f '   itemscope=\"itemscope\" itemtype=\"https:\/\/schema.org\/CreativeWork\" ><div class='avia_textblock'  itemprop=\"text\" ><p><a name=\"quartz\"><\/a><\/p>\n<h3>Quartz<\/h3>\n<p>Notre <strong>atelier Quartz<\/strong> r\u00e9alise vos pi\u00e8ces sp\u00e9cifiques<strong> sur mesure<\/strong> dans des conditions optimales. Notre process respecte la pr\u00e9cision et la rigueur indispensables pour le fa\u00e7onnage du <strong>Quartz<\/strong>.<\/p>\n<p>Notre \u00e9quipement inclut une salle de lavage afin de d\u00e9gager toute impuret\u00e9 dans le <strong>Quartz<\/strong>.<\/p>\n<\/div><\/section><\/div>\n<div  class='flex_column av-av_one_third-b51168870d26eac9084c0e2dc495efe0 av_one_third  avia-builder-el-10  el_after_av_one_third  el_before_av_image  flex_column_div  '     ><style type=\"text\/css\" data-created_by=\"avia_inline_auto\" id=\"style-css-av-av_image-f331f2e0b20582400c20926607b966e6\">\n.avia-image-container.av-av_image-f331f2e0b20582400c20926607b966e6 img.avia_image{\nbox-shadow:none;\n}\n.avia-image-container.av-av_image-f331f2e0b20582400c20926607b966e6 .av-image-caption-overlay-center{\ncolor:#ffffff;\n}\n<\/style>\n<div  class='avia-image-container av-av_image-f331f2e0b20582400c20926607b966e6 av-styling- avia-align-center  avia-builder-el-11  avia-builder-el-no-sibling '   itemprop=\"image\" itemscope=\"itemscope\" itemtype=\"https:\/\/schema.org\/ImageObject\" ><div class=\"avia-image-container-inner\"><div class=\"avia-image-overlay-wrap\"><img fetchpriority=\"high\" class='wp-image-1150 avia-img-lazy-loading-not-1150 avia_image ' src='https:\/\/www.verre-equipements.fr\/en\/wp-content\/uploads\/sites\/2\/2015\/06\/soufflage-de-verre-quartz-atelier-verre-equipements.jpg' alt='Soufflage de verre quartz' title='soufflage de verre quartz atelier verre equipements'  height=\"490\" width=\"653\"  itemprop=\"thumbnailUrl\"  \/><\/div><\/div><\/div><\/div>\n\n<style type=\"text\/css\" data-created_by=\"avia_inline_auto\" id=\"style-css-av-av_image-c8fa6f48a8aa5e6a0e26c9e3cf8b292a\">\n.avia-image-container.av-av_image-c8fa6f48a8aa5e6a0e26c9e3cf8b292a img.avia_image{\nbox-shadow:none;\n}\n.avia-image-container.av-av_image-c8fa6f48a8aa5e6a0e26c9e3cf8b292a .av-image-caption-overlay-center{\ncolor:#ffffff;\n}\n<\/style>\n<div  class='avia-image-container av-av_image-c8fa6f48a8aa5e6a0e26c9e3cf8b292a av-styling- avia-align-center  avia-builder-el-12  el_after_av_one_third  el_before_av_hr '   itemprop=\"image\" itemscope=\"itemscope\" itemtype=\"https:\/\/schema.org\/ImageObject\" ><div class=\"avia-image-container-inner\"><div class=\"avia-image-overlay-wrap\"><img fetchpriority=\"high\" class='wp-image-455 avia-img-lazy-loading-not-455 avia_image ' src='https:\/\/www.verre-equipements.fr\/en\/wp-content\/uploads\/sites\/2\/2015\/06\/pano2.jpg' alt='atelier verre equipements soufflage de verre' title='pano2'  height=\"737\" width=\"4761\"  itemprop=\"thumbnailUrl\"  \/><\/div><\/div><\/div>\n<div  class='hr av-av_hr-dcd2069817a0e3d34ae04cad8f3443c7 hr-default  avia-builder-el-13  el_after_av_image  el_before_av_two_third '><span class='hr-inner '><span class=\"hr-inner-style\"><\/span><\/span><\/div>\n<div  class='flex_column av-av_two_third-2a9015ff38129c418a3f2eafba3e9512 av_two_third  avia-builder-el-14  el_after_av_hr  el_before_av_one_third  first flex_column_div  '     ><section  class='av_textblock_section av-av_textblock-0366cc7376be6c9e82a3e9cc8987b64f '   itemscope=\"itemscope\" itemtype=\"https:\/\/schema.org\/CreativeWork\" ><div class='avia_textblock'  itemprop=\"text\" ><h2>Soufflage de verre Laboratoire<\/h2>\n<p>Verre \u00e9quipements est sp\u00e9cialis\u00e9 dans la conception de pi\u00e8ce en verre borosilicate ou quartz pour les laboratoires, la chimie et la recherche. Nous fabriquons des pi\u00e8ces sur mesure ou standard suivant votre demande dans le but de r\u00e9pondre aux besoins de notre client\u00e8le.<br \/>\nNous avons \u00e9tendu notre activit\u00e9 au travail de l\u2019inox et du PTFE, \u00e0 l\u2019usinage et \u00e0 la rectification du verre.<\/p>\n<p>Nous proposons \u00e9galement des syst\u00e8mes de fixation et d\u2019agitation pour les montages de verrerie.<\/p>\n<\/div><\/section><\/div><div  class='flex_column av-av_one_third-b51168870d26eac9084c0e2dc495efe0 av_one_third  avia-builder-el-16  el_after_av_two_third  avia-builder-el-last  flex_column_div  '     ><style type=\"text\/css\" data-created_by=\"avia_inline_auto\" id=\"style-css-av-av_image-edd150adf22fc8cad5355e2c33f21c57\">\n.avia-image-container.av-av_image-edd150adf22fc8cad5355e2c33f21c57 img.avia_image{\nbox-shadow:none;\n}\n.avia-image-container.av-av_image-edd150adf22fc8cad5355e2c33f21c57 .av-image-caption-overlay-center{\ncolor:#ffffff;\n}\n<\/style>\n<div  class='avia-image-container av-av_image-edd150adf22fc8cad5355e2c33f21c57 av-styling- avia-align-center  avia-builder-el-17  avia-builder-el-no-sibling '   itemprop=\"image\" itemscope=\"itemscope\" itemtype=\"https:\/\/schema.org\/ImageObject\" ><div class=\"avia-image-container-inner\"><div class=\"avia-image-overlay-wrap\"><img fetchpriority=\"high\" class='wp-image-1151 avia-img-lazy-loading-not-1151 avia_image ' src='https:\/\/www.verre-equipements.fr\/en\/wp-content\/uploads\/sites\/2\/2015\/06\/soufflage-de-verre-laboratoire-verre-equipements.jpg' alt='Soufflage de verre laboratoire' title='soufflage de verre laboratoire verre equipements'  height=\"490\" width=\"653\"  itemprop=\"thumbnailUrl\"  \/><\/div><\/div><\/div><\/div><\/p>\n","protected":false},"excerpt":{"rendered":"","protected":false},"author":1,"featured_media":0,"parent":0,"menu_order":0,"comment_status":"closed","ping_status":"closed","template":"","meta":{"footnotes":""},"class_list":["post-209","page","type-page","status-publish","hentry"],"yoast_head":"<!-- This site is optimized with the Yoast SEO plugin v17.8 - https:\/\/yoast.com\/wordpress\/plugins\/seo\/ -->\n<title>Atelier conception verrerie industrielle et laboratoire<\/title>\n<meta name=\"description\" content=\"atelier fabrication soufflage de verre\" \/>\n<meta name=\"robots\" content=\"noindex, follow\" \/>\n<meta property=\"og:locale\" content=\"en_GB\" \/>\n<meta property=\"og:type\" content=\"article\" \/>\n<meta property=\"og:title\" content=\"Atelier conception verrerie industrielle et laboratoire\" \/>\n<meta property=\"og:description\" content=\"atelier fabrication soufflage de verre\" \/>\n<meta property=\"og:url\" content=\"https:\/\/www.verre-equipements.fr\/atelier-conception.html\" \/>\n<meta property=\"og:site_name\" content=\"Verre Equipement Anglais\" \/>\n<meta property=\"article:modified_time\" content=\"2020-11-08T15:10:54+00:00\" \/>\n<meta name=\"twitter:card\" content=\"summary_large_image\" \/>\n<meta name=\"twitter:label1\" content=\"Estimated reading time\" \/>\n\t<meta name=\"twitter:data1\" content=\"4 minutes\" \/>\n<script type=\"application\/ld+json\" class=\"yoast-schema-graph\">{\"@context\":\"https:\/\/schema.org\",\"@graph\":[{\"@type\":\"WebSite\",\"@id\":\"https:\/\/www.verre-equipements.fr\/en\/#website\",\"url\":\"https:\/\/www.verre-equipements.fr\/en\/\",\"name\":\"Verre Equipement Anglais\",\"description\":\"Fabrication verrerie laboratoire et industrie\",\"potentialAction\":[{\"@type\":\"SearchAction\",\"target\":{\"@type\":\"EntryPoint\",\"urlTemplate\":\"https:\/\/www.verre-equipements.fr\/en\/?s={search_term_string}\"},\"query-input\":\"required name=search_term_string\"}],\"inLanguage\":\"en-GB\"},{\"@type\":\"WebPage\",\"@id\":\"https:\/\/www.verre-equipements.fr\/atelier-conception.html#webpage\",\"url\":\"https:\/\/www.verre-equipements.fr\/atelier-conception.html\",\"name\":\"Atelier conception verrerie industrielle et laboratoire\",\"isPartOf\":{\"@id\":\"https:\/\/www.verre-equipements.fr\/en\/#website\"},\"datePublished\":\"2015-06-01T07:07:56+00:00\",\"dateModified\":\"2020-11-08T15:10:54+00:00\",\"description\":\"atelier fabrication soufflage de verre\",\"breadcrumb\":{\"@id\":\"https:\/\/www.verre-equipements.fr\/atelier-conception.html#breadcrumb\"},\"inLanguage\":\"en-GB\",\"potentialAction\":[{\"@type\":\"ReadAction\",\"target\":[\"https:\/\/www.verre-equipements.fr\/atelier-conception.html\"]}]},{\"@type\":\"BreadcrumbList\",\"@id\":\"https:\/\/www.verre-equipements.fr\/atelier-conception.html#breadcrumb\",\"itemListElement\":[{\"@type\":\"ListItem\",\"position\":1,\"name\":\"Accueil\",\"item\":\"https:\/\/www.verre-equipements.fr\/en\/\"},{\"@type\":\"ListItem\",\"position\":2,\"name\":\"Atelier \/ Conception\"}]}]}<\/script>\n<!-- \/ Yoast SEO plugin. -->","yoast_head_json":{"title":"Atelier conception verrerie industrielle et laboratoire","description":"atelier fabrication soufflage de verre","robots":{"index":"noindex","follow":"follow"},"og_locale":"en_GB","og_type":"article","og_title":"Atelier conception verrerie industrielle et laboratoire","og_description":"atelier fabrication soufflage de verre","og_url":"https:\/\/www.verre-equipements.fr\/atelier-conception.html","og_site_name":"Verre Equipement Anglais","article_modified_time":"2020-11-08T15:10:54+00:00","twitter_card":"summary_large_image","twitter_misc":{"Estimated reading time":"4 minutes"},"schema":{"@context":"https:\/\/schema.org","@graph":[{"@type":"WebSite","@id":"https:\/\/www.verre-equipements.fr\/en\/#website","url":"https:\/\/www.verre-equipements.fr\/en\/","name":"Verre Equipement Anglais","description":"Fabrication verrerie laboratoire et industrie","potentialAction":[{"@type":"SearchAction","target":{"@type":"EntryPoint","urlTemplate":"https:\/\/www.verre-equipements.fr\/en\/?s={search_term_string}"},"query-input":"required name=search_term_string"}],"inLanguage":"en-GB"},{"@type":"WebPage","@id":"https:\/\/www.verre-equipements.fr\/atelier-conception.html#webpage","url":"https:\/\/www.verre-equipements.fr\/atelier-conception.html","name":"Atelier conception verrerie industrielle et laboratoire","isPartOf":{"@id":"https:\/\/www.verre-equipements.fr\/en\/#website"},"datePublished":"2015-06-01T07:07:56+00:00","dateModified":"2020-11-08T15:10:54+00:00","description":"atelier fabrication soufflage de verre","breadcrumb":{"@id":"https:\/\/www.verre-equipements.fr\/atelier-conception.html#breadcrumb"},"inLanguage":"en-GB","potentialAction":[{"@type":"ReadAction","target":["https:\/\/www.verre-equipements.fr\/atelier-conception.html"]}]},{"@type":"BreadcrumbList","@id":"https:\/\/www.verre-equipements.fr\/atelier-conception.html#breadcrumb","itemListElement":[{"@type":"ListItem","position":1,"name":"Accueil","item":"https:\/\/www.verre-equipements.fr\/en\/"},{"@type":"ListItem","position":2,"name":"Atelier \/ Conception"}]}]}},"_links":{"self":[{"href":"https:\/\/www.verre-equipements.fr\/en\/wp-json\/wp\/v2\/pages\/209","targetHints":{"allow":["GET"]}}],"collection":[{"href":"https:\/\/www.verre-equipements.fr\/en\/wp-json\/wp\/v2\/pages"}],"about":[{"href":"https:\/\/www.verre-equipements.fr\/en\/wp-json\/wp\/v2\/types\/page"}],"author":[{"embeddable":true,"href":"https:\/\/www.verre-equipements.fr\/en\/wp-json\/wp\/v2\/users\/1"}],"replies":[{"embeddable":true,"href":"https:\/\/www.verre-equipements.fr\/en\/wp-json\/wp\/v2\/comments?post=209"}],"version-history":[{"count":20,"href":"https:\/\/www.verre-equipements.fr\/en\/wp-json\/wp\/v2\/pages\/209\/revisions"}],"predecessor-version":[{"id":2273,"href":"https:\/\/www.verre-equipements.fr\/en\/wp-json\/wp\/v2\/pages\/209\/revisions\/2273"}],"wp:attachment":[{"href":"https:\/\/www.verre-equipements.fr\/en\/wp-json\/wp\/v2\/media?parent=209"}],"curies":[{"name":"wp","href":"https:\/\/api.w.org\/{rel}","templated":true}]}}