{"id":823,"date":"2015-09-16T16:56:12","date_gmt":"2015-09-16T15:56:12","guid":{"rendered":"https:\/\/www.verre-equipements.fr\/en\/?page_id=823"},"modified":"2020-11-08T18:15:23","modified_gmt":"2020-11-08T17:15:23","slug":"hublots-et-disques-borosilicate","status":"publish","type":"page","link":"https:\/\/www.verre-equipements.fr\/en\/hublots-et-disques-borosilicate.html","title":{"rendered":"Hublots et disques borosilicate"},"content":{"rendered":"<div  class='flex_column av-av_three_fifth-2a9015ff38129c418a3f2eafba3e9512 av_three_fifth  avia-builder-el-0  el_before_av_two_fifth  avia-builder-el-first  first flex_column_div  '     ><section  class='av_textblock_section av-av_textblock-0366cc7376be6c9e82a3e9cc8987b64f '   itemscope=\"itemscope\" itemtype=\"https:\/\/schema.org\/CreativeWork\" ><div class='avia_textblock'  itemprop=\"text\" ><h2>Fabricant de hublot en verre<\/h2>\n<p><span style=\"color: #333333;\">Les <strong>Hublots<\/strong> ou <strong class=\"d2b\">disques<\/strong> sont en <strong class=\"d2b\">verre borosilicate<\/strong>. Nous pouvons vous fournir diff\u00e9rents diam\u00e8tres et \u00e9paisseurs.<\/span><\/p>\n<p><span style=\"color: #333333;\">Le <strong>verre borosilicate<\/strong> ou verre \u00e0 base de borosilicate repr\u00e9sente une sp\u00e9cialit\u00e9 de verres supportant d\u2019assez hautes temp\u00e9ratures pour la <strong>fabrication de hublot<\/strong>. Ce type de verre pr\u00e9sente une temp\u00e9rature de travail interm\u00e9diaire entre les verres traditionnels \u00e0 base de soude et les verres cristal \u00e0 base de quartz. Ces verres ont un faible coefficient de dilatation thermique et sont moins sensibles aux chocs thermiques. Ils pr\u00e9sentent en outre un bonne r\u00e9sistance chimique pour un <strong class=\"d2b\">hublot en verre<\/strong>.<\/span><\/p>\n<h3><span style=\"text-decoration: underline; color: #333333;\"><strong>Propri\u00e9t\u00e9s thermiques du verre pour la fabrication de hublot<br \/>\n<\/strong><\/span><\/h3>\n<p><span style=\"color: #333333;\">Ce <strong class=\"d2b\">verre<\/strong> r\u00e9siste bien aux chocs thermiques, m\u00eame en forte \u00e9paisseur. Il peut \u00eatre utilis\u00e9 jusqu\u2019\u00e0 des temp\u00e9ratures de l\u2019ordre de 400 \u00b0C.<\/span><br \/>\n<span style=\"color: #333333;\">Il est recommand\u00e9 toutefois lorsque l\u2019on atteint ces temp\u00e9ratures de surveiller soigneusement le refroidissement qui doit se faire lentement et progressivement, surtout si le <strong class=\"d2b\">hublot<\/strong> est \u00e9pais.<\/span><\/p>\n<h3><span style=\"text-decoration: underline; color: #333333;\"><strong>Nettoyage du hublot en verre<br \/>\n<\/strong><\/span><\/h3>\n<p><span style=\"color: #333333;\">Le <strong class=\"d2b\">verre borosilicate<\/strong>, s\u2019accommodant \u00e0 de hautes temp\u00e9ratures, va ais\u00e9ment dans les appareils \u00e0 laver la vaisselle et supporte les produits d\u2019entretien les plus corrosifs.<\/span><\/p>\n<p><span style=\"color: #3366ff;\"><a style=\"color: #3366ff;\" href=\"https:\/\/www.verre-equipements.fr\/en\/demande-de-devis.html\">Nous contacter<\/a><\/span><\/p>\n<\/div><\/section><\/div><div  class='flex_column av-av_two_fifth-b51168870d26eac9084c0e2dc495efe0 av_two_fifth  avia-builder-el-2  el_after_av_three_fifth  avia-builder-el-last  flex_column_div  '     ><p>\n<style type=\"text\/css\" data-created_by=\"avia_inline_auto\" id=\"style-css-av-av_image-43de6ff7e36fa3fac8fcc646332b052f\">\n.avia-image-container.av-av_image-43de6ff7e36fa3fac8fcc646332b052f img.avia_image{\nbox-shadow:none;\n}\n.avia-image-container.av-av_image-43de6ff7e36fa3fac8fcc646332b052f .av-image-caption-overlay-center{\ncolor:#ffffff;\n}\n<\/style>\n<div  class='avia-image-container av-av_image-43de6ff7e36fa3fac8fcc646332b052f av-styling- avia-align-center  avia-builder-el-3  el_before_av_image  avia-builder-el-first '   itemprop=\"image\" itemscope=\"itemscope\" itemtype=\"https:\/\/schema.org\/ImageObject\" ><div class=\"avia-image-container-inner\"><div class=\"avia-image-overlay-wrap\"><img fetchpriority=\"high\" class='wp-image-1062 avia-img-lazy-loading-not-1062 avia_image ' src='https:\/\/www.verre-equipements.fr\/en\/wp-content\/uploads\/sites\/2\/2015\/04\/hublot-disque-pyrex-borosilicate-1.jpg' alt='Hublot verre borosilicate, fabricant hublot en verre' title=''  height=\"267\" width=\"238\"  itemprop=\"thumbnailUrl\"  \/><\/div><\/div><\/div><br \/>\n\n<style type=\"text\/css\" data-created_by=\"avia_inline_auto\" id=\"style-css-av-av_image-2f64027424d7227ba914519d97e84598\">\n.avia-image-container.av-av_image-2f64027424d7227ba914519d97e84598 img.avia_image{\nbox-shadow:none;\n}\n.avia-image-container.av-av_image-2f64027424d7227ba914519d97e84598 .av-image-caption-overlay-center{\ncolor:#ffffff;\n}\n<\/style>\n<div  class='avia-image-container av-av_image-2f64027424d7227ba914519d97e84598 av-styling- avia_animated_image av-animated-when-visible-95 right-to-left avia-align-center  avia-builder-el-4  el_after_av_image  avia-builder-el-last '   itemprop=\"image\" itemscope=\"itemscope\" itemtype=\"https:\/\/schema.org\/ImageObject\" ><div class=\"avia-image-container-inner\"><div class=\"avia-image-overlay-wrap\"><img fetchpriority=\"high\" class='avia-img-lazy-loading-not- avia_image ' src='https:\/\/www.verre-equipements.fr\/en\/wp-content\/uploads\/sites\/2\/2015\/09\/hublot-disque-pyrex-borosilicate-267x300.jpg' alt='' title=''   itemprop=\"thumbnailUrl\"  \/><\/div><\/div><\/div><\/p><\/div><\/p>\n","protected":false},"excerpt":{"rendered":"","protected":false},"author":1,"featured_media":0,"parent":0,"menu_order":0,"comment_status":"closed","ping_status":"closed","template":"","meta":{"footnotes":""},"class_list":["post-823","page","type-page","status-publish","hentry"],"yoast_head":"<!-- This site is optimized with the Yoast SEO plugin v17.8 - https:\/\/yoast.com\/wordpress\/plugins\/seo\/ -->\n<title>Hublot verre, fabricant de disque en verre borosilicate<\/title>\n<meta name=\"description\" content=\"Verre Equipements fabrique des hublot en verre borosilicate. Contactez-nous pour vos besoins en disque en verre et pour obtenir un devis.\" \/>\n<meta name=\"robots\" content=\"noindex, follow\" \/>\n<meta property=\"og:locale\" content=\"en_GB\" \/>\n<meta property=\"og:type\" content=\"article\" \/>\n<meta property=\"og:title\" content=\"Hublot verre, fabricant de disque en verre borosilicate\" \/>\n<meta property=\"og:description\" content=\"Verre Equipements fabrique des hublot en verre borosilicate. Contactez-nous pour vos besoins en disque en verre et pour obtenir un devis.\" \/>\n<meta property=\"og:url\" content=\"https:\/\/www.verre-equipements.fr\/hublots-et-disques-borosilicate.html\" \/>\n<meta property=\"og:site_name\" content=\"Verre Equipement Anglais\" \/>\n<meta property=\"article:modified_time\" content=\"2020-11-08T17:15:23+00:00\" \/>\n<meta name=\"twitter:card\" content=\"summary_large_image\" \/>\n<meta name=\"twitter:label1\" content=\"Estimated reading time\" \/>\n\t<meta name=\"twitter:data1\" content=\"2 minutes\" \/>\n<script type=\"application\/ld+json\" class=\"yoast-schema-graph\">{\"@context\":\"https:\/\/schema.org\",\"@graph\":[{\"@type\":\"WebSite\",\"@id\":\"https:\/\/www.verre-equipements.fr\/en\/#website\",\"url\":\"https:\/\/www.verre-equipements.fr\/en\/\",\"name\":\"Verre Equipement Anglais\",\"description\":\"Fabrication verrerie laboratoire et industrie\",\"potentialAction\":[{\"@type\":\"SearchAction\",\"target\":{\"@type\":\"EntryPoint\",\"urlTemplate\":\"https:\/\/www.verre-equipements.fr\/en\/?s={search_term_string}\"},\"query-input\":\"required name=search_term_string\"}],\"inLanguage\":\"en-GB\"},{\"@type\":\"WebPage\",\"@id\":\"https:\/\/www.verre-equipements.fr\/hublots-et-disques-borosilicate.html#webpage\",\"url\":\"https:\/\/www.verre-equipements.fr\/hublots-et-disques-borosilicate.html\",\"name\":\"Hublot verre, fabricant de disque en verre borosilicate\",\"isPartOf\":{\"@id\":\"https:\/\/www.verre-equipements.fr\/en\/#website\"},\"datePublished\":\"2015-09-16T15:56:12+00:00\",\"dateModified\":\"2020-11-08T17:15:23+00:00\",\"description\":\"Verre Equipements fabrique des hublot en verre borosilicate. Contactez-nous pour vos besoins en disque en verre et pour obtenir un devis.\",\"breadcrumb\":{\"@id\":\"https:\/\/www.verre-equipements.fr\/hublots-et-disques-borosilicate.html#breadcrumb\"},\"inLanguage\":\"en-GB\",\"potentialAction\":[{\"@type\":\"ReadAction\",\"target\":[\"https:\/\/www.verre-equipements.fr\/hublots-et-disques-borosilicate.html\"]}]},{\"@type\":\"BreadcrumbList\",\"@id\":\"https:\/\/www.verre-equipements.fr\/hublots-et-disques-borosilicate.html#breadcrumb\",\"itemListElement\":[{\"@type\":\"ListItem\",\"position\":1,\"name\":\"Accueil\",\"item\":\"https:\/\/www.verre-equipements.fr\/en\/\"},{\"@type\":\"ListItem\",\"position\":2,\"name\":\"Hublots et disques borosilicate\"}]}]}<\/script>\n<!-- \/ Yoast SEO plugin. -->","yoast_head_json":{"title":"Hublot verre, fabricant de disque en verre borosilicate","description":"Verre Equipements fabrique des hublot en verre borosilicate. Contactez-nous pour vos besoins en disque en verre et pour obtenir un devis.","robots":{"index":"noindex","follow":"follow"},"og_locale":"en_GB","og_type":"article","og_title":"Hublot verre, fabricant de disque en verre borosilicate","og_description":"Verre Equipements fabrique des hublot en verre borosilicate. Contactez-nous pour vos besoins en disque en verre et pour obtenir un devis.","og_url":"https:\/\/www.verre-equipements.fr\/hublots-et-disques-borosilicate.html","og_site_name":"Verre Equipement Anglais","article_modified_time":"2020-11-08T17:15:23+00:00","twitter_card":"summary_large_image","twitter_misc":{"Estimated reading time":"2 minutes"},"schema":{"@context":"https:\/\/schema.org","@graph":[{"@type":"WebSite","@id":"https:\/\/www.verre-equipements.fr\/en\/#website","url":"https:\/\/www.verre-equipements.fr\/en\/","name":"Verre Equipement Anglais","description":"Fabrication verrerie laboratoire et industrie","potentialAction":[{"@type":"SearchAction","target":{"@type":"EntryPoint","urlTemplate":"https:\/\/www.verre-equipements.fr\/en\/?s={search_term_string}"},"query-input":"required name=search_term_string"}],"inLanguage":"en-GB"},{"@type":"WebPage","@id":"https:\/\/www.verre-equipements.fr\/hublots-et-disques-borosilicate.html#webpage","url":"https:\/\/www.verre-equipements.fr\/hublots-et-disques-borosilicate.html","name":"Hublot verre, fabricant de disque en verre borosilicate","isPartOf":{"@id":"https:\/\/www.verre-equipements.fr\/en\/#website"},"datePublished":"2015-09-16T15:56:12+00:00","dateModified":"2020-11-08T17:15:23+00:00","description":"Verre Equipements fabrique des hublot en verre borosilicate. Contactez-nous pour vos besoins en disque en verre et pour obtenir un devis.","breadcrumb":{"@id":"https:\/\/www.verre-equipements.fr\/hublots-et-disques-borosilicate.html#breadcrumb"},"inLanguage":"en-GB","potentialAction":[{"@type":"ReadAction","target":["https:\/\/www.verre-equipements.fr\/hublots-et-disques-borosilicate.html"]}]},{"@type":"BreadcrumbList","@id":"https:\/\/www.verre-equipements.fr\/hublots-et-disques-borosilicate.html#breadcrumb","itemListElement":[{"@type":"ListItem","position":1,"name":"Accueil","item":"https:\/\/www.verre-equipements.fr\/en\/"},{"@type":"ListItem","position":2,"name":"Hublots et disques borosilicate"}]}]}},"_links":{"self":[{"href":"https:\/\/www.verre-equipements.fr\/en\/wp-json\/wp\/v2\/pages\/823","targetHints":{"allow":["GET"]}}],"collection":[{"href":"https:\/\/www.verre-equipements.fr\/en\/wp-json\/wp\/v2\/pages"}],"about":[{"href":"https:\/\/www.verre-equipements.fr\/en\/wp-json\/wp\/v2\/types\/page"}],"author":[{"embeddable":true,"href":"https:\/\/www.verre-equipements.fr\/en\/wp-json\/wp\/v2\/users\/1"}],"replies":[{"embeddable":true,"href":"https:\/\/www.verre-equipements.fr\/en\/wp-json\/wp\/v2\/comments?post=823"}],"version-history":[{"count":9,"href":"https:\/\/www.verre-equipements.fr\/en\/wp-json\/wp\/v2\/pages\/823\/revisions"}],"predecessor-version":[{"id":2252,"href":"https:\/\/www.verre-equipements.fr\/en\/wp-json\/wp\/v2\/pages\/823\/revisions\/2252"}],"wp:attachment":[{"href":"https:\/\/www.verre-equipements.fr\/en\/wp-json\/wp\/v2\/media?parent=823"}],"curies":[{"name":"wp","href":"https:\/\/api.w.org\/{rel}","templated":true}]}}