{"id":842,"date":"2015-09-29T16:05:10","date_gmt":"2015-09-29T15:05:10","guid":{"rendered":"https:\/\/www.verre-equipements.fr\/en\/?page_id=842"},"modified":"2020-11-08T18:14:59","modified_gmt":"2020-11-08T17:14:59","slug":"refrigerant-a-serpentin","status":"publish","type":"page","link":"https:\/\/www.verre-equipements.fr\/en\/refrigerant-a-serpentin.html","title":{"rendered":"R\u00e9frig\u00e9rant \u00e0 serpentin"},"content":{"rendered":"<div  class='flex_column av-av_one_half-2a9015ff38129c418a3f2eafba3e9512 av_one_half  avia-builder-el-0  el_before_av_one_half  avia-builder-el-first  first flex_column_div  '     ><section  class='av_textblock_section av-av_textblock-0366cc7376be6c9e82a3e9cc8987b64f '   itemscope=\"itemscope\" itemtype=\"https:\/\/schema.org\/CreativeWork\" ><div class='avia_textblock'  itemprop=\"text\" ><h2><strong><span style=\"text-decoration: underline;\">R\u00e9frig\u00e9rant \u00e0 serpentin<\/span><\/strong><\/h2>\n<hr \/>\n<ul>\n<li>Simple effet<\/li>\n<li>double effet<\/li>\n<li>Toutes connectiques<\/li>\n<li>Longueur et diam\u00e8tre sur mesure<\/li>\n<\/ul>\n<hr \/>\n<p><span style=\"color: #3366ff;\"><a style=\"color: #3366ff;\" href=\"https:\/\/www.verre-equipements.fr\/en\/demande-de-devis.html\">Nous contacter<\/a><\/span><\/p>\n<\/div><\/section><\/div><div  class='flex_column av-av_one_half-b51168870d26eac9084c0e2dc495efe0 av_one_half  avia-builder-el-2  el_after_av_one_half  avia-builder-el-last  flex_column_div  '     ><style type=\"text\/css\" data-created_by=\"avia_inline_auto\" id=\"style-css-av-av_image-bc7660444b1bdf494508f05c2eb941b1\">\n.avia-image-container.av-av_image-bc7660444b1bdf494508f05c2eb941b1 img.avia_image{\nbox-shadow:none;\n}\n.avia-image-container.av-av_image-bc7660444b1bdf494508f05c2eb941b1 .av-image-caption-overlay-center{\ncolor:#ffffff;\n}\n<\/style>\n<div  class='avia-image-container av-av_image-bc7660444b1bdf494508f05c2eb941b1 av-styling- avia_animated_image av-animated-when-visible-95 right-to-left avia-align-center  avia-builder-el-3  avia-builder-el-no-sibling '   itemprop=\"image\" itemscope=\"itemscope\" itemtype=\"https:\/\/schema.org\/ImageObject\" ><div class=\"avia-image-container-inner\"><div class=\"avia-image-overlay-wrap\"><img fetchpriority=\"high\" class='wp-image-865 avia-img-lazy-loading-not-865 avia_image ' src='https:\/\/www.verre-equipements.fr\/en\/wp-content\/uploads\/sites\/2\/2015\/09\/refrigerant-a-serpentin-double-effet-borosilicate-coucher.gif' alt='R\u00e9frig\u00e9rant \u00e0 serpentin double effet borosilicate' title='refrigerant a serpentin double effet borosilicate coucher'  height=\"160\" width=\"700\"  itemprop=\"thumbnailUrl\"  \/><\/div><\/div><\/div><\/div><\/p>\n","protected":false},"excerpt":{"rendered":"","protected":false},"author":1,"featured_media":0,"parent":0,"menu_order":0,"comment_status":"closed","ping_status":"closed","template":"","meta":{"footnotes":""},"class_list":["post-842","page","type-page","status-publish","hentry"],"yoast_head":"<!-- This site is optimized with the Yoast SEO plugin v17.8 - https:\/\/yoast.com\/wordpress\/plugins\/seo\/ -->\n<title>R\u00e9frig\u00e9rant \u00e0 serpentin, serpentin r\u00e9frig\u00e9rant verre<\/title>\n<meta name=\"description\" content=\"Verre Equipements fabrique des r\u00e9frig\u00e9rants \u00e0 serpentin selon vos besoins. Contactez-nous pour en savoir plus et obtenir un devis sur mesure.\" \/>\n<meta name=\"robots\" content=\"noindex, follow\" \/>\n<meta property=\"og:locale\" content=\"en_GB\" \/>\n<meta property=\"og:type\" content=\"article\" \/>\n<meta property=\"og:title\" content=\"R\u00e9frig\u00e9rant \u00e0 serpentin, serpentin r\u00e9frig\u00e9rant verre\" \/>\n<meta property=\"og:description\" content=\"Verre Equipements fabrique des r\u00e9frig\u00e9rants \u00e0 serpentin selon vos besoins. Contactez-nous pour en savoir plus et obtenir un devis sur mesure.\" \/>\n<meta property=\"og:url\" content=\"https:\/\/www.verre-equipements.fr\/en\/refrigerant-a-serpentin.html\" \/>\n<meta property=\"og:site_name\" content=\"Verre Equipement Anglais\" \/>\n<meta property=\"article:modified_time\" content=\"2020-11-08T17:14:59+00:00\" \/>\n<meta name=\"twitter:card\" content=\"summary_large_image\" \/>\n<script type=\"application\/ld+json\" class=\"yoast-schema-graph\">{\"@context\":\"https:\/\/schema.org\",\"@graph\":[{\"@type\":\"WebSite\",\"@id\":\"https:\/\/www.verre-equipements.fr\/en\/#website\",\"url\":\"https:\/\/www.verre-equipements.fr\/en\/\",\"name\":\"Verre Equipement Anglais\",\"description\":\"Fabrication verrerie laboratoire et industrie\",\"potentialAction\":[{\"@type\":\"SearchAction\",\"target\":{\"@type\":\"EntryPoint\",\"urlTemplate\":\"https:\/\/www.verre-equipements.fr\/en\/?s={search_term_string}\"},\"query-input\":\"required name=search_term_string\"}],\"inLanguage\":\"en-GB\"},{\"@type\":\"WebPage\",\"@id\":\"https:\/\/www.verre-equipements.fr\/en\/refrigerant-a-serpentin.html#webpage\",\"url\":\"https:\/\/www.verre-equipements.fr\/en\/refrigerant-a-serpentin.html\",\"name\":\"R\\u00e9frig\\u00e9rant \\u00e0 serpentin, serpentin r\\u00e9frig\\u00e9rant verre\",\"isPartOf\":{\"@id\":\"https:\/\/www.verre-equipements.fr\/en\/#website\"},\"datePublished\":\"2015-09-29T15:05:10+00:00\",\"dateModified\":\"2020-11-08T17:14:59+00:00\",\"description\":\"Verre Equipements fabrique des r\\u00e9frig\\u00e9rants \\u00e0 serpentin selon vos besoins. Contactez-nous pour en savoir plus et obtenir un devis sur mesure.\",\"breadcrumb\":{\"@id\":\"https:\/\/www.verre-equipements.fr\/en\/refrigerant-a-serpentin.html#breadcrumb\"},\"inLanguage\":\"en-GB\",\"potentialAction\":[{\"@type\":\"ReadAction\",\"target\":[\"https:\/\/www.verre-equipements.fr\/en\/refrigerant-a-serpentin.html\"]}]},{\"@type\":\"BreadcrumbList\",\"@id\":\"https:\/\/www.verre-equipements.fr\/en\/refrigerant-a-serpentin.html#breadcrumb\",\"itemListElement\":[{\"@type\":\"ListItem\",\"position\":1,\"name\":\"Accueil\",\"item\":\"https:\/\/www.verre-equipements.fr\/en\/\"},{\"@type\":\"ListItem\",\"position\":2,\"name\":\"R\\u00e9frig\\u00e9rant \\u00e0 serpentin\"}]}]}<\/script>\n<!-- \/ Yoast SEO plugin. -->","yoast_head_json":{"title":"R\u00e9frig\u00e9rant \u00e0 serpentin, serpentin r\u00e9frig\u00e9rant verre","description":"Verre Equipements fabrique des r\u00e9frig\u00e9rants \u00e0 serpentin selon vos besoins. Contactez-nous pour en savoir plus et obtenir un devis sur mesure.","robots":{"index":"noindex","follow":"follow"},"og_locale":"en_GB","og_type":"article","og_title":"R\u00e9frig\u00e9rant \u00e0 serpentin, serpentin r\u00e9frig\u00e9rant verre","og_description":"Verre Equipements fabrique des r\u00e9frig\u00e9rants \u00e0 serpentin selon vos besoins. Contactez-nous pour en savoir plus et obtenir un devis sur mesure.","og_url":"https:\/\/www.verre-equipements.fr\/en\/refrigerant-a-serpentin.html","og_site_name":"Verre Equipement Anglais","article_modified_time":"2020-11-08T17:14:59+00:00","twitter_card":"summary_large_image","schema":{"@context":"https:\/\/schema.org","@graph":[{"@type":"WebSite","@id":"https:\/\/www.verre-equipements.fr\/en\/#website","url":"https:\/\/www.verre-equipements.fr\/en\/","name":"Verre Equipement Anglais","description":"Fabrication verrerie laboratoire et industrie","potentialAction":[{"@type":"SearchAction","target":{"@type":"EntryPoint","urlTemplate":"https:\/\/www.verre-equipements.fr\/en\/?s={search_term_string}"},"query-input":"required name=search_term_string"}],"inLanguage":"en-GB"},{"@type":"WebPage","@id":"https:\/\/www.verre-equipements.fr\/en\/refrigerant-a-serpentin.html#webpage","url":"https:\/\/www.verre-equipements.fr\/en\/refrigerant-a-serpentin.html","name":"R\u00e9frig\u00e9rant \u00e0 serpentin, serpentin r\u00e9frig\u00e9rant verre","isPartOf":{"@id":"https:\/\/www.verre-equipements.fr\/en\/#website"},"datePublished":"2015-09-29T15:05:10+00:00","dateModified":"2020-11-08T17:14:59+00:00","description":"Verre Equipements fabrique des r\u00e9frig\u00e9rants \u00e0 serpentin selon vos besoins. Contactez-nous pour en savoir plus et obtenir un devis sur mesure.","breadcrumb":{"@id":"https:\/\/www.verre-equipements.fr\/en\/refrigerant-a-serpentin.html#breadcrumb"},"inLanguage":"en-GB","potentialAction":[{"@type":"ReadAction","target":["https:\/\/www.verre-equipements.fr\/en\/refrigerant-a-serpentin.html"]}]},{"@type":"BreadcrumbList","@id":"https:\/\/www.verre-equipements.fr\/en\/refrigerant-a-serpentin.html#breadcrumb","itemListElement":[{"@type":"ListItem","position":1,"name":"Accueil","item":"https:\/\/www.verre-equipements.fr\/en\/"},{"@type":"ListItem","position":2,"name":"R\u00e9frig\u00e9rant \u00e0 serpentin"}]}]}},"_links":{"self":[{"href":"https:\/\/www.verre-equipements.fr\/en\/wp-json\/wp\/v2\/pages\/842","targetHints":{"allow":["GET"]}}],"collection":[{"href":"https:\/\/www.verre-equipements.fr\/en\/wp-json\/wp\/v2\/pages"}],"about":[{"href":"https:\/\/www.verre-equipements.fr\/en\/wp-json\/wp\/v2\/types\/page"}],"author":[{"embeddable":true,"href":"https:\/\/www.verre-equipements.fr\/en\/wp-json\/wp\/v2\/users\/1"}],"replies":[{"embeddable":true,"href":"https:\/\/www.verre-equipements.fr\/en\/wp-json\/wp\/v2\/comments?post=842"}],"version-history":[{"count":17,"href":"https:\/\/www.verre-equipements.fr\/en\/wp-json\/wp\/v2\/pages\/842\/revisions"}],"predecessor-version":[{"id":863,"href":"https:\/\/www.verre-equipements.fr\/en\/wp-json\/wp\/v2\/pages\/842\/revisions\/863"}],"wp:attachment":[{"href":"https:\/\/www.verre-equipements.fr\/en\/wp-json\/wp\/v2\/media?parent=842"}],"curies":[{"name":"wp","href":"https:\/\/api.w.org\/{rel}","templated":true}]}}