{"id":943,"date":"2015-10-12T16:11:34","date_gmt":"2015-10-12T15:11:34","guid":{"rendered":"https:\/\/www.verre-equipements.fr\/en\/?page_id=943"},"modified":"2020-11-08T16:14:59","modified_gmt":"2020-11-08T15:14:59","slug":"couvercle","status":"publish","type":"page","link":"https:\/\/www.verre-equipements.fr\/en\/couvercle.html","title":{"rendered":"Couvercle de r\u00e9acteur en verre"},"content":{"rendered":"<div  class='flex_column av-av_three_fifth-2a9015ff38129c418a3f2eafba3e9512 av_three_fifth  avia-builder-el-0  el_before_av_two_fifth  avia-builder-el-first  first flex_column_div  '     ><p><div  class='hr av-av_hr-dcd2069817a0e3d34ae04cad8f3443c7 hr-default  avia-builder-el-1  el_before_av_textblock  avia-builder-el-first '><span class='hr-inner '><span class=\"hr-inner-style\"><\/span><\/span><\/div><br \/>\n<section  class='av_textblock_section av-av_textblock-0366cc7376be6c9e82a3e9cc8987b64f '   itemscope=\"itemscope\" itemtype=\"https:\/\/schema.org\/CreativeWork\" ><div class='avia_textblock'  itemprop=\"text\" ><h2>Couvercle de r\u00e9acteur en verre<\/h2>\n<p>Nous vous proposons diff\u00e9rentes tailles de <strong>couvercle de r\u00e9acteur<\/strong> en forme haute, basse ou extraplate.<\/p>\n<ul>\n<li>DN60 \u2013 DN100 \u2013 DN120 \u2013 DN150 \u2013 DN200<\/li>\n<li>NW40 \u2013 NW80<\/li>\n<li>SVL<\/li>\n<li>Moulage sur mesure<\/li>\n<li>Possibilit\u00e9 de souder diff\u00e9rentes connectiques sur le couvercle en verre : Rodages \u2013 GL \/ SVL ou tube droit<\/li>\n<li>Possibilit\u00e9 de <strong>thermostater le couvercle<\/strong> (id\u00e9al pour la cristallographie )<\/li>\n<li><strong>Couvercle auto-centreur<\/strong> qui permet de positionner le couvercle au centre du r\u00e9acteur ce qui am\u00e9liore le centrage de l&#8217;agitation, efficace pour les pales raclantes<\/li>\n<\/ul>\n<p><span class=\"autogen\">\u00a0<\/span><\/p>\n<\/div><\/section><br \/>\n<div  class='hr av-av_hr-dcd2069817a0e3d34ae04cad8f3443c7 hr-default  avia-builder-el-3  el_after_av_textblock  el_before_av_textblock '><span class='hr-inner '><span class=\"hr-inner-style\"><\/span><\/span><\/div><br \/>\n<section  class='av_textblock_section av-av_textblock-0366cc7376be6c9e82a3e9cc8987b64f '   itemscope=\"itemscope\" itemtype=\"https:\/\/schema.org\/CreativeWork\" ><div class='avia_textblock'  itemprop=\"text\" ><p><span style=\"color: #3366ff;\"><a style=\"color: #3366ff;\" href=\"https:\/\/www.verre-equipements.fr\/en\/demande-de-devis.html\">Nous contacter<\/a><\/span><\/p>\n<\/div><\/section><\/p><\/div><div  class='flex_column av-av_two_fifth-b51168870d26eac9084c0e2dc495efe0 av_two_fifth  avia-builder-el-5  el_after_av_three_fifth  avia-builder-el-last  flex_column_div  '     ><style type=\"text\/css\" data-created_by=\"avia_inline_auto\" id=\"style-css-av-av_image-5178297e4d72cef9ebb39c07fdf141b3\">\n.avia-image-container.av-av_image-5178297e4d72cef9ebb39c07fdf141b3 img.avia_image{\nbox-shadow:none;\n}\n.avia-image-container.av-av_image-5178297e4d72cef9ebb39c07fdf141b3 .av-image-caption-overlay-center{\ncolor:#ffffff;\n}\n<\/style>\n<div  class='avia-image-container av-av_image-5178297e4d72cef9ebb39c07fdf141b3 av-styling- avia-align-center  avia-builder-el-6  avia-builder-el-no-sibling '   itemprop=\"image\" itemscope=\"itemscope\" itemtype=\"https:\/\/schema.org\/ImageObject\" ><div class=\"avia-image-container-inner\"><div class=\"avia-image-overlay-wrap\"><img fetchpriority=\"high\" class='wp-image-1041 avia-img-lazy-loading-not-1041 avia_image ' src='https:\/\/www.verre-equipements.fr\/en\/wp-content\/uploads\/sites\/2\/2015\/10\/support-couvercle-reacteur-inox-guide-agitation-verre-equipements.jpg' alt='Couvercle de r\u00e9acteur en verre' title=''  height=\"500\" width=\"422\"  itemprop=\"thumbnailUrl\"  \/><\/div><\/div><\/div><\/div><\/p>\n","protected":false},"excerpt":{"rendered":"","protected":false},"author":1,"featured_media":0,"parent":0,"menu_order":0,"comment_status":"closed","ping_status":"closed","template":"","meta":{"footnotes":""},"class_list":["post-943","page","type-page","status-publish","hentry"],"yoast_head":"<!-- This site is optimized with the Yoast SEO plugin v17.8 - https:\/\/yoast.com\/wordpress\/plugins\/seo\/ -->\n<title>Couvercle de r\u00e9acteur en verre, fabricant couvercle en verre r\u00e9acteur<\/title>\n<meta name=\"description\" content=\"Verre Equipements fabrique des couvercles en verre pour r\u00e9acteur. Nous r\u00e9alisons tous types de couvercles, toutes tailles. Consultez-nous pour un devis.\" \/>\n<meta name=\"robots\" content=\"noindex, follow\" \/>\n<meta property=\"og:locale\" content=\"en_GB\" \/>\n<meta property=\"og:type\" content=\"article\" \/>\n<meta property=\"og:title\" content=\"Couvercle de r\u00e9acteur en verre, fabricant couvercle en verre r\u00e9acteur\" \/>\n<meta property=\"og:description\" content=\"Verre Equipements fabrique des couvercles en verre pour r\u00e9acteur. Nous r\u00e9alisons tous types de couvercles, toutes tailles. Consultez-nous pour un devis.\" \/>\n<meta property=\"og:url\" content=\"https:\/\/www.verre-equipements.fr\/en\/couvercle.html\" \/>\n<meta property=\"og:site_name\" content=\"Verre Equipement Anglais\" \/>\n<meta property=\"article:modified_time\" content=\"2020-11-08T15:14:59+00:00\" \/>\n<meta name=\"twitter:card\" content=\"summary_large_image\" \/>\n<meta name=\"twitter:label1\" content=\"Estimated reading time\" \/>\n\t<meta name=\"twitter:data1\" content=\"1 minute\" \/>\n<script type=\"application\/ld+json\" class=\"yoast-schema-graph\">{\"@context\":\"https:\/\/schema.org\",\"@graph\":[{\"@type\":\"WebSite\",\"@id\":\"https:\/\/www.verre-equipements.fr\/en\/#website\",\"url\":\"https:\/\/www.verre-equipements.fr\/en\/\",\"name\":\"Verre Equipement Anglais\",\"description\":\"Fabrication verrerie laboratoire et industrie\",\"potentialAction\":[{\"@type\":\"SearchAction\",\"target\":{\"@type\":\"EntryPoint\",\"urlTemplate\":\"https:\/\/www.verre-equipements.fr\/en\/?s={search_term_string}\"},\"query-input\":\"required name=search_term_string\"}],\"inLanguage\":\"en-GB\"},{\"@type\":\"WebPage\",\"@id\":\"https:\/\/www.verre-equipements.fr\/en\/couvercle.html#webpage\",\"url\":\"https:\/\/www.verre-equipements.fr\/en\/couvercle.html\",\"name\":\"Couvercle de r\\u00e9acteur en verre, fabricant couvercle en verre r\\u00e9acteur\",\"isPartOf\":{\"@id\":\"https:\/\/www.verre-equipements.fr\/en\/#website\"},\"datePublished\":\"2015-10-12T15:11:34+00:00\",\"dateModified\":\"2020-11-08T15:14:59+00:00\",\"description\":\"Verre Equipements fabrique des couvercles en verre pour r\\u00e9acteur. Nous r\\u00e9alisons tous types de couvercles, toutes tailles. Consultez-nous pour un devis.\",\"breadcrumb\":{\"@id\":\"https:\/\/www.verre-equipements.fr\/en\/couvercle.html#breadcrumb\"},\"inLanguage\":\"en-GB\",\"potentialAction\":[{\"@type\":\"ReadAction\",\"target\":[\"https:\/\/www.verre-equipements.fr\/en\/couvercle.html\"]}]},{\"@type\":\"BreadcrumbList\",\"@id\":\"https:\/\/www.verre-equipements.fr\/en\/couvercle.html#breadcrumb\",\"itemListElement\":[{\"@type\":\"ListItem\",\"position\":1,\"name\":\"Accueil\",\"item\":\"https:\/\/www.verre-equipements.fr\/en\/\"},{\"@type\":\"ListItem\",\"position\":2,\"name\":\"Couvercle de r\\u00e9acteur en verre\"}]}]}<\/script>\n<!-- \/ Yoast SEO plugin. -->","yoast_head_json":{"title":"Couvercle de r\u00e9acteur en verre, fabricant couvercle en verre r\u00e9acteur","description":"Verre Equipements fabrique des couvercles en verre pour r\u00e9acteur. Nous r\u00e9alisons tous types de couvercles, toutes tailles. Consultez-nous pour un devis.","robots":{"index":"noindex","follow":"follow"},"og_locale":"en_GB","og_type":"article","og_title":"Couvercle de r\u00e9acteur en verre, fabricant couvercle en verre r\u00e9acteur","og_description":"Verre Equipements fabrique des couvercles en verre pour r\u00e9acteur. Nous r\u00e9alisons tous types de couvercles, toutes tailles. Consultez-nous pour un devis.","og_url":"https:\/\/www.verre-equipements.fr\/en\/couvercle.html","og_site_name":"Verre Equipement Anglais","article_modified_time":"2020-11-08T15:14:59+00:00","twitter_card":"summary_large_image","twitter_misc":{"Estimated reading time":"1 minute"},"schema":{"@context":"https:\/\/schema.org","@graph":[{"@type":"WebSite","@id":"https:\/\/www.verre-equipements.fr\/en\/#website","url":"https:\/\/www.verre-equipements.fr\/en\/","name":"Verre Equipement Anglais","description":"Fabrication verrerie laboratoire et industrie","potentialAction":[{"@type":"SearchAction","target":{"@type":"EntryPoint","urlTemplate":"https:\/\/www.verre-equipements.fr\/en\/?s={search_term_string}"},"query-input":"required name=search_term_string"}],"inLanguage":"en-GB"},{"@type":"WebPage","@id":"https:\/\/www.verre-equipements.fr\/en\/couvercle.html#webpage","url":"https:\/\/www.verre-equipements.fr\/en\/couvercle.html","name":"Couvercle de r\u00e9acteur en verre, fabricant couvercle en verre r\u00e9acteur","isPartOf":{"@id":"https:\/\/www.verre-equipements.fr\/en\/#website"},"datePublished":"2015-10-12T15:11:34+00:00","dateModified":"2020-11-08T15:14:59+00:00","description":"Verre Equipements fabrique des couvercles en verre pour r\u00e9acteur. Nous r\u00e9alisons tous types de couvercles, toutes tailles. Consultez-nous pour un devis.","breadcrumb":{"@id":"https:\/\/www.verre-equipements.fr\/en\/couvercle.html#breadcrumb"},"inLanguage":"en-GB","potentialAction":[{"@type":"ReadAction","target":["https:\/\/www.verre-equipements.fr\/en\/couvercle.html"]}]},{"@type":"BreadcrumbList","@id":"https:\/\/www.verre-equipements.fr\/en\/couvercle.html#breadcrumb","itemListElement":[{"@type":"ListItem","position":1,"name":"Accueil","item":"https:\/\/www.verre-equipements.fr\/en\/"},{"@type":"ListItem","position":2,"name":"Couvercle de r\u00e9acteur en verre"}]}]}},"_links":{"self":[{"href":"https:\/\/www.verre-equipements.fr\/en\/wp-json\/wp\/v2\/pages\/943","targetHints":{"allow":["GET"]}}],"collection":[{"href":"https:\/\/www.verre-equipements.fr\/en\/wp-json\/wp\/v2\/pages"}],"about":[{"href":"https:\/\/www.verre-equipements.fr\/en\/wp-json\/wp\/v2\/types\/page"}],"author":[{"embeddable":true,"href":"https:\/\/www.verre-equipements.fr\/en\/wp-json\/wp\/v2\/users\/1"}],"replies":[{"embeddable":true,"href":"https:\/\/www.verre-equipements.fr\/en\/wp-json\/wp\/v2\/comments?post=943"}],"version-history":[{"count":6,"href":"https:\/\/www.verre-equipements.fr\/en\/wp-json\/wp\/v2\/pages\/943\/revisions"}],"predecessor-version":[{"id":2239,"href":"https:\/\/www.verre-equipements.fr\/en\/wp-json\/wp\/v2\/pages\/943\/revisions\/2239"}],"wp:attachment":[{"href":"https:\/\/www.verre-equipements.fr\/en\/wp-json\/wp\/v2\/media?parent=943"}],"curies":[{"name":"wp","href":"https:\/\/api.w.org\/{rel}","templated":true}]}}