{"id":978,"date":"2015-11-11T13:28:06","date_gmt":"2015-11-11T12:28:06","guid":{"rendered":"https:\/\/www.verre-equipements.fr\/en\/?page_id=978"},"modified":"2020-11-08T16:11:18","modified_gmt":"2020-11-08T15:11:18","slug":"ballon","status":"publish","type":"page","link":"https:\/\/www.verre-equipements.fr\/en\/ballon.html","title":{"rendered":"Ballon"},"content":{"rendered":"<div  class='flex_column av-av_three_fifth-2a9015ff38129c418a3f2eafba3e9512 av_three_fifth  avia-builder-el-0  el_before_av_two_fifth  avia-builder-el-first  first flex_column_div  '     ><p><div  class='hr av-av_hr-dcd2069817a0e3d34ae04cad8f3443c7 hr-default  avia-builder-el-1  el_before_av_textblock  avia-builder-el-first '><span class='hr-inner '><span class=\"hr-inner-style\"><\/span><\/span><\/div><br \/>\n<section  class='av_textblock_section av-av_textblock-0366cc7376be6c9e82a3e9cc8987b64f '   itemscope=\"itemscope\" itemtype=\"https:\/\/schema.org\/CreativeWork\" ><div class='avia_textblock'  itemprop=\"text\" ><p><span style=\"color: #3366ff;\">Ballons<\/span><br \/>\nLes ballons existent dans diff\u00e9rents volumes : de 5 ml \u00e0 plusieurs litres<\/p>\n<p>Gamme : 5ml, 10, 25, 50, 100, 250, 500, 1000, 2000, 3000, 4000, 5000, 6000, 10 Litres, 20, 50, 100.<\/p>\n<p>Nous vous proposons diff\u00e9rentes gammes de ballons :<\/p>\n<ul>\n<li>\u00a0Ballon fond rond<\/li>\n<li>\u00a0Ballon fond plat<\/li>\n<li>\u00a0Ballon forme poire<\/li>\n<li>\u00a0Ballon pour \u00e9vaporateur rotatif (forte \u00e9paisseur)<\/li>\n<li>Ballon a encoches<\/li>\n<\/ul>\n<p>Chacun de ces ballons peut \u00eatre r\u00e9alis\u00e9 avec des cols inclin\u00e9s ou droits, des rodages, des pas de vis ou tubes droits.<\/p>\n<\/div><\/section><br \/>\n<div  class='hr av-av_hr-dcd2069817a0e3d34ae04cad8f3443c7 hr-default  avia-builder-el-3  el_after_av_textblock  el_before_av_textblock '><span class='hr-inner '><span class=\"hr-inner-style\"><\/span><\/span><\/div><br \/>\n<section  class='av_textblock_section av-av_textblock-0366cc7376be6c9e82a3e9cc8987b64f '   itemscope=\"itemscope\" itemtype=\"https:\/\/schema.org\/CreativeWork\" ><div class='avia_textblock'  itemprop=\"text\" ><p><span style=\"color: #3366ff;\"><a style=\"color: #3366ff;\" href=\"https:\/\/www.verre-equipements.fr\/en\/demande-de-devis.html\">Nous contacter<\/a><\/span><\/p>\n<\/div><\/section><\/p><\/div><div  class='flex_column av-av_two_fifth-b51168870d26eac9084c0e2dc495efe0 av_two_fifth  avia-builder-el-5  el_after_av_three_fifth  avia-builder-el-last  flex_column_div  '     ><\/div><\/p>\n","protected":false},"excerpt":{"rendered":"","protected":false},"author":1,"featured_media":0,"parent":0,"menu_order":0,"comment_status":"closed","ping_status":"closed","template":"","meta":{"footnotes":""},"class_list":["post-978","page","type-page","status-publish","hentry"],"yoast_head":"<!-- This site is optimized with the Yoast SEO plugin v17.8 - https:\/\/yoast.com\/wordpress\/plugins\/seo\/ -->\n<title>Ballon - verre equipements<\/title>\n<meta name=\"description\" content=\"Ballons Les ballons existent dans diff\u00e9rents volumes : de 5 ml \u00e0 plusieurs litres Nous vous proposons diff\u00e9rentes gammes de ballons : - Ballon fond rond - B\" \/>\n<meta name=\"robots\" content=\"noindex, follow\" \/>\n<meta property=\"og:locale\" content=\"en_GB\" \/>\n<meta property=\"og:type\" content=\"article\" \/>\n<meta property=\"og:title\" content=\"Ballon - verre equipements\" \/>\n<meta property=\"og:description\" content=\"Ballons Les ballons existent dans diff\u00e9rents volumes : de 5 ml \u00e0 plusieurs litres Nous vous proposons diff\u00e9rentes gammes de ballons : - Ballon fond rond - B\" \/>\n<meta property=\"og:url\" content=\"https:\/\/www.verre-equipements.fr\/en\/ballon.html\" \/>\n<meta property=\"og:site_name\" content=\"Verre Equipement Anglais\" \/>\n<meta property=\"article:modified_time\" content=\"2020-11-08T15:11:18+00:00\" \/>\n<meta name=\"twitter:card\" content=\"summary_large_image\" \/>\n<meta name=\"twitter:label1\" content=\"Estimated reading time\" \/>\n\t<meta name=\"twitter:data1\" content=\"1 minute\" \/>\n<script type=\"application\/ld+json\" class=\"yoast-schema-graph\">{\"@context\":\"https:\/\/schema.org\",\"@graph\":[{\"@type\":\"WebSite\",\"@id\":\"https:\/\/www.verre-equipements.fr\/en\/#website\",\"url\":\"https:\/\/www.verre-equipements.fr\/en\/\",\"name\":\"Verre Equipement Anglais\",\"description\":\"Fabrication verrerie laboratoire et industrie\",\"potentialAction\":[{\"@type\":\"SearchAction\",\"target\":{\"@type\":\"EntryPoint\",\"urlTemplate\":\"https:\/\/www.verre-equipements.fr\/en\/?s={search_term_string}\"},\"query-input\":\"required name=search_term_string\"}],\"inLanguage\":\"en-GB\"},{\"@type\":\"WebPage\",\"@id\":\"https:\/\/www.verre-equipements.fr\/en\/ballon.html#webpage\",\"url\":\"https:\/\/www.verre-equipements.fr\/en\/ballon.html\",\"name\":\"Ballon - verre equipements\",\"isPartOf\":{\"@id\":\"https:\/\/www.verre-equipements.fr\/en\/#website\"},\"datePublished\":\"2015-11-11T12:28:06+00:00\",\"dateModified\":\"2020-11-08T15:11:18+00:00\",\"description\":\"Ballons Les ballons existent dans diff\\u00e9rents volumes : de 5 ml \\u00e0 plusieurs litres Nous vous proposons diff\\u00e9rentes gammes de ballons : - Ballon fond rond - B\",\"breadcrumb\":{\"@id\":\"https:\/\/www.verre-equipements.fr\/en\/ballon.html#breadcrumb\"},\"inLanguage\":\"en-GB\",\"potentialAction\":[{\"@type\":\"ReadAction\",\"target\":[\"https:\/\/www.verre-equipements.fr\/en\/ballon.html\"]}]},{\"@type\":\"BreadcrumbList\",\"@id\":\"https:\/\/www.verre-equipements.fr\/en\/ballon.html#breadcrumb\",\"itemListElement\":[{\"@type\":\"ListItem\",\"position\":1,\"name\":\"Accueil\",\"item\":\"https:\/\/www.verre-equipements.fr\/en\/\"},{\"@type\":\"ListItem\",\"position\":2,\"name\":\"Ballon\"}]}]}<\/script>\n<!-- \/ Yoast SEO plugin. -->","yoast_head_json":{"title":"Ballon - verre equipements","description":"Ballons Les ballons existent dans diff\u00e9rents volumes : de 5 ml \u00e0 plusieurs litres Nous vous proposons diff\u00e9rentes gammes de ballons : - Ballon fond rond - B","robots":{"index":"noindex","follow":"follow"},"og_locale":"en_GB","og_type":"article","og_title":"Ballon - verre equipements","og_description":"Ballons Les ballons existent dans diff\u00e9rents volumes : de 5 ml \u00e0 plusieurs litres Nous vous proposons diff\u00e9rentes gammes de ballons : - Ballon fond rond - B","og_url":"https:\/\/www.verre-equipements.fr\/en\/ballon.html","og_site_name":"Verre Equipement Anglais","article_modified_time":"2020-11-08T15:11:18+00:00","twitter_card":"summary_large_image","twitter_misc":{"Estimated reading time":"1 minute"},"schema":{"@context":"https:\/\/schema.org","@graph":[{"@type":"WebSite","@id":"https:\/\/www.verre-equipements.fr\/en\/#website","url":"https:\/\/www.verre-equipements.fr\/en\/","name":"Verre Equipement Anglais","description":"Fabrication verrerie laboratoire et industrie","potentialAction":[{"@type":"SearchAction","target":{"@type":"EntryPoint","urlTemplate":"https:\/\/www.verre-equipements.fr\/en\/?s={search_term_string}"},"query-input":"required name=search_term_string"}],"inLanguage":"en-GB"},{"@type":"WebPage","@id":"https:\/\/www.verre-equipements.fr\/en\/ballon.html#webpage","url":"https:\/\/www.verre-equipements.fr\/en\/ballon.html","name":"Ballon - verre equipements","isPartOf":{"@id":"https:\/\/www.verre-equipements.fr\/en\/#website"},"datePublished":"2015-11-11T12:28:06+00:00","dateModified":"2020-11-08T15:11:18+00:00","description":"Ballons Les ballons existent dans diff\u00e9rents volumes : de 5 ml \u00e0 plusieurs litres Nous vous proposons diff\u00e9rentes gammes de ballons : - Ballon fond rond - B","breadcrumb":{"@id":"https:\/\/www.verre-equipements.fr\/en\/ballon.html#breadcrumb"},"inLanguage":"en-GB","potentialAction":[{"@type":"ReadAction","target":["https:\/\/www.verre-equipements.fr\/en\/ballon.html"]}]},{"@type":"BreadcrumbList","@id":"https:\/\/www.verre-equipements.fr\/en\/ballon.html#breadcrumb","itemListElement":[{"@type":"ListItem","position":1,"name":"Accueil","item":"https:\/\/www.verre-equipements.fr\/en\/"},{"@type":"ListItem","position":2,"name":"Ballon"}]}]}},"_links":{"self":[{"href":"https:\/\/www.verre-equipements.fr\/en\/wp-json\/wp\/v2\/pages\/978","targetHints":{"allow":["GET"]}}],"collection":[{"href":"https:\/\/www.verre-equipements.fr\/en\/wp-json\/wp\/v2\/pages"}],"about":[{"href":"https:\/\/www.verre-equipements.fr\/en\/wp-json\/wp\/v2\/types\/page"}],"author":[{"embeddable":true,"href":"https:\/\/www.verre-equipements.fr\/en\/wp-json\/wp\/v2\/users\/1"}],"replies":[{"embeddable":true,"href":"https:\/\/www.verre-equipements.fr\/en\/wp-json\/wp\/v2\/comments?post=978"}],"version-history":[{"count":3,"href":"https:\/\/www.verre-equipements.fr\/en\/wp-json\/wp\/v2\/pages\/978\/revisions"}],"predecessor-version":[{"id":2238,"href":"https:\/\/www.verre-equipements.fr\/en\/wp-json\/wp\/v2\/pages\/978\/revisions\/2238"}],"wp:attachment":[{"href":"https:\/\/www.verre-equipements.fr\/en\/wp-json\/wp\/v2\/media?parent=978"}],"curies":[{"name":"wp","href":"https:\/\/api.w.org\/{rel}","templated":true}]}}