{"id":982,"date":"2015-11-11T13:32:09","date_gmt":"2015-11-11T12:32:09","guid":{"rendered":"https:\/\/www.verre-equipements.fr\/en\/?page_id=982"},"modified":"2020-11-08T16:11:26","modified_gmt":"2020-11-08T15:11:26","slug":"becher","status":"publish","type":"page","link":"https:\/\/www.verre-equipements.fr\/en\/becher.html","title":{"rendered":"Becher"},"content":{"rendered":"<div  class='flex_column av-av_three_fifth-2a9015ff38129c418a3f2eafba3e9512 av_three_fifth  avia-builder-el-0  el_before_av_two_fifth  avia-builder-el-first  first flex_column_div  '     ><p><div  class='hr av-av_hr-dcd2069817a0e3d34ae04cad8f3443c7 hr-default  avia-builder-el-1  el_before_av_textblock  avia-builder-el-first '><span class='hr-inner '><span class=\"hr-inner-style\"><\/span><\/span><\/div><br \/>\n<section  class='av_textblock_section av-av_textblock-0366cc7376be6c9e82a3e9cc8987b64f '   itemscope=\"itemscope\" itemtype=\"https:\/\/schema.org\/CreativeWork\" ><div class='avia_textblock'  itemprop=\"text\" ><h2><span style=\"color: #3366ff;\">Becher :<\/span><\/h2>\n<p>Lorsque la forme des <strong>b\u00e9chers<\/strong> qui vous sont propos\u00e9s en standard ne vous convient pas, nous pouvons les souffler suivant votre demande.<\/p>\n<p>R\u00e9alisations d&#8217;<strong>adaptation de b\u00e9cher<\/strong> :<\/p>\n<ul>\n<li><strong>b\u00e9chers<\/strong> tr\u00e8s haut ou tr\u00e8s plats<\/li>\n<li><strong>b\u00e9chers<\/strong> double enveloppe<\/li>\n<li><strong>b\u00e9chers<\/strong> adiabatiques (argent\u00e9s sous vide)<\/li>\n<li><strong>b\u00e9chers<\/strong> avec des piquages \u00e0 diff\u00e9rents niveaux<\/li>\n<\/ul>\n<\/div><\/section><br \/>\n<div  class='hr av-av_hr-dcd2069817a0e3d34ae04cad8f3443c7 hr-default  avia-builder-el-3  el_after_av_textblock  el_before_av_textblock '><span class='hr-inner '><span class=\"hr-inner-style\"><\/span><\/span><\/div><br \/>\n<section  class='av_textblock_section av-av_textblock-0366cc7376be6c9e82a3e9cc8987b64f '   itemscope=\"itemscope\" itemtype=\"https:\/\/schema.org\/CreativeWork\" ><div class='avia_textblock'  itemprop=\"text\" ><p><span style=\"color: #3366ff;\"><a style=\"color: #3366ff;\" href=\"https:\/\/www.verre-equipements.fr\/en\/demande-de-devis.html\">Nous contacter<\/a><\/span><\/p>\n<\/div><\/section><\/p><\/div><div  class='flex_column av-av_two_fifth-b51168870d26eac9084c0e2dc495efe0 av_two_fifth  avia-builder-el-5  el_after_av_three_fifth  avia-builder-el-last  flex_column_div  '     ><\/div><\/p>\n","protected":false},"excerpt":{"rendered":"","protected":false},"author":1,"featured_media":0,"parent":0,"menu_order":0,"comment_status":"closed","ping_status":"closed","template":"","meta":{"footnotes":""},"class_list":["post-982","page","type-page","status-publish","hentry"],"yoast_head":"<!-- This site is optimized with the Yoast SEO plugin v17.8 - https:\/\/yoast.com\/wordpress\/plugins\/seo\/ -->\n<title>Becher, fabricant becher, becher sur mesure, adaptation becher, becher gradu\u00e9<\/title>\n<meta name=\"description\" content=\"Verre Equipements assure la fabrication de b\u00e9cher sur mesure et l&#039;adaptation de b\u00e9cher standard \u00e0 vos contraintes. Contactez-nous pour en savoir plus.\" \/>\n<meta name=\"robots\" content=\"noindex, follow\" \/>\n<meta property=\"og:locale\" content=\"en_GB\" \/>\n<meta property=\"og:type\" content=\"article\" \/>\n<meta property=\"og:title\" content=\"Becher, fabricant becher, becher sur mesure, adaptation becher, becher gradu\u00e9\" \/>\n<meta property=\"og:description\" content=\"Verre Equipements assure la fabrication de b\u00e9cher sur mesure et l&#039;adaptation de b\u00e9cher standard \u00e0 vos contraintes. Contactez-nous pour en savoir plus.\" \/>\n<meta property=\"og:url\" content=\"https:\/\/www.verre-equipements.fr\/en\/becher.html\" \/>\n<meta property=\"og:site_name\" content=\"Verre Equipement Anglais\" \/>\n<meta property=\"article:modified_time\" content=\"2020-11-08T15:11:26+00:00\" \/>\n<meta name=\"twitter:card\" content=\"summary_large_image\" \/>\n<meta name=\"twitter:label1\" content=\"Estimated reading time\" \/>\n\t<meta name=\"twitter:data1\" content=\"1 minute\" \/>\n<script type=\"application\/ld+json\" class=\"yoast-schema-graph\">{\"@context\":\"https:\/\/schema.org\",\"@graph\":[{\"@type\":\"WebSite\",\"@id\":\"https:\/\/www.verre-equipements.fr\/en\/#website\",\"url\":\"https:\/\/www.verre-equipements.fr\/en\/\",\"name\":\"Verre Equipement Anglais\",\"description\":\"Fabrication verrerie laboratoire et industrie\",\"potentialAction\":[{\"@type\":\"SearchAction\",\"target\":{\"@type\":\"EntryPoint\",\"urlTemplate\":\"https:\/\/www.verre-equipements.fr\/en\/?s={search_term_string}\"},\"query-input\":\"required name=search_term_string\"}],\"inLanguage\":\"en-GB\"},{\"@type\":\"WebPage\",\"@id\":\"https:\/\/www.verre-equipements.fr\/en\/becher.html#webpage\",\"url\":\"https:\/\/www.verre-equipements.fr\/en\/becher.html\",\"name\":\"Becher, fabricant becher, becher sur mesure, adaptation becher, becher gradu\\u00e9\",\"isPartOf\":{\"@id\":\"https:\/\/www.verre-equipements.fr\/en\/#website\"},\"datePublished\":\"2015-11-11T12:32:09+00:00\",\"dateModified\":\"2020-11-08T15:11:26+00:00\",\"description\":\"Verre Equipements assure la fabrication de b\\u00e9cher sur mesure et l'adaptation de b\\u00e9cher standard \\u00e0 vos contraintes. Contactez-nous pour en savoir plus.\",\"breadcrumb\":{\"@id\":\"https:\/\/www.verre-equipements.fr\/en\/becher.html#breadcrumb\"},\"inLanguage\":\"en-GB\",\"potentialAction\":[{\"@type\":\"ReadAction\",\"target\":[\"https:\/\/www.verre-equipements.fr\/en\/becher.html\"]}]},{\"@type\":\"BreadcrumbList\",\"@id\":\"https:\/\/www.verre-equipements.fr\/en\/becher.html#breadcrumb\",\"itemListElement\":[{\"@type\":\"ListItem\",\"position\":1,\"name\":\"Accueil\",\"item\":\"https:\/\/www.verre-equipements.fr\/en\/\"},{\"@type\":\"ListItem\",\"position\":2,\"name\":\"Becher\"}]}]}<\/script>\n<!-- \/ Yoast SEO plugin. -->","yoast_head_json":{"title":"Becher, fabricant becher, becher sur mesure, adaptation becher, becher gradu\u00e9","description":"Verre Equipements assure la fabrication de b\u00e9cher sur mesure et l'adaptation de b\u00e9cher standard \u00e0 vos contraintes. Contactez-nous pour en savoir plus.","robots":{"index":"noindex","follow":"follow"},"og_locale":"en_GB","og_type":"article","og_title":"Becher, fabricant becher, becher sur mesure, adaptation becher, becher gradu\u00e9","og_description":"Verre Equipements assure la fabrication de b\u00e9cher sur mesure et l'adaptation de b\u00e9cher standard \u00e0 vos contraintes. Contactez-nous pour en savoir plus.","og_url":"https:\/\/www.verre-equipements.fr\/en\/becher.html","og_site_name":"Verre Equipement Anglais","article_modified_time":"2020-11-08T15:11:26+00:00","twitter_card":"summary_large_image","twitter_misc":{"Estimated reading time":"1 minute"},"schema":{"@context":"https:\/\/schema.org","@graph":[{"@type":"WebSite","@id":"https:\/\/www.verre-equipements.fr\/en\/#website","url":"https:\/\/www.verre-equipements.fr\/en\/","name":"Verre Equipement Anglais","description":"Fabrication verrerie laboratoire et industrie","potentialAction":[{"@type":"SearchAction","target":{"@type":"EntryPoint","urlTemplate":"https:\/\/www.verre-equipements.fr\/en\/?s={search_term_string}"},"query-input":"required name=search_term_string"}],"inLanguage":"en-GB"},{"@type":"WebPage","@id":"https:\/\/www.verre-equipements.fr\/en\/becher.html#webpage","url":"https:\/\/www.verre-equipements.fr\/en\/becher.html","name":"Becher, fabricant becher, becher sur mesure, adaptation becher, becher gradu\u00e9","isPartOf":{"@id":"https:\/\/www.verre-equipements.fr\/en\/#website"},"datePublished":"2015-11-11T12:32:09+00:00","dateModified":"2020-11-08T15:11:26+00:00","description":"Verre Equipements assure la fabrication de b\u00e9cher sur mesure et l'adaptation de b\u00e9cher standard \u00e0 vos contraintes. Contactez-nous pour en savoir plus.","breadcrumb":{"@id":"https:\/\/www.verre-equipements.fr\/en\/becher.html#breadcrumb"},"inLanguage":"en-GB","potentialAction":[{"@type":"ReadAction","target":["https:\/\/www.verre-equipements.fr\/en\/becher.html"]}]},{"@type":"BreadcrumbList","@id":"https:\/\/www.verre-equipements.fr\/en\/becher.html#breadcrumb","itemListElement":[{"@type":"ListItem","position":1,"name":"Accueil","item":"https:\/\/www.verre-equipements.fr\/en\/"},{"@type":"ListItem","position":2,"name":"Becher"}]}]}},"_links":{"self":[{"href":"https:\/\/www.verre-equipements.fr\/en\/wp-json\/wp\/v2\/pages\/982","targetHints":{"allow":["GET"]}}],"collection":[{"href":"https:\/\/www.verre-equipements.fr\/en\/wp-json\/wp\/v2\/pages"}],"about":[{"href":"https:\/\/www.verre-equipements.fr\/en\/wp-json\/wp\/v2\/types\/page"}],"author":[{"embeddable":true,"href":"https:\/\/www.verre-equipements.fr\/en\/wp-json\/wp\/v2\/users\/1"}],"replies":[{"embeddable":true,"href":"https:\/\/www.verre-equipements.fr\/en\/wp-json\/wp\/v2\/comments?post=982"}],"version-history":[{"count":3,"href":"https:\/\/www.verre-equipements.fr\/en\/wp-json\/wp\/v2\/pages\/982\/revisions"}],"predecessor-version":[{"id":2237,"href":"https:\/\/www.verre-equipements.fr\/en\/wp-json\/wp\/v2\/pages\/982\/revisions\/2237"}],"wp:attachment":[{"href":"https:\/\/www.verre-equipements.fr\/en\/wp-json\/wp\/v2\/media?parent=982"}],"curies":[{"name":"wp","href":"https:\/\/api.w.org\/{rel}","templated":true}]}}